{"id":9946,"date":"2021-02-25T18:45:50","date_gmt":"2021-02-25T17:45:50","guid":{"rendered":"https:\/\/studiokoncept.se\/?post_type=product&#038;p=9946"},"modified":"2025-05-31T21:59:38","modified_gmt":"2025-05-31T19:59:38","slug":"rel-acoustics-arrow-wireless","status":"publish","type":"product","link":"https:\/\/studiokoncept.se\/fr\/shop\/hogtalare\/subwoofers\/rel-acoustics-arrow-wireless\/","title":{"rendered":"Rel Acoustics Arrow Wireless"},"content":{"rendered":"<p><h3><\/h3><\/p>","protected":false},"excerpt":{"rendered":"<p>Arrow Wireless est sp\u00e9cialement con\u00e7u pour la s\u00e9rie T\/i de Rel Acoustics. L'\u00e9metteur re\u00e7oit son signal de l'amplificateur (de sorte que votre caisson de basse et vos enceintes re\u00e7oivent exactement le m\u00eame signal). Le r\u00e9cepteur se trouve \u00e0 c\u00f4t\u00e9 de votre caisson de basse T\/i. Le syst\u00e8me est op\u00e9rationnel en 10 secondes.<br \/>\nArrow permet la transmission simultan\u00e9e d'un signal de haut niveau pour la st\u00e9r\u00e9o et .1\/LFE n\u00e9cessaire pour un syst\u00e8me de home cin\u00e9ma de haute qualit\u00e9.<br \/>\nVoir le manuel ci-dessous. <\/p>","protected":false},"featured_media":9945,"template":"","meta":[],"product_brand":[],"product_cat":[321],"product_tag":[],"class_list":{"0":"post-9946","1":"product","2":"type-product","3":"status-publish","4":"has-post-thumbnail","6":"product_cat-subwoofers","7":"product_shipping_class-standard","9":"first","10":"instock","11":"taxable","12":"shipping-taxable","13":"purchasable","14":"product-type-simple"},"bundled_by":[],"bundle_stock_status":"instock","bundle_stock_quantity":null,"bundle_virtual":false,"bundle_layout":"","bundle_add_to_cart_form_location":"","bundle_editable_in_cart":false,"bundle_sold_individually_context":"","bundle_item_grouping":"","bundle_min_size":"","bundle_max_size":"","bundle_price":[],"bundled_items":[],"bundle_sell_ids":[],"_links":{"self":[{"href":"https:\/\/studiokoncept.se\/fr\/wp-json\/wp\/v2\/product\/9946","targetHints":{"allow":["GET"]}}],"collection":[{"href":"https:\/\/studiokoncept.se\/fr\/wp-json\/wp\/v2\/product"}],"about":[{"href":"https:\/\/studiokoncept.se\/fr\/wp-json\/wp\/v2\/types\/product"}],"version-history":[{"count":0,"href":"https:\/\/studiokoncept.se\/fr\/wp-json\/wp\/v2\/product\/9946\/revisions"}],"wp:featuredmedia":[{"embeddable":true,"href":"https:\/\/studiokoncept.se\/fr\/wp-json\/wp\/v2\/media\/9945"}],"wp:attachment":[{"href":"https:\/\/studiokoncept.se\/fr\/wp-json\/wp\/v2\/media?parent=9946"}],"wp:term":[{"taxonomy":"product_brand","embeddable":true,"href":"https:\/\/studiokoncept.se\/fr\/wp-json\/wp\/v2\/product_brand?post=9946"},{"taxonomy":"product_cat","embeddable":true,"href":"https:\/\/studiokoncept.se\/fr\/wp-json\/wp\/v2\/product_cat?post=9946"},{"taxonomy":"product_tag","embeddable":true,"href":"https:\/\/studiokoncept.se\/fr\/wp-json\/wp\/v2\/product_tag?post=9946"}],"curies":[{"name":"wp","href":"https:\/\/api.w.org\/{rel}","templated":true}]}}