{"id":9870,"date":"2021-02-20T19:24:57","date_gmt":"2021-02-20T18:24:57","guid":{"rendered":"https:\/\/studiokoncept.se\/?post_type=product&#038;p=9870"},"modified":"2025-03-01T13:50:06","modified_gmt":"2025-03-01T12:50:06","slug":"neotech-nemoi-3220-signalkabel-xlr-koppar","status":"publish","type":"product","link":"https:\/\/studiokoncept.se\/fr\/produkt\/neotech-nemoi-3220-signalkabel-xlr-koppar\/","title":{"rendered":"Neotech Nemoi-3220 C\u00e2ble de signal XLR en cuivre"},"content":{"rendered":"<p><h3><\/h3><\/p>","protected":false},"excerpt":{"rendered":"<p><h3>Parfait pour ceux qui cherchent un bon c\u00e2ble XLR de base<\/h3>.<\/p>\n<p>Un c\u00e2ble sym\u00e9trique avec connecteurs XLR de la s\u00e9rie 3220 de Neotech avec des conducteurs rectangulaires. Une s\u00e9rie qui est vraiment bonne, surtout si l'on consid\u00e8re le prix ! Ici, en cuivre.<\/p>\n<p>OBS ! L'isolation en t\u00e9flon est formidable, mais n\u00e9cessite un long temps d'enregistrement avant de produire son plein effet.<\/p>","protected":false},"featured_media":0,"template":"","meta":[],"product_brand":[],"product_cat":[169,630],"product_tag":[],"class_list":{"0":"post-9870","1":"product","2":"type-product","3":"status-publish","5":"product_cat-kablar","6":"product_cat-xlr-balanserade-signalkablar","7":"product_shipping_class-standard","9":"first","10":"instock","11":"taxable","12":"shipping-taxable","13":"purchasable","14":"product-type-variable","15":"has-default-attributes"},"bundled_by":[],"bundle_stock_status":"instock","bundle_stock_quantity":null,"bundle_virtual":false,"bundle_layout":"","bundle_add_to_cart_form_location":"","bundle_editable_in_cart":false,"bundle_sold_individually_context":"","bundle_item_grouping":"","bundle_min_size":"","bundle_max_size":"","bundle_price":[],"bundled_items":[],"bundle_sell_ids":[],"_links":{"self":[{"href":"https:\/\/studiokoncept.se\/fr\/wp-json\/wp\/v2\/product\/9870","targetHints":{"allow":["GET"]}}],"collection":[{"href":"https:\/\/studiokoncept.se\/fr\/wp-json\/wp\/v2\/product"}],"about":[{"href":"https:\/\/studiokoncept.se\/fr\/wp-json\/wp\/v2\/types\/product"}],"version-history":[{"count":0,"href":"https:\/\/studiokoncept.se\/fr\/wp-json\/wp\/v2\/product\/9870\/revisions"}],"wp:attachment":[{"href":"https:\/\/studiokoncept.se\/fr\/wp-json\/wp\/v2\/media?parent=9870"}],"wp:term":[{"taxonomy":"product_brand","embeddable":true,"href":"https:\/\/studiokoncept.se\/fr\/wp-json\/wp\/v2\/product_brand?post=9870"},{"taxonomy":"product_cat","embeddable":true,"href":"https:\/\/studiokoncept.se\/fr\/wp-json\/wp\/v2\/product_cat?post=9870"},{"taxonomy":"product_tag","embeddable":true,"href":"https:\/\/studiokoncept.se\/fr\/wp-json\/wp\/v2\/product_tag?post=9870"}],"curies":[{"name":"wp","href":"https:\/\/api.w.org\/{rel}","templated":true}]}}