{"id":9850,"date":"2021-02-20T17:53:34","date_gmt":"2021-02-20T16:53:34","guid":{"rendered":"https:\/\/studiokoncept.se\/?post_type=product&#038;p=9850"},"modified":"2025-03-01T13:51:51","modified_gmt":"2025-03-01T12:51:51","slug":"neotech-nemoi-1220-signalkabel-rca-silver","status":"publish","type":"product","link":"https:\/\/studiokoncept.se\/fr\/produkt\/neotech-nemoi-1220-signalkabel-rca-silver\/","title":{"rendered":"Neotech Nemoi-1220 C\u00e2ble de signal RCA argent\u00e9"},"content":{"rendered":"<p><h3><\/h3><\/p>","protected":false},"excerpt":{"rendered":"<p>Un c\u00e2ble de signal argent\u00e9 de la s\u00e9rie Nemois 1220 de Neotech avec des conducteurs rectangulaires. Une s\u00e9rie qui est vraiment bonne dans n'importe quelle gamme de prix et surtout si vous consid\u00e9rez le prix !<\/p>\n<p>OBS ! L'isolation en t\u00e9flon est formidable, mais n\u00e9cessite un long temps d'enregistrement avant de produire son plein effet.<\/p>\n<p><strong>Prix par paire<\/strong><\/p>","protected":false},"featured_media":9842,"template":"","meta":[],"product_brand":[],"product_cat":[686,169,630],"product_tag":[],"class_list":{"0":"post-9850","1":"product","2":"type-product","3":"status-publish","4":"has-post-thumbnail","6":"product_cat-analoga-kablar","7":"product_cat-kablar","8":"product_cat-xlr-balanserade-signalkablar","9":"product_shipping_class-standard","11":"first","12":"instock","13":"taxable","14":"shipping-taxable","15":"purchasable","16":"product-type-variable","17":"has-default-attributes"},"bundled_by":[],"bundle_stock_status":"instock","bundle_stock_quantity":null,"bundle_virtual":false,"bundle_layout":"","bundle_add_to_cart_form_location":"","bundle_editable_in_cart":false,"bundle_sold_individually_context":"","bundle_item_grouping":"","bundle_min_size":"","bundle_max_size":"","bundle_price":[],"bundled_items":[],"bundle_sell_ids":[],"_links":{"self":[{"href":"https:\/\/studiokoncept.se\/fr\/wp-json\/wp\/v2\/product\/9850","targetHints":{"allow":["GET"]}}],"collection":[{"href":"https:\/\/studiokoncept.se\/fr\/wp-json\/wp\/v2\/product"}],"about":[{"href":"https:\/\/studiokoncept.se\/fr\/wp-json\/wp\/v2\/types\/product"}],"version-history":[{"count":0,"href":"https:\/\/studiokoncept.se\/fr\/wp-json\/wp\/v2\/product\/9850\/revisions"}],"wp:featuredmedia":[{"embeddable":true,"href":"https:\/\/studiokoncept.se\/fr\/wp-json\/wp\/v2\/media\/9842"}],"wp:attachment":[{"href":"https:\/\/studiokoncept.se\/fr\/wp-json\/wp\/v2\/media?parent=9850"}],"wp:term":[{"taxonomy":"product_brand","embeddable":true,"href":"https:\/\/studiokoncept.se\/fr\/wp-json\/wp\/v2\/product_brand?post=9850"},{"taxonomy":"product_cat","embeddable":true,"href":"https:\/\/studiokoncept.se\/fr\/wp-json\/wp\/v2\/product_cat?post=9850"},{"taxonomy":"product_tag","embeddable":true,"href":"https:\/\/studiokoncept.se\/fr\/wp-json\/wp\/v2\/product_tag?post=9850"}],"curies":[{"name":"wp","href":"https:\/\/api.w.org\/{rel}","templated":true}]}}