{"id":9779,"date":"2021-02-11T13:43:59","date_gmt":"2021-02-11T12:43:59","guid":{"rendered":"https:\/\/studiokoncept.se\/?post_type=product&#038;p=9779"},"modified":"2023-09-06T14:38:55","modified_gmt":"2023-09-06T12:38:55","slug":"ifi-audio-44-44-mm-kabel","status":"publish","type":"product","link":"https:\/\/studiokoncept.se\/fr\/produkt\/ifi-audio-44-44-mm-kabel\/","title":{"rendered":"C\u00e2ble Ifi Audio 4.4 - 4.4 mm"},"content":{"rendered":"<p><h4>Le c\u00e2ble iFi Audio 4.4 - 4.4 Pentaconn est un c\u00e2ble d'interconnexion de qualit\u00e9 audiophile con\u00e7u pour les composants sym\u00e9triques.<\/h4><br \/>\n Voici quelques-unes de ses principales caract\u00e9ristiques :<\/p>\n<p>- Construction : Le c\u00e2ble utilise des conducteurs lourds OFHC (Oxygen-Free High Conductivity) en cuivre coul\u00e9 en continu et une matrice en argent d'une \u00e9paisseur totale de 14AWG pour une meilleure transmission du signal. Le c\u00e2ble a une conception en spirale personnalis\u00e9e (appel\u00e9e minZ\u2122) qui minimise \u00e0 la fois la capacit\u00e9 et l'inductance.<\/p>\n<p>- Blindage : le c\u00e2ble dispose d'un blindage int\u00e9gr\u00e9 gr\u00e2ce \u00e0 la conception h\u00e9lico\u00efdale minZ\u2122. Ce blindage prot\u00e8ge le c\u00e2ble des bruits RFI (interf\u00e9rences de fr\u00e9quence radio) et EMI (interf\u00e9rences \u00e9lectromagn\u00e9tiques), offrant ainsi le support de transmission le plus propre possible.<\/p>\n<p>- Isolation : L'isolation suppl\u00e9mentaire du c\u00e2ble est assur\u00e9e par l'utilisation d'un polym\u00e8re HD (60P) conforme \u00e0 la directive RoHS, dot\u00e9 d'excellentes propri\u00e9t\u00e9s di\u00e9lectriques et super souple, avec une r\u00e9sistance aux \u00e9tincelles de 1500 V CA.<\/p>\n<p>- Mat\u00e9riau : Le c\u00e2ble est compos\u00e9 de cuivre sans oxyg\u00e8ne 4N pour une conductivit\u00e9 et une r\u00e9sistance \u00e0 la corrosion optimales et d'argent pur platine 5N pour un effet de peau minimal et une transmission impeccable du signal audio.<\/p>\n<p>- Protection et connexion : Le c\u00e2ble est blind\u00e9 et tress\u00e9 pour une faible r\u00e9sistance \u00e0 la terre. Il utilise le propre connecteur \u00e0 surface lisse d'iFi et des bords en cuivre coup\u00e9s \u00e0 un angle aigu pour prot\u00e9ger la prise 4.4 et prolonger sa dur\u00e9e de vie. Il y a \u00e9galement un rebord sur\u00e9lev\u00e9 de 1 mm pour une connexion pr\u00e9cise.<\/p>","protected":false},"excerpt":{"rendered":"<p><h4>Appariement de produits avec des connecteurs Pentaconn 4,4mm - 4,4mm<\/h4><br \/>\nC\u00e2ble sym\u00e9trique IFi Audio avec connecteurs Pentaconn 4,4 mm - 4,4 mm. Il est sp\u00e9cialement con\u00e7u pour coupler les produits ayant une conception sym\u00e9trique tels que le ZEN DAC et le ZEN CAN via les nouveaux connecteurs Pentaconn.<\/p>\n<p>Longueur : 300 mm.<\/p>","protected":false},"featured_media":9778,"template":"","meta":[],"product_brand":[],"product_cat":[164],"product_tag":[],"class_list":{"0":"post-9779","1":"product","2":"type-product","3":"status-publish","4":"has-post-thumbnail","6":"product_cat-dac","7":"product_shipping_class-standard","9":"first","10":"instock","11":"taxable","12":"shipping-taxable","13":"purchasable","14":"product-type-simple"},"bundled_by":[],"bundle_stock_status":"instock","bundle_stock_quantity":null,"bundle_virtual":false,"bundle_layout":"","bundle_add_to_cart_form_location":"","bundle_editable_in_cart":false,"bundle_sold_individually_context":"","bundle_item_grouping":"","bundle_min_size":"","bundle_max_size":"","bundle_price":[],"bundled_items":[],"bundle_sell_ids":[],"_links":{"self":[{"href":"https:\/\/studiokoncept.se\/fr\/wp-json\/wp\/v2\/product\/9779","targetHints":{"allow":["GET"]}}],"collection":[{"href":"https:\/\/studiokoncept.se\/fr\/wp-json\/wp\/v2\/product"}],"about":[{"href":"https:\/\/studiokoncept.se\/fr\/wp-json\/wp\/v2\/types\/product"}],"version-history":[{"count":0,"href":"https:\/\/studiokoncept.se\/fr\/wp-json\/wp\/v2\/product\/9779\/revisions"}],"wp:featuredmedia":[{"embeddable":true,"href":"https:\/\/studiokoncept.se\/fr\/wp-json\/wp\/v2\/media\/9778"}],"wp:attachment":[{"href":"https:\/\/studiokoncept.se\/fr\/wp-json\/wp\/v2\/media?parent=9779"}],"wp:term":[{"taxonomy":"product_brand","embeddable":true,"href":"https:\/\/studiokoncept.se\/fr\/wp-json\/wp\/v2\/product_brand?post=9779"},{"taxonomy":"product_cat","embeddable":true,"href":"https:\/\/studiokoncept.se\/fr\/wp-json\/wp\/v2\/product_cat?post=9779"},{"taxonomy":"product_tag","embeddable":true,"href":"https:\/\/studiokoncept.se\/fr\/wp-json\/wp\/v2\/product_tag?post=9779"}],"curies":[{"name":"wp","href":"https:\/\/api.w.org\/{rel}","templated":true}]}}