{"id":9724,"date":"2021-02-04T19:19:03","date_gmt":"2021-02-04T18:19:03","guid":{"rendered":"https:\/\/studiokoncept.se\/?post_type=product&#038;p=9724"},"modified":"2025-03-01T13:53:19","modified_gmt":"2025-03-01T12:53:19","slug":"neotech-natverkskabel-neet-3008-koppar","status":"publish","type":"product","link":"https:\/\/studiokoncept.se\/fr\/shop\/kablar\/digitala-kablar\/natverkskablar\/neotech-natverkskabel-neet-3008-koppar\/","title":{"rendered":"C\u00e2ble r\u00e9seau Neotech NEET-3008 Cuivre"},"content":{"rendered":"<p><h3><\/h3><\/p>","protected":false},"excerpt":{"rendered":"<p>Le NEET-1008 de Neotech est un c\u00e2ble r\u00e9seau vraiment s\u00e9rieux, fabriqu\u00e9 en cuivre UP-OCC (technologie monocristalline), et fait partie des meilleurs que vous pouvez trouver sur le march\u00e9.<\/p>\n<ul>\n<li>UP-OCC Conducteurs en cuivre<\/li>\n<li>23AWG X 4 Conducteurs<\/li>\n<li>Poly\u00e9thyl\u00e8ne haute densit\u00e9<\/li>\n<li>Triple isolation<\/li>\n<li>Contact m\u00e9tallique RJ45<\/li>\n<\/ul>","protected":false},"featured_media":9707,"template":"","meta":[],"product_brand":[],"product_cat":[494],"product_tag":[],"class_list":{"0":"post-9724","1":"product","2":"type-product","3":"status-publish","4":"has-post-thumbnail","6":"product_cat-natverkskablar","7":"product_shipping_class-standard","9":"first","10":"instock","11":"taxable","12":"shipping-taxable","13":"purchasable","14":"product-type-variable","15":"has-default-attributes"},"bundled_by":[],"bundle_stock_status":"instock","bundle_stock_quantity":null,"bundle_virtual":false,"bundle_layout":"","bundle_add_to_cart_form_location":"","bundle_editable_in_cart":false,"bundle_sold_individually_context":"","bundle_item_grouping":"","bundle_min_size":"","bundle_max_size":"","bundle_price":[],"bundled_items":[],"bundle_sell_ids":[],"_links":{"self":[{"href":"https:\/\/studiokoncept.se\/fr\/wp-json\/wp\/v2\/product\/9724","targetHints":{"allow":["GET"]}}],"collection":[{"href":"https:\/\/studiokoncept.se\/fr\/wp-json\/wp\/v2\/product"}],"about":[{"href":"https:\/\/studiokoncept.se\/fr\/wp-json\/wp\/v2\/types\/product"}],"version-history":[{"count":0,"href":"https:\/\/studiokoncept.se\/fr\/wp-json\/wp\/v2\/product\/9724\/revisions"}],"wp:featuredmedia":[{"embeddable":true,"href":"https:\/\/studiokoncept.se\/fr\/wp-json\/wp\/v2\/media\/9707"}],"wp:attachment":[{"href":"https:\/\/studiokoncept.se\/fr\/wp-json\/wp\/v2\/media?parent=9724"}],"wp:term":[{"taxonomy":"product_brand","embeddable":true,"href":"https:\/\/studiokoncept.se\/fr\/wp-json\/wp\/v2\/product_brand?post=9724"},{"taxonomy":"product_cat","embeddable":true,"href":"https:\/\/studiokoncept.se\/fr\/wp-json\/wp\/v2\/product_cat?post=9724"},{"taxonomy":"product_tag","embeddable":true,"href":"https:\/\/studiokoncept.se\/fr\/wp-json\/wp\/v2\/product_tag?post=9724"}],"curies":[{"name":"wp","href":"https:\/\/api.w.org\/{rel}","templated":true}]}}