{"id":9591,"date":"2021-01-21T18:44:23","date_gmt":"2021-01-21T17:44:23","guid":{"rendered":"https:\/\/studiokoncept.se\/?post_type=product&#038;p=9591"},"modified":"2023-09-06T14:42:04","modified_gmt":"2023-09-06T12:42:04","slug":"ifi-audio-ipower-elite","status":"publish","type":"product","link":"https:\/\/studiokoncept.se\/fr\/produkt\/ifi-audio-ipower-elite\/","title":{"rendered":"Ifi Audio iPower Elite"},"content":{"rendered":"<p>iFi audio iPower Elite est une alimentation r\u00e9volutionnaire con\u00e7ue pour les passionn\u00e9s d'audio qui veulent obtenir une qualit\u00e9 sonore optimale de leurs appareils. Gr\u00e2ce \u00e0 sa technologie avanc\u00e9e et \u00e0 son design haut de gamme, l'iPower Elite est un produit qui fait passer votre exp\u00e9rience d'\u00e9coute au niveau sup\u00e9rieur.<\/p>\n<p>L'une des caract\u00e9ristiques les plus remarquables de l'iPower Elite est son plancher de bruit extr\u00eamement bas, inf\u00e9rieur \u00e0 1uV. Ce r\u00e9sultat est obtenu gr\u00e2ce \u00e0 l'utilisation d'Active Noise Cancellation II, une technologie bas\u00e9e sur l'\u00e9quipement militaire qui annule activement tous les bruits entrants. Elle g\u00e9n\u00e8re un signal identique \u00e0 l'interf\u00e9rence \u00e9lectrique entrante mais dans la phase oppos\u00e9e, la neutralisant activement. Cette technologie est tr\u00e8s efficace pour \u00e9liminer les bruits de basse et moyenne fr\u00e9quence, tandis que les filtres isolants passifs traitent les interf\u00e9rences de plus haute fr\u00e9quence. Cette combinaison est nettement plus efficace pour \u00e9liminer le bruit qui corrompt le signal USB que les dispositifs qui s'appuient uniquement sur le filtrage passif.<\/p>\n<p>Sous le ch\u00e2ssis profil\u00e9 en aluminium de qualit\u00e9 a\u00e9ronautique se cache une technologie puissante. Un contr\u00f4leur multimode adaptatif haute performance de 60 W, optimis\u00e9 pour un rendement \u00e9lev\u00e9, une faible consommation en veille et une conception sans bruit, est au c\u0153ur de l'iPower Elite. En outre, il utilise une technologie de d\u00e9calage de fr\u00e9quence pour obtenir d'excellentes performances en mati\u00e8re d'EMI. Une augmentation de 400% de la capacit\u00e9 de l'alimentation pour le contr\u00f4leur multimode adaptatif, un MOSFET de puissance surdimensionn\u00e9, un transformateur \u00e0 faible fuite et un circuit imprim\u00e9 con\u00e7u pour les radiofr\u00e9quences contribuent \u00e0 ses performances exceptionnelles.<\/p>\n<p>La conception et les sp\u00e9cifications de l'iPower Elite sont aussi impressionnantes que sa technologie. Outre le plancher de bruit ultra bas d\u00e9j\u00e0 mentionn\u00e9, il dispose d'un circuit sp\u00e9cial pour un plancher de bruit tr\u00e8s silencieux qui utilise des composants soigneusement s\u00e9lectionn\u00e9s. Le ch\u00e2ssis unibody en aluminium est dot\u00e9 d'un dissipateur thermique int\u00e9gr\u00e9 qui permet \u00e0 l'appareil de rester froid pendant son fonctionnement.<\/p>\n<p>L'iPower Elite est id\u00e9ale pour alimenter les \u00e9quipements co\u00fbteux. De nombreux appareils haut de gamme sont \u00e9quip\u00e9s d'alimentations g\u00e9n\u00e9riques, ce qui est comparable \u00e0 l'utilisation d'un carburant de supermarch\u00e9 dans une Ferrari. L'iPower Elite est con\u00e7u pour fournir une alimentation douce et silencieuse qui donne \u00e0 votre streamer\/DAC\/amplificateur toute la puissance silencieuse et propre d'une batterie, mais sans les inconv\u00e9nients.<\/p>\n<p>Compatible avec presque tous les appareils aliment\u00e9s en courant continu et disponible en 5, 12, 15 et 24 volts, l'iPower Elite jette les bases d'une exp\u00e9rience audio plus attrayante pour tous vos appareils aliment\u00e9s en courant continu.<\/p>\n<p>Si vous recherchez une alimentation qui tienne compte \u00e0 la fois des performances techniques et de la qualit\u00e9 du son, l'iFi audio iPower Elite est le choix qui s'impose.<\/p>","protected":false},"excerpt":{"rendered":"<p>L'iFi audio iPower Elite est une alimentation qui fournit une puissance propre et silencieuse, parfaite pour votre syst\u00e8me audio de haute qualit\u00e9. Aussi silencieux qu'une batterie, mais sans les inconv\u00e9nients. Elle est bas\u00e9e sur une technologie militaire avec une annulation active du bruit qui \u00e9limine efficacement les interf\u00e9rences. La conception int\u00e8gre des technologies de haute performance telles qu'un contr\u00f4leur multimode adaptatif de 60 W et une technologie de d\u00e9calage de fr\u00e9quence pour d'excellentes performances EMI. L'iPower Elite peut \u00eatre utilis\u00e9 avec presque tous les appareils aliment\u00e9s en courant continu et est disponible en 5, 12, 15 et 24 volts.<\/p>","protected":false},"featured_media":9586,"template":"","meta":[],"product_brand":[],"product_cat":[164,163],"product_tag":[],"class_list":{"0":"post-9591","1":"product","2":"type-product","3":"status-publish","4":"has-post-thumbnail","6":"product_cat-dac","7":"product_cat-horlursforstarkare","8":"product_shipping_class-standard","10":"first","11":"instock","12":"taxable","13":"shipping-taxable","14":"purchasable","15":"product-type-variable"},"bundled_by":[],"bundle_stock_status":"instock","bundle_stock_quantity":null,"bundle_virtual":false,"bundle_layout":"","bundle_add_to_cart_form_location":"","bundle_editable_in_cart":false,"bundle_sold_individually_context":"","bundle_item_grouping":"","bundle_min_size":"","bundle_max_size":"","bundle_price":[],"bundled_items":[],"bundle_sell_ids":[],"_links":{"self":[{"href":"https:\/\/studiokoncept.se\/fr\/wp-json\/wp\/v2\/product\/9591","targetHints":{"allow":["GET"]}}],"collection":[{"href":"https:\/\/studiokoncept.se\/fr\/wp-json\/wp\/v2\/product"}],"about":[{"href":"https:\/\/studiokoncept.se\/fr\/wp-json\/wp\/v2\/types\/product"}],"version-history":[{"count":0,"href":"https:\/\/studiokoncept.se\/fr\/wp-json\/wp\/v2\/product\/9591\/revisions"}],"wp:featuredmedia":[{"embeddable":true,"href":"https:\/\/studiokoncept.se\/fr\/wp-json\/wp\/v2\/media\/9586"}],"wp:attachment":[{"href":"https:\/\/studiokoncept.se\/fr\/wp-json\/wp\/v2\/media?parent=9591"}],"wp:term":[{"taxonomy":"product_brand","embeddable":true,"href":"https:\/\/studiokoncept.se\/fr\/wp-json\/wp\/v2\/product_brand?post=9591"},{"taxonomy":"product_cat","embeddable":true,"href":"https:\/\/studiokoncept.se\/fr\/wp-json\/wp\/v2\/product_cat?post=9591"},{"taxonomy":"product_tag","embeddable":true,"href":"https:\/\/studiokoncept.se\/fr\/wp-json\/wp\/v2\/product_tag?post=9591"}],"curies":[{"name":"wp","href":"https:\/\/api.w.org\/{rel}","templated":true}]}}