{"id":9045,"date":"2021-07-19T20:49:37","date_gmt":"2021-07-19T18:49:37","guid":{"rendered":"https:\/\/studiokoncept.se\/?post_type=product&#038;p=9045"},"modified":"2023-07-08T10:17:40","modified_gmt":"2023-07-08T08:17:40","slug":"gold-note-vasari-gold","status":"publish","type":"product","link":"https:\/\/studiokoncept.se\/fr\/produkt\/gold-note-vasari-gold\/","title":{"rendered":"Gold Note Vasari <br>Or"},"content":{"rendered":"<p><h3><\/h3><\/p>","protected":false},"excerpt":{"rendered":"<h3>Le Vasari Gold de Gold Note est une excellente entr\u00e9e dans le monde de l'audiophilie.<\/h3>\n<p>La conception innovante des micros Vasari, r\u00e9alis\u00e9e par mod\u00e9lisation informatique, a \u00e9t\u00e9 d\u00e9velopp\u00e9e pour atteindre les performances maximales des micros MM.<br \/>\nSa structure \u00e0 fort amortissement, r\u00e9alis\u00e9e \u00e0 partir de mat\u00e9riaux de premi\u00e8re qualit\u00e9, et son tube d'aiguille en aluminium ultra-rigide font du Vasari un superbe tracker qui permet \u00e0 l'aiguille diamant\u00e9e d'extraire toutes les informations accessibles de la piste vinyle.<\/p>","protected":false},"featured_media":9046,"template":"","meta":[],"product_brand":[],"product_cat":[317],"product_tag":[810],"class_list":{"0":"post-9045","1":"product","2":"type-product","3":"status-publish","4":"has-post-thumbnail","6":"product_cat-pickuper","7":"product_tag-gold-note-vasari-gold","8":"product_shipping_class-standard","10":"first","11":"instock","12":"taxable","13":"shipping-taxable","14":"purchasable","15":"product-type-simple"},"bundled_by":[],"bundle_stock_status":"instock","bundle_stock_quantity":null,"bundle_virtual":false,"bundle_layout":"","bundle_add_to_cart_form_location":"","bundle_editable_in_cart":false,"bundle_sold_individually_context":"","bundle_item_grouping":"","bundle_min_size":"","bundle_max_size":"","bundle_price":[],"bundled_items":[],"bundle_sell_ids":[],"_links":{"self":[{"href":"https:\/\/studiokoncept.se\/fr\/wp-json\/wp\/v2\/product\/9045","targetHints":{"allow":["GET"]}}],"collection":[{"href":"https:\/\/studiokoncept.se\/fr\/wp-json\/wp\/v2\/product"}],"about":[{"href":"https:\/\/studiokoncept.se\/fr\/wp-json\/wp\/v2\/types\/product"}],"version-history":[{"count":0,"href":"https:\/\/studiokoncept.se\/fr\/wp-json\/wp\/v2\/product\/9045\/revisions"}],"wp:featuredmedia":[{"embeddable":true,"href":"https:\/\/studiokoncept.se\/fr\/wp-json\/wp\/v2\/media\/9046"}],"wp:attachment":[{"href":"https:\/\/studiokoncept.se\/fr\/wp-json\/wp\/v2\/media?parent=9045"}],"wp:term":[{"taxonomy":"product_brand","embeddable":true,"href":"https:\/\/studiokoncept.se\/fr\/wp-json\/wp\/v2\/product_brand?post=9045"},{"taxonomy":"product_cat","embeddable":true,"href":"https:\/\/studiokoncept.se\/fr\/wp-json\/wp\/v2\/product_cat?post=9045"},{"taxonomy":"product_tag","embeddable":true,"href":"https:\/\/studiokoncept.se\/fr\/wp-json\/wp\/v2\/product_tag?post=9045"}],"curies":[{"name":"wp","href":"https:\/\/api.w.org\/{rel}","templated":true}]}}