{"id":8577,"date":"2020-08-04T00:15:07","date_gmt":"2020-08-03T22:15:07","guid":{"rendered":"https:\/\/studiokoncept.se\/?post_type=product&#038;p=8577"},"modified":"2023-09-06T14:44:01","modified_gmt":"2023-09-06T12:44:01","slug":"ifi-audio-zen-can-horlursforstarkare-med-rabatterade-tillbehor","status":"publish","type":"product","link":"https:\/\/studiokoncept.se\/fr\/shop\/elektronik\/horlursforstarkare\/ifi-audio-zen-can-horlursforstarkare-med-rabatterade-tillbehor\/","title":{"rendered":"Amplificateur de casque Ifi Audio Zen Can"},"content":{"rendered":"<p><h3><\/h3><\/p>","protected":false},"excerpt":{"rendered":"<p>Zen Can d'Ifi Audio est un produit enti\u00e8rement analogique et sym\u00e9trique avec des circuits discrets de classe A provenant du produit phare d'Ifi. <a href=\"https:\/\/studiokoncept.se\/fr\/produit\/ifi-audio-pro-ican\/\" target=\"_blank\" rel=\"noopener noreferrer\">Pro iCAN<\/a>.<br \/>\nIl dispose d'un circuit sonore 3D sp\u00e9cial qui offre une image sonore sc\u00e9nique en face de vous et non au milieu de votre t\u00eate comme d'habitude, sans coloration ni perte de r\u00e9solution.<br \/>\nDes circuits enti\u00e8rement analogiques sans manipulation num\u00e9rique complexe !<br \/>\nXBass compense le manque de qualit\u00e9 des basses des casques. 4 niveaux de gain.<br \/>\nSorties : 1 Pentaconn 4.4mm sym\u00e9trique, voir ci-dessous pour le c\u00e2ble correspondant, et un 6.3mm.<br \/>\nEntr\u00e9es : 1 Pentaconn 4,4mm \u00e9quilibr\u00e9, 1 Single-Ended 3,5mm et 1 RCA.<\/p>\n<p>Je recommande fortement de mettre \u00e0 niveau avec l'alimentation Ifis iPower X, voir ci-dessous.<\/p>\n<p>Cliquez sur les boutons radio pour plus d'informations.<\/p>","protected":false},"featured_media":8576,"template":"","meta":[],"product_brand":[],"product_cat":[163],"product_tag":[],"class_list":{"0":"post-8577","1":"product","2":"type-product","3":"status-publish","4":"has-post-thumbnail","6":"product_cat-horlursforstarkare","7":"product_shipping_class-standard","9":"first","10":"instock","11":"taxable","12":"shipping-taxable","13":"purchasable","14":"product-type-simple"},"bundled_by":[],"bundle_stock_status":"instock","bundle_stock_quantity":null,"bundle_virtual":false,"bundle_layout":"","bundle_add_to_cart_form_location":"","bundle_editable_in_cart":false,"bundle_sold_individually_context":"","bundle_item_grouping":"","bundle_min_size":"","bundle_max_size":"","bundle_price":[],"bundled_items":[],"bundle_sell_ids":[],"_links":{"self":[{"href":"https:\/\/studiokoncept.se\/fr\/wp-json\/wp\/v2\/product\/8577","targetHints":{"allow":["GET"]}}],"collection":[{"href":"https:\/\/studiokoncept.se\/fr\/wp-json\/wp\/v2\/product"}],"about":[{"href":"https:\/\/studiokoncept.se\/fr\/wp-json\/wp\/v2\/types\/product"}],"version-history":[{"count":0,"href":"https:\/\/studiokoncept.se\/fr\/wp-json\/wp\/v2\/product\/8577\/revisions"}],"wp:featuredmedia":[{"embeddable":true,"href":"https:\/\/studiokoncept.se\/fr\/wp-json\/wp\/v2\/media\/8576"}],"wp:attachment":[{"href":"https:\/\/studiokoncept.se\/fr\/wp-json\/wp\/v2\/media?parent=8577"}],"wp:term":[{"taxonomy":"product_brand","embeddable":true,"href":"https:\/\/studiokoncept.se\/fr\/wp-json\/wp\/v2\/product_brand?post=8577"},{"taxonomy":"product_cat","embeddable":true,"href":"https:\/\/studiokoncept.se\/fr\/wp-json\/wp\/v2\/product_cat?post=8577"},{"taxonomy":"product_tag","embeddable":true,"href":"https:\/\/studiokoncept.se\/fr\/wp-json\/wp\/v2\/product_tag?post=8577"}],"curies":[{"name":"wp","href":"https:\/\/api.w.org\/{rel}","templated":true}]}}