{"id":8424,"date":"2022-01-10T22:20:04","date_gmt":"2022-01-10T21:20:04","guid":{"rendered":"https:\/\/studiokoncept.se\/?post_type=product&#038;p=8424"},"modified":"2023-05-24T16:59:36","modified_gmt":"2023-05-24T14:59:36","slug":"entreq-k2-jordningsprodukt","status":"publish","type":"product","link":"https:\/\/studiokoncept.se\/fr\/produkt\/entreq-k2-jordningsprodukt\/","title":{"rendered":"Entreq K2"},"content":{"rendered":"<p><h3><\/h3><\/p>","protected":false},"excerpt":{"rendered":"<p>Au dos de chaque bo\u00eete de mise \u00e0 la terre se trouve au moins une vis \u00e0 bois avec laquelle la cosse du c\u00e2ble de mise \u00e0 la terre est viss\u00e9e. Cette vis \u00e0 bois est remplac\u00e9e par K2.<\/p>\n<p>Vous pouvez modifier les bo\u00eetes de terre en ajoutant le m\u00e9lange m\u00e9tallique, qui dans ce cas est K2. Le m\u00e9lange m\u00e9tallique de K2 a une signature sombre et calme.<\/p>\n<p>&nbsp;<\/p>","protected":false},"featured_media":8425,"template":"","meta":[],"product_brand":[],"product_cat":[189,597],"product_tag":[712],"class_list":{"0":"post-8424","1":"product","2":"type-product","3":"status-publish","4":"has-post-thumbnail","6":"product_cat-entreq-jordlador","7":"product_cat-jordobxar-aldre-modeller","8":"product_tag-entreq-jordboxar-tweak","9":"product_shipping_class-standard","11":"first","12":"instock","13":"taxable","14":"shipping-taxable","15":"purchasable","16":"product-type-simple"},"bundled_by":[],"bundle_stock_status":"instock","bundle_stock_quantity":null,"bundle_virtual":false,"bundle_layout":"","bundle_add_to_cart_form_location":"","bundle_editable_in_cart":false,"bundle_sold_individually_context":"","bundle_item_grouping":"","bundle_min_size":"","bundle_max_size":"","bundle_price":[],"bundled_items":[],"bundle_sell_ids":[],"_links":{"self":[{"href":"https:\/\/studiokoncept.se\/fr\/wp-json\/wp\/v2\/product\/8424","targetHints":{"allow":["GET"]}}],"collection":[{"href":"https:\/\/studiokoncept.se\/fr\/wp-json\/wp\/v2\/product"}],"about":[{"href":"https:\/\/studiokoncept.se\/fr\/wp-json\/wp\/v2\/types\/product"}],"version-history":[{"count":0,"href":"https:\/\/studiokoncept.se\/fr\/wp-json\/wp\/v2\/product\/8424\/revisions"}],"wp:featuredmedia":[{"embeddable":true,"href":"https:\/\/studiokoncept.se\/fr\/wp-json\/wp\/v2\/media\/8425"}],"wp:attachment":[{"href":"https:\/\/studiokoncept.se\/fr\/wp-json\/wp\/v2\/media?parent=8424"}],"wp:term":[{"taxonomy":"product_brand","embeddable":true,"href":"https:\/\/studiokoncept.se\/fr\/wp-json\/wp\/v2\/product_brand?post=8424"},{"taxonomy":"product_cat","embeddable":true,"href":"https:\/\/studiokoncept.se\/fr\/wp-json\/wp\/v2\/product_cat?post=8424"},{"taxonomy":"product_tag","embeddable":true,"href":"https:\/\/studiokoncept.se\/fr\/wp-json\/wp\/v2\/product_tag?post=8424"}],"curies":[{"name":"wp","href":"https:\/\/api.w.org\/{rel}","templated":true}]}}