{"id":8112,"date":"2021-07-19T21:19:36","date_gmt":"2021-07-19T19:19:36","guid":{"rendered":"https:\/\/studiokoncept.se\/?post_type=product&#038;p=8112"},"modified":"2025-01-27T06:35:11","modified_gmt":"2025-01-27T05:35:11","slug":"gold-note-mediterraneo-komposit","status":"publish","type":"product","link":"https:\/\/studiokoncept.se\/fr\/shop\/vinyl\/skivspelare\/gold-note-mediterraneo-komposit\/","title":{"rendered":"Gold Note Mediterraneo"},"content":{"rendered":"<p>Un pur produit haut de gamme en provenance d'Italie Inspir\u00e9e par son h\u00e9ritage italien, la platine Mediterraneo allie beaut\u00e9 et perfection technique en un instrument unique pour le plaisir de la musique. C'est l'ode de Gold Note \u00e0 la passion musicale et \u00e0 la d\u00e9votion pour le vinyle. Le socle incurv\u00e9 de 60 mm d'\u00e9paisseur est bas\u00e9 sur la courbe cat\u00e9naire, un concept tr\u00e8s efficace d\u00e9velopp\u00e9 par les joueurs de la Renaissance, Michelangelo Buonarroti et Galileo Galilei. Fabriqu\u00e9 en noyer italien, le ch\u00e2ssis b\u00e9n\u00e9ficie des qualit\u00e9s de ces mat\u00e9riaux nobles : \u00e9lasticit\u00e9 exceptionnelle, r\u00e9sistance et haute densit\u00e9. La structure du triple socle est renforc\u00e9e par un disque convaincant de 20 mm en acrylique poli et un disque de 3 mm d'\u00e9paisseur en acier inoxydable, afin d'am\u00e9liorer sa qualit\u00e9 d'amortissement et sa stabilit\u00e9 exceptionnelles. La base en bois repose sur trois pointes en aluminium anodis\u00e9 \u00e9l\u00e9gamment fa\u00e7onn\u00e9es et r\u00e9glables. La plaque de haute pr\u00e9cision de 45 mm d'\u00e9paisseur en POM haute densit\u00e9 est entra\u00een\u00e9e par une courroie et aliment\u00e9e par un syst\u00e8me de contr\u00f4le propri\u00e9taire d\u00e9velopp\u00e9 sur un microcontr\u00f4leur Quadral-Core, compl\u00e9t\u00e9 par un transducteur audio. Le contr\u00f4leur de puissance reconstruit l'onde CA pour piloter parfaitement le moteur synchrone de 12 V, en \u00e9liminant les vibrations tout en am\u00e9liorant son couple, afin d'offrir la plus grande dynamique et les d\u00e9tails les plus fins. L'unit\u00e9 d'alimentation contr\u00f4le \u00e9lectroniquement les modes 33\u2153rpm et 45rpm ainsi que le r\u00e9glage fin de la vitesse, et stocke tous les r\u00e9glages en m\u00e9moire. Le Mediterraneo est dot\u00e9 d'un palier et d'un axe de 80 mm de long, fabriqu\u00e9s en acier au carbone rectifi\u00e9 le plus dur afin d'obtenir des conditions de travail parfaites. Le syst\u00e8me de roulement est en bronze, ce qui garantit une rotation du disque en douceur.<\/p>","protected":false},"excerpt":{"rendered":"<h4>Une exp\u00e9rience bouleversante<\/h4><br \/>\nMatcha Mediterraneo avec pickup Gold Notes <a href=\"https:\/\/studiokoncept.se\/fr\/?s=tuscany+gold&amp;post_type=product&amp;product_cat=0\" target=\"_blank\" rel=\"noopener\">Toscane Or<\/a> et l'alimentation s\u00e9par\u00e9e du Gold Note <a href=\"https:\/\/studiokoncept.se\/fr\/shop\/elektronik\/separat-natdel\/gold-note-pst-10\/\" target=\"_blank\" rel=\"noopener\">PST-10<\/a> (les deux peuvent \u00eatre achet\u00e9s \u00e0 un prix r\u00e9duit ci-dessous) et vous vivrez une exp\u00e9rience musicale sans pr\u00e9c\u00e9dent. D\u00e8s que vous entrez dans la salle, vous \u00eates submerg\u00e9 par la vie musicale vibrante et la combinaison hypnotique de la r\u00e9solution dans l'espace et le temps.<\/p>","protected":false},"featured_media":6671,"template":"","meta":[],"product_brand":[],"product_cat":[320],"product_tag":[813],"class_list":{"0":"post-8112","1":"product","2":"type-product","3":"status-publish","4":"has-post-thumbnail","6":"product_cat-skivspelare","7":"product_tag-gold-note-mediterraneo","8":"product_shipping_class-standard","10":"first","11":"instock","12":"taxable","13":"shipping-taxable","14":"purchasable","15":"product-type-variable","16":"has-default-attributes"},"bundled_by":[],"bundle_stock_status":"instock","bundle_stock_quantity":null,"bundle_virtual":false,"bundle_layout":"","bundle_add_to_cart_form_location":"","bundle_editable_in_cart":false,"bundle_sold_individually_context":"","bundle_item_grouping":"","bundle_min_size":"","bundle_max_size":"","bundle_price":[],"bundled_items":[],"bundle_sell_ids":[],"_links":{"self":[{"href":"https:\/\/studiokoncept.se\/fr\/wp-json\/wp\/v2\/product\/8112","targetHints":{"allow":["GET"]}}],"collection":[{"href":"https:\/\/studiokoncept.se\/fr\/wp-json\/wp\/v2\/product"}],"about":[{"href":"https:\/\/studiokoncept.se\/fr\/wp-json\/wp\/v2\/types\/product"}],"version-history":[{"count":0,"href":"https:\/\/studiokoncept.se\/fr\/wp-json\/wp\/v2\/product\/8112\/revisions"}],"wp:featuredmedia":[{"embeddable":true,"href":"https:\/\/studiokoncept.se\/fr\/wp-json\/wp\/v2\/media\/6671"}],"wp:attachment":[{"href":"https:\/\/studiokoncept.se\/fr\/wp-json\/wp\/v2\/media?parent=8112"}],"wp:term":[{"taxonomy":"product_brand","embeddable":true,"href":"https:\/\/studiokoncept.se\/fr\/wp-json\/wp\/v2\/product_brand?post=8112"},{"taxonomy":"product_cat","embeddable":true,"href":"https:\/\/studiokoncept.se\/fr\/wp-json\/wp\/v2\/product_cat?post=8112"},{"taxonomy":"product_tag","embeddable":true,"href":"https:\/\/studiokoncept.se\/fr\/wp-json\/wp\/v2\/product_tag?post=8112"}],"curies":[{"name":"wp","href":"https:\/\/api.w.org\/{rel}","templated":true}]}}