{"id":8021,"date":"2021-07-19T23:49:56","date_gmt":"2021-07-19T21:49:56","guid":{"rendered":"https:\/\/studiokoncept.se\/?post_type=product&#038;p=8021"},"modified":"2025-01-26T13:35:40","modified_gmt":"2025-01-26T12:35:40","slug":"gold-note-psu-10-evonatdel-for-ds-10-plus","status":"publish","type":"product","link":"https:\/\/studiokoncept.se\/fr\/produkt\/gold-note-psu-10-evonatdel-for-ds-10-plus\/","title":{"rendered":"Gold Note PSU-10 EVO"},"content":{"rendered":"<p>Le Gold Note PSU-10 EVO est un bloc d'alimentation externe \u00e0 la pointe de la technologie qui \u00e9l\u00e8ve la qualit\u00e9 sonore des appareils Gold Note compatibles \u00e0 un niveau sup\u00e9rieur. Il est sp\u00e9cialement con\u00e7u pour optimiser les performances des composants \u00e9lectroniques Gold Note, tels que le DAC DS-10 EVO et l'amplificateur de casque HP-10, en fournissant une alimentation extr\u00eamement stable et propre.<\/p>\n<p>Gr\u00e2ce \u00e0 une conception sophistiqu\u00e9e et \u00e0 des technologies avanc\u00e9es telles qu'un circuit quadri-inductif, la PSU-10 EVO garantit un minimum de bruit \u00e9lectrique et d'interf\u00e9rences. Il en r\u00e9sulte une exp\u00e9rience audio consid\u00e9rablement am\u00e9lior\u00e9e avec une dynamique accrue, des basses plus profondes, plus de d\u00e9tails et une sc\u00e8ne sonore plus naturelle.<\/p>\n<p>Fabriqu\u00e9 en Italie, le PSU-10 EVO Gold Note refl\u00e8te l'engagement de l'entreprise en mati\u00e8re de design esth\u00e9tique et d'innovation technologique. Sa construction robuste et ses composants de haute qualit\u00e9 en font un accessoire indispensable pour les audiophiles s\u00e9rieux qui cherchent \u00e0 maximiser le potentiel de leur \u00e9quipement audio. Que vous \u00e9coutiez de la musique classique, du jazz ou des productions modernes, le PSU-10 EVO fera ressortir le meilleur de chaque note.<\/p>","protected":false},"excerpt":{"rendered":"<p>Le Gold Note PSU-10 EVO est un bloc d'alimentation externe avanc\u00e9 con\u00e7u pour maximiser les performances des appareils suivants <a href=\"https:\/\/studiokoncept.se\/fr\/shop\/elektronik\/integrerade-forstarkare\/gold-note-ds-10-evo\/\" target=\"_blank\" rel=\"noopener\">Gold Note DS-10 EVO<\/a> et <a href=\"https:\/\/studiokoncept.se\/fr\/shop\/elektronik\/horlursforstarkare\/gold-note-hp-10-horlursforstarkare\/\" target=\"_blank\" rel=\"noopener\">Gold Note Amplificateur de casque HP-10<\/a>.<\/p>\n<p>Avec une architecture sophistiqu\u00e9e et un niveau de bruit exceptionnellement bas, le PSU-10 EVO offre une dynamique am\u00e9lior\u00e9e, de meilleurs d\u00e9tails et une sc\u00e8ne sonore plus nette. Il associe l'ing\u00e9nierie italienne \u00e0 des mat\u00e9riaux de qualit\u00e9 sup\u00e9rieure pour porter votre exp\u00e9rience musicale vers de nouveaux sommets. Id\u00e9al pour les audiophiles \u00e0 la recherche de la perfection.<\/p>","protected":false},"featured_media":8010,"template":"","meta":[],"product_brand":[],"product_cat":[302],"product_tag":[814],"class_list":{"0":"post-8021","1":"product","2":"type-product","3":"status-publish","4":"has-post-thumbnail","6":"product_cat-separat-natdel","7":"product_tag-gold-note-psu-10","8":"product_shipping_class-standard","10":"first","11":"instock","12":"taxable","13":"shipping-taxable","14":"purchasable","15":"product-type-variable"},"bundled_by":[],"bundle_stock_status":"instock","bundle_stock_quantity":null,"bundle_virtual":false,"bundle_layout":"","bundle_add_to_cart_form_location":"","bundle_editable_in_cart":false,"bundle_sold_individually_context":"","bundle_item_grouping":"","bundle_min_size":"","bundle_max_size":"","bundle_price":[],"bundled_items":[],"bundle_sell_ids":[],"_links":{"self":[{"href":"https:\/\/studiokoncept.se\/fr\/wp-json\/wp\/v2\/product\/8021","targetHints":{"allow":["GET"]}}],"collection":[{"href":"https:\/\/studiokoncept.se\/fr\/wp-json\/wp\/v2\/product"}],"about":[{"href":"https:\/\/studiokoncept.se\/fr\/wp-json\/wp\/v2\/types\/product"}],"version-history":[{"count":0,"href":"https:\/\/studiokoncept.se\/fr\/wp-json\/wp\/v2\/product\/8021\/revisions"}],"wp:featuredmedia":[{"embeddable":true,"href":"https:\/\/studiokoncept.se\/fr\/wp-json\/wp\/v2\/media\/8010"}],"wp:attachment":[{"href":"https:\/\/studiokoncept.se\/fr\/wp-json\/wp\/v2\/media?parent=8021"}],"wp:term":[{"taxonomy":"product_brand","embeddable":true,"href":"https:\/\/studiokoncept.se\/fr\/wp-json\/wp\/v2\/product_brand?post=8021"},{"taxonomy":"product_cat","embeddable":true,"href":"https:\/\/studiokoncept.se\/fr\/wp-json\/wp\/v2\/product_cat?post=8021"},{"taxonomy":"product_tag","embeddable":true,"href":"https:\/\/studiokoncept.se\/fr\/wp-json\/wp\/v2\/product_tag?post=8021"}],"curies":[{"name":"wp","href":"https:\/\/api.w.org\/{rel}","templated":true}]}}