{"id":7721,"date":"2020-06-18T21:51:43","date_gmt":"2020-06-18T19:51:43","guid":{"rendered":"https:\/\/studiokoncept.se\/?post_type=product&#038;p=7721"},"modified":"2024-09-11T16:57:28","modified_gmt":"2024-09-11T14:57:28","slug":"ifi-audioipower-xnatdel","status":"publish","type":"product","link":"https:\/\/studiokoncept.se\/fr\/produkt\/ifi-audioipower-xnatdel\/","title":{"rendered":"Alimentation Ifi Audio iPower X"},"content":{"rendered":"<p><h3><\/h3><\/p>","protected":false},"excerpt":{"rendered":"<p>TEST ! Ifi\u00a0<b>iPower X<\/b>\u00a0le 20% fournit plus de courant et d'amp\u00e8res que son pr\u00e9d\u00e9cesseur et peut donc traiter plus de produits. Broches interchangeables pour un fonctionnement international. Active Noise Cancellation II \u00e9limine tout bruit EMI ou RFI entrant. Il s'agit de la m\u00eame technologie utilis\u00e9e dans les casques antibruit qui, par exemple, dans un avion, \u00e9liminent le bruit de la cabine. L'Ifi iPower X devient ainsi votre alimentation \u00e9lectrique ! Il est \u00e9galement fourni avec un adaptateur n\u00e9gatif central pour les p\u00e9dales des guitaristes afin de g\u00e9rer l'alimentation et de ne pas risquer de tomber en panne de batterie. Une mise \u00e0 niveau puissante pour tout produit d'alimentation Ifi. Mais aussi pour les lampes LED, par exemple, afin de r\u00e9duire le scintillement.<\/p>","protected":false},"featured_media":7718,"template":"","meta":[],"product_brand":[],"product_cat":[302,294],"product_tag":[],"class_list":{"0":"post-7721","1":"product","2":"type-product","3":"status-publish","4":"has-post-thumbnail","6":"product_cat-separat-natdel","7":"product_cat-stromrening","8":"product_shipping_class-standard","10":"first","11":"instock","12":"taxable","13":"shipping-taxable","14":"purchasable","15":"product-type-variable"},"bundled_by":[],"bundle_stock_status":"instock","bundle_stock_quantity":null,"bundle_virtual":false,"bundle_layout":"","bundle_add_to_cart_form_location":"","bundle_editable_in_cart":false,"bundle_sold_individually_context":"","bundle_item_grouping":"","bundle_min_size":"","bundle_max_size":"","bundle_price":[],"bundled_items":[],"bundle_sell_ids":[],"_links":{"self":[{"href":"https:\/\/studiokoncept.se\/fr\/wp-json\/wp\/v2\/product\/7721","targetHints":{"allow":["GET"]}}],"collection":[{"href":"https:\/\/studiokoncept.se\/fr\/wp-json\/wp\/v2\/product"}],"about":[{"href":"https:\/\/studiokoncept.se\/fr\/wp-json\/wp\/v2\/types\/product"}],"version-history":[{"count":0,"href":"https:\/\/studiokoncept.se\/fr\/wp-json\/wp\/v2\/product\/7721\/revisions"}],"wp:featuredmedia":[{"embeddable":true,"href":"https:\/\/studiokoncept.se\/fr\/wp-json\/wp\/v2\/media\/7718"}],"wp:attachment":[{"href":"https:\/\/studiokoncept.se\/fr\/wp-json\/wp\/v2\/media?parent=7721"}],"wp:term":[{"taxonomy":"product_brand","embeddable":true,"href":"https:\/\/studiokoncept.se\/fr\/wp-json\/wp\/v2\/product_brand?post=7721"},{"taxonomy":"product_cat","embeddable":true,"href":"https:\/\/studiokoncept.se\/fr\/wp-json\/wp\/v2\/product_cat?post=7721"},{"taxonomy":"product_tag","embeddable":true,"href":"https:\/\/studiokoncept.se\/fr\/wp-json\/wp\/v2\/product_tag?post=7721"}],"curies":[{"name":"wp","href":"https:\/\/api.w.org\/{rel}","templated":true}]}}