{"id":6818,"date":"2021-07-19T21:09:00","date_gmt":"2021-07-19T19:09:00","guid":{"rendered":"https:\/\/studiokoncept.se\/?post_type=product&#038;p=6818"},"modified":"2025-01-26T09:28:20","modified_gmt":"2025-01-26T08:28:20","slug":"gold-note-b-7-ceramic","status":"publish","type":"product","link":"https:\/\/studiokoncept.se\/fr\/shop\/vinyl\/tonarmar\/gold-note-b-7-ceramic\/","title":{"rendered":"Gold Note B-7 Tonearm en c\u00e9ramique"},"content":{"rendered":"<div class=\"col-md-6 mb-5 no_margin_mobile no_padding\">\n<div class=\"h-100\">\n<div class=\"card-body no_padding_left\">\n<p>FONCTIONNALIT\u00c9 SANS BRUIT<\/p>\n<p>Un bras de lecture parfaitement con\u00e7u doit donner le meilleur de lui-m\u00eame \u00e0 chaque prise de son, en offrant une installation et une utilisation faciles, comme le fait le B-7 Ceramic. Soigneusement fabriqu\u00e9 \u00e0 la main en Italie et sp\u00e9cialement con\u00e7u pour permettre \u00e0 la cartouche phono de plonger profond\u00e9ment dans le vinyle. Le remarquable bras de lecture B-7 Ceramic de Gold Note donne vie \u00e0 la performance audio la plus naturelle et la plus d\u00e9taill\u00e9e possible.<\/p>\n<p>Le B-7 Ceramic est \u00e9quip\u00e9 de roulements \u00e0 billes en c\u00e9ramique de haute pr\u00e9cision fabriqu\u00e9s en Allemagne par GRW - exclusivement pour Gold Note. Ils sont trait\u00e9s et scell\u00e9s de mani\u00e8re unique afin de pr\u00e9server leur int\u00e9grit\u00e9 et leur extr\u00eame pr\u00e9cision, un facteur crucial pour assurer un fonctionnement silencieux, vous permettant de profiter de chaque nuance de vos disques comme jamais auparavant.<\/p>\n<p>MAT\u00c9RIAU<\/p>\n<p>La longueur effective du B-7 Ceramics de 242 mm avec un surplomb de 19 mm le rend facile \u00e0 installer sur n'importe quelle platine. Avec un contrepoids en acier inoxydable finement usin\u00e9, il offre un r\u00e9glage parfait de l'accord pour pratiquement n'importe quelle t\u00eate de lecture phono. Des poids suppl\u00e9mentaires sont disponibles en option pour les t\u00eates de lecture de masse sup\u00e9rieure.<\/p>\n<p>Fabriqu\u00e9 en aluminium, c\u00e9ramique et titane, le B-7 Ceramic est notre mod\u00e8le de bras de lecture phare, indispensable pour tirer le meilleur parti de toute platine haut de gamme.<\/p>\n<\/div>\n<\/div>\n<\/div>","protected":false},"excerpt":{"rendered":"<h3>Ce bras de lecture est le choix naturel pour ceux qui veulent tirer le meilleur parti de leur platine Gold Note.<\/h3>\n<p>Obs. Pickup non inclus.<\/p>\n<p><strong>Pour en savoir plus, consultez les onglets ci-dessous<\/strong><\/p>","protected":false},"featured_media":6817,"template":"","meta":[],"product_brand":[],"product_cat":[319],"product_tag":[823],"class_list":{"0":"post-6818","1":"product","2":"type-product","3":"status-publish","4":"has-post-thumbnail","6":"product_cat-tonarmar","7":"product_tag-gold-note-b-7-ceramic","8":"product_shipping_class-standard","10":"first","11":"instock","12":"taxable","13":"shipping-taxable","14":"purchasable","15":"product-type-simple"},"bundled_by":[],"bundle_stock_status":"instock","bundle_stock_quantity":null,"bundle_virtual":false,"bundle_layout":"","bundle_add_to_cart_form_location":"","bundle_editable_in_cart":false,"bundle_sold_individually_context":"","bundle_item_grouping":"","bundle_min_size":"","bundle_max_size":"","bundle_price":[],"bundled_items":[],"bundle_sell_ids":[],"_links":{"self":[{"href":"https:\/\/studiokoncept.se\/fr\/wp-json\/wp\/v2\/product\/6818","targetHints":{"allow":["GET"]}}],"collection":[{"href":"https:\/\/studiokoncept.se\/fr\/wp-json\/wp\/v2\/product"}],"about":[{"href":"https:\/\/studiokoncept.se\/fr\/wp-json\/wp\/v2\/types\/product"}],"version-history":[{"count":0,"href":"https:\/\/studiokoncept.se\/fr\/wp-json\/wp\/v2\/product\/6818\/revisions"}],"wp:featuredmedia":[{"embeddable":true,"href":"https:\/\/studiokoncept.se\/fr\/wp-json\/wp\/v2\/media\/6817"}],"wp:attachment":[{"href":"https:\/\/studiokoncept.se\/fr\/wp-json\/wp\/v2\/media?parent=6818"}],"wp:term":[{"taxonomy":"product_brand","embeddable":true,"href":"https:\/\/studiokoncept.se\/fr\/wp-json\/wp\/v2\/product_brand?post=6818"},{"taxonomy":"product_cat","embeddable":true,"href":"https:\/\/studiokoncept.se\/fr\/wp-json\/wp\/v2\/product_cat?post=6818"},{"taxonomy":"product_tag","embeddable":true,"href":"https:\/\/studiokoncept.se\/fr\/wp-json\/wp\/v2\/product_tag?post=6818"}],"curies":[{"name":"wp","href":"https:\/\/api.w.org\/{rel}","templated":true}]}}