{"id":6815,"date":"2021-07-19T21:08:35","date_gmt":"2021-07-19T19:08:35","guid":{"rendered":"https:\/\/studiokoncept.se\/?post_type=product&#038;p=6815"},"modified":"2025-01-26T13:41:05","modified_gmt":"2025-01-26T12:41:05","slug":"gold-note-b-5-1","status":"publish","type":"product","link":"https:\/\/studiokoncept.se\/fr\/shop\/vinyl\/tonarmar\/gold-note-b-5-1\/","title":{"rendered":"Le bras de lecture Gold Note B-5.1"},"content":{"rendered":"<p>Le B-5.1 est un \u00e9l\u00e9gant bras de lecture haute performance enti\u00e8rement con\u00e7u et fabriqu\u00e9 \u00e0 la main en Italie avec la plus grande attention aux d\u00e9tails afin d'atteindre une pr\u00e9cision maximale et de fournir les meilleurs r\u00e9sultats audio.<\/p>\n<p>Le B-5.1 est aliment\u00e9 par des micro roulements \u00e0 billes de haute pr\u00e9cision fabriqu\u00e9s en Allemagne par GRW - exclusivement pour Gold Note - scell\u00e9s et emball\u00e9s pour pr\u00e9server leur parfaite int\u00e9grit\u00e9.<\/p>\n<p>La longueur effective du B-5.1 de 242 mm avec un surplomb de 19 mm permet de l'installer facilement sur n'importe quelle platine.<\/p>\n<p>EFFICACE ET PR\u00c9CIS<\/p>\n<p>Le bras de lecture est dot\u00e9 d'un double contrepoids pour un r\u00e9glage parfait de l'accord pour pratiquement toutes les t\u00eates de lecture phono. Des poids suppl\u00e9mentaires sont disponibles en option pour les t\u00eates de lecture phono de masse sup\u00e9rieure.<\/p>\n<p>Le bras de lecture B-5.1, con\u00e7u avec une grande pr\u00e9cision, donnera vie \u00e0 votre musique pr\u00e9f\u00e9r\u00e9e gr\u00e2ce \u00e0 des performances sonores naturelles, tr\u00e8s d\u00e9taill\u00e9es et raffin\u00e9es.<\/p>\n<\/div>\n<\/div>\n<\/div>","protected":false},"excerpt":{"rendered":"<h3>Bras de qualit\u00e9 de base Gold Note en aluminium<\/h3>\n<p>Obs. Pickup non inclus.<\/p>\n<p><strong>Pour en savoir plus, consultez les onglets ci-dessous<\/strong><\/p>","protected":false},"featured_media":6814,"template":"","meta":[],"product_brand":[],"product_cat":[319],"product_tag":[824],"class_list":{"0":"post-6815","1":"product","2":"type-product","3":"status-publish","4":"has-post-thumbnail","6":"product_cat-tonarmar","7":"product_tag-gold-note-b-5-1","8":"product_shipping_class-standard","10":"first","11":"instock","12":"taxable","13":"shipping-taxable","14":"purchasable","15":"product-type-simple"},"bundled_by":[],"bundle_stock_status":"instock","bundle_stock_quantity":null,"bundle_virtual":false,"bundle_layout":"","bundle_add_to_cart_form_location":"","bundle_editable_in_cart":false,"bundle_sold_individually_context":"","bundle_item_grouping":"","bundle_min_size":"","bundle_max_size":"","bundle_price":[],"bundled_items":[],"bundle_sell_ids":[],"_links":{"self":[{"href":"https:\/\/studiokoncept.se\/fr\/wp-json\/wp\/v2\/product\/6815","targetHints":{"allow":["GET"]}}],"collection":[{"href":"https:\/\/studiokoncept.se\/fr\/wp-json\/wp\/v2\/product"}],"about":[{"href":"https:\/\/studiokoncept.se\/fr\/wp-json\/wp\/v2\/types\/product"}],"version-history":[{"count":0,"href":"https:\/\/studiokoncept.se\/fr\/wp-json\/wp\/v2\/product\/6815\/revisions"}],"wp:featuredmedia":[{"embeddable":true,"href":"https:\/\/studiokoncept.se\/fr\/wp-json\/wp\/v2\/media\/6814"}],"wp:attachment":[{"href":"https:\/\/studiokoncept.se\/fr\/wp-json\/wp\/v2\/media?parent=6815"}],"wp:term":[{"taxonomy":"product_brand","embeddable":true,"href":"https:\/\/studiokoncept.se\/fr\/wp-json\/wp\/v2\/product_brand?post=6815"},{"taxonomy":"product_cat","embeddable":true,"href":"https:\/\/studiokoncept.se\/fr\/wp-json\/wp\/v2\/product_cat?post=6815"},{"taxonomy":"product_tag","embeddable":true,"href":"https:\/\/studiokoncept.se\/fr\/wp-json\/wp\/v2\/product_tag?post=6815"}],"curies":[{"name":"wp","href":"https:\/\/api.w.org\/{rel}","templated":true}]}}