{"id":5917,"date":"2018-05-27T23:17:42","date_gmt":"2018-05-27T21:17:42","guid":{"rendered":"https:\/\/studiokoncept.se\/?post_type=product&#038;p=5917"},"modified":"2024-02-12T16:41:41","modified_gmt":"2024-02-12T15:41:41","slug":"entreq-stromlister","status":"publish","type":"product","link":"https:\/\/studiokoncept.se\/fr\/produkt\/entreq-stromlister\/","title":{"rendered":"Bandes d'alimentation Entreq Powerus"},"content":{"rendered":"<h3><\/h3>","protected":false},"excerpt":{"rendered":"<p>Blocs multiprises Entreq de la s\u00e9rie Powerus.<\/p>\n<p>Maintenant avec du tungst\u00e8ne.<\/p>\n<p>La cavit\u00e9 augmente avec les c\u00e2bles d'alimentation utilis\u00e9s.<\/p>\n<p>Longueur ordinaire des poteaux \u00e9lectriques : 1,65 m\u00e8tre.<\/p>\n<p>Veuillez nous contacter pour toute demande sp\u00e9ciale.<\/p>","protected":false},"featured_media":1472,"template":"","meta":[],"product_brand":[],"product_cat":[301],"product_tag":[692,713],"class_list":{"0":"post-5917","1":"product","2":"type-product","3":"status-publish","4":"has-post-thumbnail","6":"product_cat-stromlister","7":"product_tag-entreq","8":"product_tag-entreq-powerus","9":"product_shipping_class-standard","11":"first","12":"instock","13":"taxable","14":"shipping-taxable","15":"purchasable","16":"product-type-variable"},"bundled_by":[],"bundle_stock_status":"instock","bundle_stock_quantity":null,"bundle_virtual":false,"bundle_layout":"","bundle_add_to_cart_form_location":"","bundle_editable_in_cart":false,"bundle_sold_individually_context":"","bundle_item_grouping":"","bundle_min_size":"","bundle_max_size":"","bundle_price":[],"bundled_items":[],"bundle_sell_ids":[],"_links":{"self":[{"href":"https:\/\/studiokoncept.se\/fr\/wp-json\/wp\/v2\/product\/5917","targetHints":{"allow":["GET"]}}],"collection":[{"href":"https:\/\/studiokoncept.se\/fr\/wp-json\/wp\/v2\/product"}],"about":[{"href":"https:\/\/studiokoncept.se\/fr\/wp-json\/wp\/v2\/types\/product"}],"version-history":[{"count":0,"href":"https:\/\/studiokoncept.se\/fr\/wp-json\/wp\/v2\/product\/5917\/revisions"}],"wp:featuredmedia":[{"embeddable":true,"href":"https:\/\/studiokoncept.se\/fr\/wp-json\/wp\/v2\/media\/1472"}],"wp:attachment":[{"href":"https:\/\/studiokoncept.se\/fr\/wp-json\/wp\/v2\/media?parent=5917"}],"wp:term":[{"taxonomy":"product_brand","embeddable":true,"href":"https:\/\/studiokoncept.se\/fr\/wp-json\/wp\/v2\/product_brand?post=5917"},{"taxonomy":"product_cat","embeddable":true,"href":"https:\/\/studiokoncept.se\/fr\/wp-json\/wp\/v2\/product_cat?post=5917"},{"taxonomy":"product_tag","embeddable":true,"href":"https:\/\/studiokoncept.se\/fr\/wp-json\/wp\/v2\/product_tag?post=5917"}],"curies":[{"name":"wp","href":"https:\/\/api.w.org\/{rel}","templated":true}]}}