{"id":4960,"date":"2016-12-14T18:15:18","date_gmt":"2016-12-14T17:15:18","guid":{"rendered":"http:\/\/dev.kaliberonline.se\/?post_type=product&#038;p=4960"},"modified":"2023-07-11T22:02:44","modified_gmt":"2023-07-11T20:02:44","slug":"lm-805ia-integrerad-rorforstarkare-single-ended-805-2x48w","status":"publish","type":"product","link":"https:\/\/studiokoncept.se\/fr\/shop\/elektronik\/integrerade-forstarkare\/lm-805ia-integrerad-rorforstarkare-single-ended-805-2x48w\/","title":{"rendered":"Line Magnetic LM-805IA Amplificateur int\u00e9gr\u00e9 \u00e0 tubes 2X48W"},"content":{"rendered":"<p>Le Line Magnetic LM-805iA est un amplificateur int\u00e9gr\u00e9 \u00e0 tubes de classe A \u00e0 alimentation unique utilisant des tubes \u00e0 triode 805. Il d\u00e9livre une puissance de 2x48W et se caract\u00e9rise par des composants de haute qualit\u00e9, notamment des condensateurs Mundorf N-Cap et un potentiom\u00e8tre ALPS. L'utilisation de la l\u00e9gendaire triode 805 offre une exp\u00e9rience d'\u00e9coute d'une musicalit\u00e9 hors du commun. Le compteur r\u00e9tro-\u00e9clair\u00e9 de la face avant permet d'ajuster la polarisation des tubes.<\/p>\n<p>Les principales caract\u00e9ristiques de cet amplificateur sont sa conception \u00e0 une extr\u00e9mit\u00e9 avec un c\u00e2blage point \u00e0 point et des composants de haute qualit\u00e9. Les \u00e9tapes de la tuyauterie sont les suivantes :<br \/>\n- Etage d'entr\u00e9e : 1x 6SL7 2x 6SN7<br \/>\n- Tube d'entra\u00eenement : 2x 300B<br \/>\n- Tubes de puissance : 2x 805 single-end et pure classe A.<\/p>\n<p>L'amplificateur est \u00e9galement dot\u00e9 d'une grille de protection amovible et d'une t\u00e9l\u00e9commande infrarouge.<\/p>\n<p>Les tuyaux utilis\u00e9s dans cet amplificateur sont des tuyaux de remplacement couramment utilis\u00e9s, ce qui rend l'entretien plus accessible :<br \/>\n- 300B : 600B, 300A, 4300B<br \/>\n- 6SL7 : 6N9P, 6H9C, CV1985, ECC35<br \/>\n- 6SN7 : 6H8C, 6N8P, 5692, CV181, ECC33<br \/>\n- 805 : 805, FU-5.<\/p>\n<p>En termes de sp\u00e9cifications techniques :<br \/>\n- Amplificateur de classe A - 2x48W RMS<br \/>\n- THD : 1% (1kHz)<br \/>\n- Rapport signal\/bruit : 87 dB (pond\u00e9r\u00e9 A)<br \/>\n- R\u00e9ponse en fr\u00e9quence : (-1,5dB) : 10 - 50 000 Hz<br \/>\n- Sensibilit\u00e9 : 300 mV (mode int\u00e9gr\u00e9)<br \/>\n- Imp\u00e9dance d'entr\u00e9e : 100k\u03a9<br \/>\n- Imp\u00e9dance de charge pour HP \u00e0 connecter : 4\/8\/16\u03a9<br \/>\n- Connecteurs : 3x entr\u00e9es ligne RCA (paire), 1x entr\u00e9e Pre-in, 2x bornes \u00e0 vis compatibles avec les fiches bananes.<\/p>\n<p>Les accessoires inclus dans le LM-805iA sont 2x fusibles, 1x t\u00e9l\u00e9commande, 1x c\u00e2ble d'alimentation d\u00e9tachable et 1x manuel. Les dimensions de l'amplificateur sont 430 x 275 x 415 mm, et il p\u00e8se 42 kg. La finition du Line Magnetic LM-805iA est noire.<\/p>","protected":false},"excerpt":{"rendered":"<h3>Amplificateur \u00e0 tubes \u00e0 terminaison unique de 2x48W. Quelle musicalit\u00e9 et quelle puissance !<\/h3>\n<p>Le Line Magnetic 805iA est un amplificateur \u00e0 tube int\u00e9gr\u00e9 qui utilise le tube triode 805 dans une conception \u00e0 une extr\u00e9mit\u00e9 qui fonctionne enti\u00e8rement en classe A et atteint une puissance totale de 2 x 48W. Le tube 805 \u00e9tait utilis\u00e9 par les stations de radio comme tube d'\u00e9mission.<\/p>\n<p>Il convient de v\u00e9rifier l'environnement dans lequel vous vous trouvez. Si un m\u00e2t \u00e9metteur se trouve \u00e0 proximit\u00e9 imm\u00e9diate, il peut interf\u00e9rer avec l'amplificateur et cr\u00e9er un bourdonnement. Sinon, il s'agit d'un excellent amplificateur pour les enceintes \u00e0 faible sensibilit\u00e9 et\/ou les grandes pi\u00e8ces.<\/p>\n<p>Grille et t\u00e9l\u00e9commande incluses.\u00a0<\/p>","protected":false},"featured_media":6198,"template":"","meta":[],"product_brand":[],"product_cat":[159,275],"product_tag":[],"class_list":{"0":"post-4960","1":"product","2":"type-product","3":"status-publish","4":"has-post-thumbnail","6":"product_cat-integrerade-forstarkare","7":"product_cat-rorforstarkare","8":"product_shipping_class-standard","10":"first","11":"instock","12":"taxable","13":"shipping-taxable","14":"purchasable","15":"product-type-simple"},"bundled_by":[],"bundle_stock_status":"instock","bundle_stock_quantity":null,"bundle_virtual":false,"bundle_layout":"","bundle_add_to_cart_form_location":"","bundle_editable_in_cart":false,"bundle_sold_individually_context":"","bundle_item_grouping":"","bundle_min_size":"","bundle_max_size":"","bundle_price":[],"bundled_items":[],"bundle_sell_ids":[],"_links":{"self":[{"href":"https:\/\/studiokoncept.se\/fr\/wp-json\/wp\/v2\/product\/4960","targetHints":{"allow":["GET"]}}],"collection":[{"href":"https:\/\/studiokoncept.se\/fr\/wp-json\/wp\/v2\/product"}],"about":[{"href":"https:\/\/studiokoncept.se\/fr\/wp-json\/wp\/v2\/types\/product"}],"version-history":[{"count":0,"href":"https:\/\/studiokoncept.se\/fr\/wp-json\/wp\/v2\/product\/4960\/revisions"}],"wp:featuredmedia":[{"embeddable":true,"href":"https:\/\/studiokoncept.se\/fr\/wp-json\/wp\/v2\/media\/6198"}],"wp:attachment":[{"href":"https:\/\/studiokoncept.se\/fr\/wp-json\/wp\/v2\/media?parent=4960"}],"wp:term":[{"taxonomy":"product_brand","embeddable":true,"href":"https:\/\/studiokoncept.se\/fr\/wp-json\/wp\/v2\/product_brand?post=4960"},{"taxonomy":"product_cat","embeddable":true,"href":"https:\/\/studiokoncept.se\/fr\/wp-json\/wp\/v2\/product_cat?post=4960"},{"taxonomy":"product_tag","embeddable":true,"href":"https:\/\/studiokoncept.se\/fr\/wp-json\/wp\/v2\/product_tag?post=4960"}],"curies":[{"name":"wp","href":"https:\/\/api.w.org\/{rel}","templated":true}]}}