{"id":4933,"date":"2016-12-14T18:00:18","date_gmt":"2016-12-14T17:00:18","guid":{"rendered":"http:\/\/dev.kaliberonline.se\/?post_type=product&#038;p=4933"},"modified":"2023-07-11T22:26:40","modified_gmt":"2023-07-11T20:26:40","slug":"lm-88ia-integrerad-rorforstarkare-push-pull-kt88-2x42w","status":"publish","type":"product","link":"https:\/\/studiokoncept.se\/fr\/shop\/elektronik\/integrerade-forstarkare\/lm-88ia-integrerad-rorforstarkare-push-pull-kt88-2x42w\/","title":{"rendered":"Line Magnetic LM-88IA Amplificateur int\u00e9gr\u00e9 \u00e0 tubes - PUSH PULL KT88 - 2X42W"},"content":{"rendered":"<p>Le Line Magnetic LM-88IA est un amplificateur int\u00e9gr\u00e9 qui utilise deux paires de tubes Push-Pull KT-88 pour son \u00e9tage de puissance et pour son pr\u00e9 \u00e9tage \u00e0 tubes : 6CL8A et 12BH7. <\/p>\n<p>Il dispose de 42 watts par canal et est un amplificateur st\u00e9r\u00e9o int\u00e9gr\u00e9 de classe AB avec des tubes de sortie KT88 (JJ Electronic) et des tubes d'entr\u00e9e 6CL8A (Mullard) et 12BH7 (Electro Harmonix). L'amplificateur LM-88IA peut fonctionner de deux mani\u00e8res diff\u00e9rentes : polarisation automatique ou polarisation rapide. Vous pouvez choisir celui que vous pr\u00e9f\u00e9rez. La puissance de sortie en mode Auto-bias est de 45 watts, tandis qu'en mode Fast bias, elle est de 30 watts par canal. Des transformateurs toro\u00efdaux sp\u00e9cialement con\u00e7us en Z11 Core pour l'alimentation et deux transformateurs de sortie japonais de classe audio EI \u00e0 large bande passante sont utilis\u00e9s. Tous les transformateurs et bobines sont encapsul\u00e9s et install\u00e9s s\u00e9par\u00e9ment sur l'amplificateur afin d'\u00e9viter et de r\u00e9duire les interf\u00e9rences entre eux.<\/p>","protected":false},"excerpt":{"rendered":"<p>Le Line Magnetic 88IA est un amplificateur \u00e0 tubes pour ceux qui ont besoin de puissance.<\/p>\n<p>Le LM-88IA est une conception push-pull avec 4 tubes KT88 fonctionnant en classe A.<\/p>\n<p>Le LM-88IA propose 2 modes : automatique (2x42W) ou fixe (2x30W). Vous choisissez le mode qui vous convient, qui convient \u00e0 vos enceintes et \u00e0 votre musique.<\/p>\n<p>Couvercle de grille, t\u00e9l\u00e9commande et r\u00e9glage de la polarisation avec voltm\u00e8tre int\u00e9gr\u00e9 inclus.<\/p>","protected":false},"featured_media":6161,"template":"","meta":[],"product_brand":[],"product_cat":[159,275],"product_tag":[],"class_list":{"0":"post-4933","1":"product","2":"type-product","3":"status-publish","4":"has-post-thumbnail","6":"product_cat-integrerade-forstarkare","7":"product_cat-rorforstarkare","8":"product_shipping_class-standard","10":"first","11":"instock","12":"taxable","13":"shipping-taxable","14":"purchasable","15":"product-type-simple"},"bundled_by":[],"bundle_stock_status":"instock","bundle_stock_quantity":null,"bundle_virtual":false,"bundle_layout":"","bundle_add_to_cart_form_location":"","bundle_editable_in_cart":false,"bundle_sold_individually_context":"","bundle_item_grouping":"","bundle_min_size":"","bundle_max_size":"","bundle_price":[],"bundled_items":[],"bundle_sell_ids":[],"_links":{"self":[{"href":"https:\/\/studiokoncept.se\/fr\/wp-json\/wp\/v2\/product\/4933","targetHints":{"allow":["GET"]}}],"collection":[{"href":"https:\/\/studiokoncept.se\/fr\/wp-json\/wp\/v2\/product"}],"about":[{"href":"https:\/\/studiokoncept.se\/fr\/wp-json\/wp\/v2\/types\/product"}],"version-history":[{"count":0,"href":"https:\/\/studiokoncept.se\/fr\/wp-json\/wp\/v2\/product\/4933\/revisions"}],"wp:featuredmedia":[{"embeddable":true,"href":"https:\/\/studiokoncept.se\/fr\/wp-json\/wp\/v2\/media\/6161"}],"wp:attachment":[{"href":"https:\/\/studiokoncept.se\/fr\/wp-json\/wp\/v2\/media?parent=4933"}],"wp:term":[{"taxonomy":"product_brand","embeddable":true,"href":"https:\/\/studiokoncept.se\/fr\/wp-json\/wp\/v2\/product_brand?post=4933"},{"taxonomy":"product_cat","embeddable":true,"href":"https:\/\/studiokoncept.se\/fr\/wp-json\/wp\/v2\/product_cat?post=4933"},{"taxonomy":"product_tag","embeddable":true,"href":"https:\/\/studiokoncept.se\/fr\/wp-json\/wp\/v2\/product_tag?post=4933"}],"curies":[{"name":"wp","href":"https:\/\/api.w.org\/{rel}","templated":true}]}}