{"id":4892,"date":"2016-12-14T22:00:33","date_gmt":"2016-12-14T21:00:33","guid":{"rendered":"http:\/\/dev.kaliberonline.se\/?post_type=product&#038;p=4892"},"modified":"2023-07-11T21:47:39","modified_gmt":"2023-07-11T19:47:39","slug":"line-magnetic-lm-34ia-integrerad-forstarkare-push-pull-el34-2x40w","status":"publish","type":"product","link":"https:\/\/studiokoncept.se\/fr\/shop\/elektronik\/integrerade-forstarkare\/line-magnetic-lm-34ia-integrerad-forstarkare-push-pull-el34-2x40w\/","title":{"rendered":"Line Magnetic LM-34IA Amplificateur int\u00e9gr\u00e9 - PUSH PULL EL34 - 2X40W"},"content":{"rendered":"<p>Le Line Magnetic LM-34ia est un amplificateur int\u00e9gr\u00e9 \u00e0 tubes qui est devenu tr\u00e8s populaire aupr\u00e8s des audiophiles et des m\u00e9lomanes du monde entier. Le LM-34ia utilise des tubes de sortie EL34 dans une configuration push-pull pour d\u00e9livrer jusqu'\u00e0 40 watts par canal.<br \/>\nL'amplificateur dispose d'entr\u00e9es XLR sym\u00e9triques et d'entr\u00e9es RCA asym\u00e9triques, ce qui le rend compatible avec une grande vari\u00e9t\u00e9 de sources. Il dispose \u00e9galement d'un amplificateur phono MM int\u00e9gr\u00e9, ce qui le rend parfait pour les amateurs de vinyles. Le ch\u00e2ssis robuste en acier inoxydable et les magnifiques tubes qui brillent lorsqu'ils sont chauff\u00e9s conf\u00e8rent \u00e0 l'amplificateur un aspect classique et intemporel.<\/p>","protected":false},"excerpt":{"rendered":"<p>Le LM-34IA est un amplificateur int\u00e9gr\u00e9 fabriqu\u00e9 \u00e0 la main qui offre un c\u00e2blage point \u00e0 point stable et 2 x 40 W gr\u00e2ce \u00e0 une conception push-pull avec des tubes EL34.<\/p>\n<p>Le LM-34IA offre \u00e9galement la possibilit\u00e9 de connecter un pr\u00e9ampli ou un ampli de puissance.<\/p>\n<p>R\u00e9glage manuel du bias et voltm\u00e8tre sur le dessus pour un ajustement facile.<\/p>\n<p>Le couvercle de la grille et la t\u00e9l\u00e9commande sont inclus.<\/p>","protected":false},"featured_media":6156,"template":"","meta":[],"product_brand":[],"product_cat":[159,275],"product_tag":[],"class_list":{"0":"post-4892","1":"product","2":"type-product","3":"status-publish","4":"has-post-thumbnail","6":"product_cat-integrerade-forstarkare","7":"product_cat-rorforstarkare","8":"product_shipping_class-standard","10":"first","11":"instock","12":"taxable","13":"shipping-taxable","14":"purchasable","15":"product-type-simple"},"bundled_by":[],"bundle_stock_status":"instock","bundle_stock_quantity":null,"bundle_virtual":false,"bundle_layout":"","bundle_add_to_cart_form_location":"","bundle_editable_in_cart":false,"bundle_sold_individually_context":"","bundle_item_grouping":"","bundle_min_size":"","bundle_max_size":"","bundle_price":[],"bundled_items":[],"bundle_sell_ids":[],"_links":{"self":[{"href":"https:\/\/studiokoncept.se\/fr\/wp-json\/wp\/v2\/product\/4892","targetHints":{"allow":["GET"]}}],"collection":[{"href":"https:\/\/studiokoncept.se\/fr\/wp-json\/wp\/v2\/product"}],"about":[{"href":"https:\/\/studiokoncept.se\/fr\/wp-json\/wp\/v2\/types\/product"}],"version-history":[{"count":0,"href":"https:\/\/studiokoncept.se\/fr\/wp-json\/wp\/v2\/product\/4892\/revisions"}],"wp:featuredmedia":[{"embeddable":true,"href":"https:\/\/studiokoncept.se\/fr\/wp-json\/wp\/v2\/media\/6156"}],"wp:attachment":[{"href":"https:\/\/studiokoncept.se\/fr\/wp-json\/wp\/v2\/media?parent=4892"}],"wp:term":[{"taxonomy":"product_brand","embeddable":true,"href":"https:\/\/studiokoncept.se\/fr\/wp-json\/wp\/v2\/product_brand?post=4892"},{"taxonomy":"product_cat","embeddable":true,"href":"https:\/\/studiokoncept.se\/fr\/wp-json\/wp\/v2\/product_cat?post=4892"},{"taxonomy":"product_tag","embeddable":true,"href":"https:\/\/studiokoncept.se\/fr\/wp-json\/wp\/v2\/product_tag?post=4892"}],"curies":[{"name":"wp","href":"https:\/\/api.w.org\/{rel}","templated":true}]}}