{"id":4886,"date":"2016-12-14T14:35:45","date_gmt":"2016-12-14T13:35:45","guid":{"rendered":"http:\/\/dev.kaliberonline.se\/?post_type=product&#038;p=4886"},"modified":"2023-05-29T15:17:26","modified_gmt":"2023-05-29T13:17:26","slug":"lm-mini-84ia-integrerad-horlursforstarkare-el84-2x3w","status":"publish","type":"product","link":"https:\/\/studiokoncept.se\/fr\/produkt\/lm-mini-84ia-integrerad-horlursforstarkare-el84-2x3w\/","title":{"rendered":"LM-MINI-84IA Amplificateur de casque int\u00e9gr\u00e9 EL84 - 2X3W"},"content":{"rendered":"<p><h3><\/h3><\/p>","protected":false},"excerpt":{"rendered":"<p>Le Line Magnetic Mini 84IA avec tube EL84 est un petit plaisir. Il est avant tout destin\u00e9 \u00e0 servir d'amplificateur de casque mais, gr\u00e2ce \u00e0 la haute qualit\u00e9 des transformateurs de sortie, il peut \u00e9galement fonctionner comme un amplificateur int\u00e9gr\u00e9 ordinaire si les circonstances sont favorables \u00e0 la classe A 2 x 3w single-ended.<\/p>\n<p>Gr\u00e2ce aux doubles RCA (IN et OUT), vous pouvez vous connecter \u00e0 une source, un DAC ou un pr\u00e9ampli et un amplificateur int\u00e9gr\u00e9 ou un ampli de puissance.<\/p>\n<p>Bias ajustable avec voltm\u00e8tre int\u00e9gr\u00e9.<\/p>\n<p>&nbsp;<\/p>","protected":false},"featured_media":6226,"template":"","meta":[],"product_brand":[],"product_cat":[159,275],"product_tag":[],"class_list":{"0":"post-4886","1":"product","2":"type-product","3":"status-publish","4":"has-post-thumbnail","6":"product_cat-integrerade-forstarkare","7":"product_cat-rorforstarkare","8":"product_shipping_class-standard","10":"first","11":"instock","12":"taxable","13":"shipping-taxable","14":"purchasable","15":"product-type-simple"},"bundled_by":[],"bundle_stock_status":"instock","bundle_stock_quantity":null,"bundle_virtual":false,"bundle_layout":"","bundle_add_to_cart_form_location":"","bundle_editable_in_cart":false,"bundle_sold_individually_context":"","bundle_item_grouping":"","bundle_min_size":"","bundle_max_size":"","bundle_price":[],"bundled_items":[],"bundle_sell_ids":[],"_links":{"self":[{"href":"https:\/\/studiokoncept.se\/fr\/wp-json\/wp\/v2\/product\/4886","targetHints":{"allow":["GET"]}}],"collection":[{"href":"https:\/\/studiokoncept.se\/fr\/wp-json\/wp\/v2\/product"}],"about":[{"href":"https:\/\/studiokoncept.se\/fr\/wp-json\/wp\/v2\/types\/product"}],"version-history":[{"count":0,"href":"https:\/\/studiokoncept.se\/fr\/wp-json\/wp\/v2\/product\/4886\/revisions"}],"wp:featuredmedia":[{"embeddable":true,"href":"https:\/\/studiokoncept.se\/fr\/wp-json\/wp\/v2\/media\/6226"}],"wp:attachment":[{"href":"https:\/\/studiokoncept.se\/fr\/wp-json\/wp\/v2\/media?parent=4886"}],"wp:term":[{"taxonomy":"product_brand","embeddable":true,"href":"https:\/\/studiokoncept.se\/fr\/wp-json\/wp\/v2\/product_brand?post=4886"},{"taxonomy":"product_cat","embeddable":true,"href":"https:\/\/studiokoncept.se\/fr\/wp-json\/wp\/v2\/product_cat?post=4886"},{"taxonomy":"product_tag","embeddable":true,"href":"https:\/\/studiokoncept.se\/fr\/wp-json\/wp\/v2\/product_tag?post=4886"}],"curies":[{"name":"wp","href":"https:\/\/api.w.org\/{rel}","templated":true}]}}