{"id":4872,"date":"2016-12-14T20:00:01","date_gmt":"2016-12-14T19:00:01","guid":{"rendered":"http:\/\/dev.kaliberonline.se\/?post_type=product&#038;p=4872"},"modified":"2023-07-11T21:56:54","modified_gmt":"2023-07-11T19:56:54","slug":"line-magnetic-lm-845ia-integrerad-rorforstarkare","status":"publish","type":"product","link":"https:\/\/studiokoncept.se\/fr\/shop\/elektronik\/integrerade-forstarkare\/line-magnetic-lm-845ia-integrerad-rorforstarkare\/","title":{"rendered":"Line Magnetic LM-845IA Amplificateur int\u00e9gr\u00e9 \u00e0 tubes"},"content":{"rendered":"<p>Le Line Magnetic LM-845IA est un amplificateur int\u00e9gr\u00e9 de classe A, aliment\u00e9 par des tubes, asym\u00e9trique, c\u00e2bl\u00e9 point \u00e0 point avec t\u00e9l\u00e9commande. Il utilise deux tubes de puissance 845, deux tubes de commande 63P3, un tube de redressement 5AR4 et deux tubes d'entr\u00e9e 12AX7. L'amplificateur poss\u00e8de 3 paires d'entr\u00e9es de niveau ligne (RCA) avec une imp\u00e9dance d'entr\u00e9e de 100k ohms et une sensibilit\u00e9 d'entr\u00e9e (int\u00e9gr\u00e9e) de 220mV.<\/p>\n<p>Le LM-845IA offre des sorties haut-parleurs de 4, 8 et 16 ohms et peut d\u00e9livrer une puissance de sortie de 22W sous 8 ohms. Sa r\u00e9ponse en fr\u00e9quence s'\u00e9tend de 10Hz \u00e0 50kHz (\u00b11,5dB), sa distorsion harmonique est de 1% \u00e0 1kHz (pond\u00e9r\u00e9 A) et son rapport signal\/bruit est de 87dB (pond\u00e9r\u00e9 A). L'amplificateur consomme environ 320 W.<\/p>\n<p>L'appareil mesure 451 mm de largeur, 250 mm de hauteur et 362 mm de profondeur, et p\u00e8se environ 35 kg. Il a une finition noire.<\/p>","protected":false},"excerpt":{"rendered":"<h3>Superbe amplificateur \u00e0 tubes Single-End en classe A avec 845 tubes de puissance et am\u00e9lior\u00e9 par rapport \u00e0 la version pr\u00e9c\u00e9dente. Un vrai bijou !<\/h3>\n<p>Construction Single End de classe A fournissant 2 x 22W.<\/p>\n<p>Joue avec le contenu instrumental d'un ampli 300B, plus un dynamisme suppl\u00e9mentaire et tr\u00e8s attirant dans la musique.<\/p>\n<p>T\u00e9l\u00e9commande et grille de protection incluses.<br \/>\nFinition : noir<\/p>","protected":false},"featured_media":6190,"template":"","meta":[],"product_brand":[],"product_cat":[159,275],"product_tag":[],"class_list":{"0":"post-4872","1":"product","2":"type-product","3":"status-publish","4":"has-post-thumbnail","6":"product_cat-integrerade-forstarkare","7":"product_cat-rorforstarkare","8":"product_shipping_class-standard","10":"first","11":"instock","12":"taxable","13":"shipping-taxable","14":"purchasable","15":"product-type-simple"},"bundled_by":[],"bundle_stock_status":"instock","bundle_stock_quantity":null,"bundle_virtual":false,"bundle_layout":"","bundle_add_to_cart_form_location":"","bundle_editable_in_cart":false,"bundle_sold_individually_context":"","bundle_item_grouping":"","bundle_min_size":"","bundle_max_size":"","bundle_price":[],"bundled_items":[],"bundle_sell_ids":[],"_links":{"self":[{"href":"https:\/\/studiokoncept.se\/fr\/wp-json\/wp\/v2\/product\/4872","targetHints":{"allow":["GET"]}}],"collection":[{"href":"https:\/\/studiokoncept.se\/fr\/wp-json\/wp\/v2\/product"}],"about":[{"href":"https:\/\/studiokoncept.se\/fr\/wp-json\/wp\/v2\/types\/product"}],"version-history":[{"count":0,"href":"https:\/\/studiokoncept.se\/fr\/wp-json\/wp\/v2\/product\/4872\/revisions"}],"wp:featuredmedia":[{"embeddable":true,"href":"https:\/\/studiokoncept.se\/fr\/wp-json\/wp\/v2\/media\/6190"}],"wp:attachment":[{"href":"https:\/\/studiokoncept.se\/fr\/wp-json\/wp\/v2\/media?parent=4872"}],"wp:term":[{"taxonomy":"product_brand","embeddable":true,"href":"https:\/\/studiokoncept.se\/fr\/wp-json\/wp\/v2\/product_brand?post=4872"},{"taxonomy":"product_cat","embeddable":true,"href":"https:\/\/studiokoncept.se\/fr\/wp-json\/wp\/v2\/product_cat?post=4872"},{"taxonomy":"product_tag","embeddable":true,"href":"https:\/\/studiokoncept.se\/fr\/wp-json\/wp\/v2\/product_tag?post=4872"}],"curies":[{"name":"wp","href":"https:\/\/api.w.org\/{rel}","templated":true}]}}