{"id":4860,"date":"2016-12-14T19:00:46","date_gmt":"2016-12-14T18:00:46","guid":{"rendered":"http:\/\/dev.kaliberonline.se\/?post_type=product&#038;p=4860"},"modified":"2023-06-04T22:52:17","modified_gmt":"2023-06-04T20:52:17","slug":"line-magnetic-lm-845-premium-integrerad-rorforstarkare-2x30w","status":"publish","type":"product","link":"https:\/\/studiokoncept.se\/fr\/shop\/elektronik\/integrerade-forstarkare\/line-magnetic-lm-845-premium-integrerad-rorforstarkare-2x30w\/","title":{"rendered":"Line Magnetic LM-845 Premium Amplificateur int\u00e9gr\u00e9 \u00e0 tubes 2x30W"},"content":{"rendered":"<p>Le Line Magnetic LM-845 Premium est un amplificateur \u00e0 tubes int\u00e9gr\u00e9 de haute qualit\u00e9 qui utilise des tubes triodes 845 dans une conception mono-associ\u00e9e et fonctionne en mode pure classe A. Il d\u00e9livre une puissance de sortie de 2 x 30 W, ce qui permet de l'utiliser avec la plupart des enceintes de r\u00e9f\u00e9rence existantes. Il d\u00e9livre une puissance de sortie de 2 x 30 W, ce qui permet de l'utiliser avec la plupart des enceintes de r\u00e9f\u00e9rence existantes.<\/p>\n<p>Fruit de plusieurs ann\u00e9es de recherche sur la conception de la triode 845 en mode asynchrone, le LM-845 Premium devient rapidement une r\u00e9f\u00e9rence dans le monde des amplificateurs haut de gamme, gr\u00e2ce \u00e0 sa conception et \u00e0 sa qualit\u00e9 de fabrication exceptionnelles.<\/p>\n<p>L'appareil se compose de deux parties : une unit\u00e9 d'amplification et une unit\u00e9 de sortie. L'amplificateur utilise des tubes Shuguang 300B dans ses haut-parleurs, un 310A pour l'amplificateur et des tubes Shuguang 12AX7 dans le pr\u00e9amplificateur. Il dispose \u00e9galement de deux commandes utilisateur pour les tubes 300B et 845, utilis\u00e9es pour le r\u00e9glage de la polarisation, et de deux vum\u00e8tres sur le panneau avant pour un contr\u00f4le facile de la polarisation. Un interrupteur de contre-r\u00e9action sur le panneau avant permet aux utilisateurs de choisir entre deux niveaux de contre-r\u00e9action pour varier les sorties audio.<\/p>\n<p>Le LM-845 Premium utilise \u00e9galement huit transformateurs pour l'alimentation, le filtrage, la commutation et la sortie. Il est construit avec des composants de haute qualit\u00e9, un c\u00e2blage point \u00e0 point et une conception asym\u00e9trique. Il est livr\u00e9 avec des tubes pour l'\u00e9tage d'entr\u00e9e (2x 12AX7), les drivers (2x 300B, 2x 310A) et l'\u00e9tage de puissance (2x 845 single-ended).<\/p>\n<p>Outre ses qualit\u00e9s techniques, le LM-845 Premium pr\u00e9sente une conception artisanale avec un c\u00e2blage point \u00e0 point fin, un contr\u00f4le de la polarisation disponible en haut du panneau de l'amplificateur avec un v\u00e9ritable amp\u00e8rem\u00e8tre, ainsi qu'un circuit de d\u00e9marrage progressif et de retardement. Il est \u00e9galement \u00e9quip\u00e9 d'un transformateur EI sp\u00e9cialement con\u00e7u pour l'alimentation et de deux transformateurs de sortie EI \u00e0 large bande passante. L'unit\u00e9 utilise un contr\u00f4le de volume ALPS et des condensateurs Realcap.<\/p>\n<p>En termes d'interface utilisateur et de commodit\u00e9, il est dot\u00e9 d'une grille de protection amovible pour la tuyauterie et d'une t\u00e9l\u00e9commande infrarouge. Il comprend \u00e9galement un c\u00e2ble d'alimentation d\u00e9tachable, un c\u00e2ble d\u00e9di\u00e9 \u00e0 la connexion de l'unit\u00e9 d'amplification principale \u00e0 l'unit\u00e9 de sortie, ainsi qu'un manuel.<\/p>\n<p>En termes de sp\u00e9cifications, il s'agit d'un amplificateur de classe A avec 2x30W RMS, 1% THD \u00e0 1kHz.<\/p>\n<p>et un rapport signal\/bruit de 87 dB (pond\u00e9r\u00e9 A). Sa r\u00e9ponse en fr\u00e9quence s'\u00e9tend de 10 \u00e0 50 000 Hz avec une section de -1,5 dB, et sa sensibilit\u00e9 est de 220 mV en mode int\u00e9gr\u00e9. L'imp\u00e9dance d'entr\u00e9e est de 100k\u03a9, et il peut se connecter \u00e0 des imp\u00e9dances de charge de 4\/8\/16\u03a9. En ce qui concerne les connexions, il dispose de 3 entr\u00e9es ligne RCA (paire), d'une entr\u00e9e pr\u00e9-in et de 2 bornes \u00e0 vis compatibles avec les fiches banane.<\/p>\n<p>Les dimensions de l'unit\u00e9 d'amplification sont de 435 x 460 x 456 mm, et l'unit\u00e9 de sortie mesure 435 x 160 x 456 mm. Les dimensions totales sont de 435 x 620 x 456 mm, pour un poids total de 62 kg.<br \/>\n<br \/><\/br><\/p>\n<table>\n<tbody>\n<tr>\n<th colspan=\"2\">CARACT\u00c9RISTIQUES TECHNIQUES<\/th>\n<\/tr>\n<tr>\n<td>Type<\/td>\n<td>Amplificateur \u00e0 tube \u00e0 une extr\u00e9mit\u00e9 en classe A, 2x30W<\/td>\n<\/tr>\n<tr>\n<td>Tube<\/td>\n<td>Etage d'entr\u00e9e : 2x 12AX7<br \/>\nTubes d'entra\u00eenement : 2x 300B, 2x 310A<br \/>\nEtage de puissance : 2x 845 \" single-ended \" (\u00e0 l'\u00e9tat pur)<\/td>\n<\/tr>\n<tr>\n<td>THD<\/td>\n<td>1% (1kHz)<\/td>\n<\/tr>\n<tr>\n<td>Rapport signal\/bruit<\/td>\n<td>87dB (pond\u00e9r\u00e9 A)<\/td>\n<\/tr>\n<tr>\n<td>R\u00e9ponse en fr\u00e9quence<\/td>\n<td>(-1,5dB) : 10 - 50 000 Hz<\/td>\n<\/tr>\n<tr>\n<td>Sensibilit\u00e9<\/td>\n<td>220 mV (mode int\u00e9gr\u00e9)<\/td>\n<\/tr>\n<tr>\n<td>imp\u00e9dance d'entr\u00e9e<\/td>\n<td>100k\u03a9<\/td>\n<\/tr>\n<tr>\n<td>Imp\u00e9dance de charge pour les haut-parleurs<\/td>\n<td>4\/8\/16\u03a9<\/td>\n<\/tr>\n<tr>\n<td>Entr\u00e9es<\/td>\n<td>3 paires d'entr\u00e9es RCA<br \/>\n1 Pr\u00e9-entr\u00e9e<br \/>\nBornes de haut-parleur pour les pelles et les bananes<\/td>\n<\/tr>\n<tr>\n<td>Dans la bo\u00eete<\/td>\n<td>2 fusibles<br \/>\nT\u00e9l\u00e9commande<br \/>\nC\u00e2ble d'alimentation<br \/>\n1 c\u00e2ble d\u00e9di\u00e9 pour la connexion entre l'\u00e9tape pr\u00e9liminaire et l'\u00e9tape finale<br \/>\nManuel<\/td>\n<\/tr>\n<tr>\n<td>Taille<\/td>\n<td>Unit\u00e9 d'amplification : 435 x 460 x 456 mm<br \/>\nUnit\u00e9 de sortie : 435 x 160 x 456 mm<\/td>\n<\/tr>\n<tr>\n<td>Poids total<\/td>\n<td>62Kg<\/td>\n<\/tr>\n<\/tbody>\n<\/table>","protected":false},"excerpt":{"rendered":"<h3>LM-845 Premium : en deux parties et 2x30W<\/h3>\n<p>Il s'agit d'une conception de classe A \u00e0 extr\u00e9mit\u00e9 unique avec 219 tubes pour le tube d'attaque et 845 tubes pour l'\u00e9tage de puissance.<br \/>Il joue avec une autorit\u00e9 musicale \u00e9vidente et dispose de formidables ressources de puissance pour soutenir tous les caprices de la musique.<\/p>\n<p>Un amplificateur en deux parties est tr\u00e8s utile lorsque vous devez le d\u00e9placer.\u00a0<\/p>\n<table>\n<tbody>\n<tr>\n<td style=\"padding: 10px;text-align: center\">Tube<\/td>\n<td>\n<ul>\n<li>Conduits d'entr\u00e9e : 2x 12AX7<\/li>\n<li>Tubes d'entra\u00eenement : 2x 300B<\/li>\n<li>Etage de puissance : 2x 845<\/li>\n<\/ul>\n<\/td>\n<\/tr>\n<\/tbody>\n<\/table>\n<p>Finition : Noir<br \/>T\u00e9l\u00e9commande incluse<\/p>\n<p>\u00a0<\/p>","protected":false},"featured_media":6174,"template":"","meta":[],"product_brand":[],"product_cat":[159,275],"product_tag":[],"class_list":{"0":"post-4860","1":"product","2":"type-product","3":"status-publish","4":"has-post-thumbnail","6":"product_cat-integrerade-forstarkare","7":"product_cat-rorforstarkare","8":"product_shipping_class-standard","10":"first","11":"instock","12":"taxable","13":"shipping-taxable","14":"purchasable","15":"product-type-simple"},"bundled_by":[],"bundle_stock_status":"instock","bundle_stock_quantity":null,"bundle_virtual":false,"bundle_layout":"","bundle_add_to_cart_form_location":"","bundle_editable_in_cart":false,"bundle_sold_individually_context":"","bundle_item_grouping":"","bundle_min_size":"","bundle_max_size":"","bundle_price":[],"bundled_items":[],"bundle_sell_ids":[],"_links":{"self":[{"href":"https:\/\/studiokoncept.se\/fr\/wp-json\/wp\/v2\/product\/4860","targetHints":{"allow":["GET"]}}],"collection":[{"href":"https:\/\/studiokoncept.se\/fr\/wp-json\/wp\/v2\/product"}],"about":[{"href":"https:\/\/studiokoncept.se\/fr\/wp-json\/wp\/v2\/types\/product"}],"version-history":[{"count":0,"href":"https:\/\/studiokoncept.se\/fr\/wp-json\/wp\/v2\/product\/4860\/revisions"}],"wp:featuredmedia":[{"embeddable":true,"href":"https:\/\/studiokoncept.se\/fr\/wp-json\/wp\/v2\/media\/6174"}],"wp:attachment":[{"href":"https:\/\/studiokoncept.se\/fr\/wp-json\/wp\/v2\/media?parent=4860"}],"wp:term":[{"taxonomy":"product_brand","embeddable":true,"href":"https:\/\/studiokoncept.se\/fr\/wp-json\/wp\/v2\/product_brand?post=4860"},{"taxonomy":"product_cat","embeddable":true,"href":"https:\/\/studiokoncept.se\/fr\/wp-json\/wp\/v2\/product_cat?post=4860"},{"taxonomy":"product_tag","embeddable":true,"href":"https:\/\/studiokoncept.se\/fr\/wp-json\/wp\/v2\/product_tag?post=4860"}],"curies":[{"name":"wp","href":"https:\/\/api.w.org\/{rel}","templated":true}]}}