{"id":3469,"date":"2016-12-19T20:18:13","date_gmt":"2016-12-19T19:18:13","guid":{"rendered":"https:\/\/studiokoncept.se\/?post_type=product&#038;p=3469"},"modified":"2024-07-30T19:56:06","modified_gmt":"2024-07-30T17:56:06","slug":"ifi-micro-iusb","status":"publish","type":"product","link":"https:\/\/studiokoncept.se\/fr\/shop\/stromhantering\/stromrening\/ifi-micro-iusb\/","title":{"rendered":"IFI Audio micro iUSB3.0 Nettoyage du signal"},"content":{"rendered":"<p>iUSB3.0 de iFi Audio est un nettoyeur d'alimentation USB r\u00e9volutionnaire con\u00e7u pour amener votre exp\u00e9rience audio \u00e0 de nouveaux sommets. Dot\u00e9 de la technologie avanc\u00e9e Active Noise Cancellation+, il \u00e9limine efficacement toutes les formes de bruit et d'interf\u00e9rence de l'alimentation USB, garantissant que seule une alimentation propre et non alt\u00e9r\u00e9e atteint vos composants audio sensibles. Il en r\u00e9sulte une qualit\u00e9 sonore nettement am\u00e9lior\u00e9e, avec plus de clart\u00e9, de d\u00e9tails et de dynamique.<\/p>\n<p>Cet appareil est \u00e9quip\u00e9 de deux sorties USB, permettant la connexion simultan\u00e9e de deux appareils. iUSB3.0 r\u00e9g\u00e9n\u00e8re les donn\u00e9es et l'alimentation du signal USB, am\u00e9liorant ainsi les performances du syst\u00e8me et minimisant l'instabilit\u00e9. Il est compatible avec tous les appareils audio USB, y compris les DAC, les amplificateurs de casque et les lecteurs de musique, am\u00e9liorant ainsi la qualit\u00e9 du son et la stabilit\u00e9.<\/p>\n<p>Pour garantir des performances optimales, iUSB3.0 peut \u00eatre utilis\u00e9 avec les adaptateurs d'alimentation iPower ou iPower X d'iFi pour une annulation suppl\u00e9mentaire du bruit. Son design compact et \u00e9l\u00e9gant permet de l'int\u00e9grer facilement \u00e0 tout syst\u00e8me audio, tandis que sa construction robuste garantit une utilisation durable.<\/p>\n<p>&nbsp;<\/p>","protected":false},"excerpt":{"rendered":"<p>D\u00e9couvrez iUSB3.0 de iFi Audio, un nettoyeur de flux USB r\u00e9volutionnaire qui am\u00e9liore consid\u00e9rablement la qualit\u00e9 sonore de vos appareils num\u00e9riques. Gr\u00e2ce \u00e0 l'Active Noise Cancellation avanc\u00e9e et aux doubles sorties, il \u00e9limine les bruits et les interf\u00e9rences, pour une exp\u00e9rience audio plus nette, plus claire et plus d\u00e9taill\u00e9e. Parfait pour les audiophiles et les m\u00e9lomanes qui veulent maximiser les performances de leurs appareils audio USB.<\/p>","protected":false},"featured_media":2662,"template":"","meta":[],"product_brand":[],"product_cat":[237,294],"product_tag":[],"class_list":{"0":"post-3469","1":"product","2":"type-product","3":"status-publish","4":"has-post-thumbnail","6":"product_cat-signalrening","7":"product_cat-stromrening","8":"product_shipping_class-standard","10":"first","11":"instock","12":"taxable","13":"shipping-taxable","14":"purchasable","15":"product-type-simple"},"bundled_by":[],"bundle_stock_status":"instock","bundle_stock_quantity":null,"bundle_virtual":false,"bundle_layout":"","bundle_add_to_cart_form_location":"","bundle_editable_in_cart":false,"bundle_sold_individually_context":"","bundle_item_grouping":"","bundle_min_size":"","bundle_max_size":"","bundle_price":[],"bundled_items":[],"bundle_sell_ids":[],"_links":{"self":[{"href":"https:\/\/studiokoncept.se\/fr\/wp-json\/wp\/v2\/product\/3469","targetHints":{"allow":["GET"]}}],"collection":[{"href":"https:\/\/studiokoncept.se\/fr\/wp-json\/wp\/v2\/product"}],"about":[{"href":"https:\/\/studiokoncept.se\/fr\/wp-json\/wp\/v2\/types\/product"}],"version-history":[{"count":0,"href":"https:\/\/studiokoncept.se\/fr\/wp-json\/wp\/v2\/product\/3469\/revisions"}],"wp:featuredmedia":[{"embeddable":true,"href":"https:\/\/studiokoncept.se\/fr\/wp-json\/wp\/v2\/media\/2662"}],"wp:attachment":[{"href":"https:\/\/studiokoncept.se\/fr\/wp-json\/wp\/v2\/media?parent=3469"}],"wp:term":[{"taxonomy":"product_brand","embeddable":true,"href":"https:\/\/studiokoncept.se\/fr\/wp-json\/wp\/v2\/product_brand?post=3469"},{"taxonomy":"product_cat","embeddable":true,"href":"https:\/\/studiokoncept.se\/fr\/wp-json\/wp\/v2\/product_cat?post=3469"},{"taxonomy":"product_tag","embeddable":true,"href":"https:\/\/studiokoncept.se\/fr\/wp-json\/wp\/v2\/product_tag?post=3469"}],"curies":[{"name":"wp","href":"https:\/\/api.w.org\/{rel}","templated":true}]}}