{"id":3228,"date":"2016-12-14T16:00:27","date_gmt":"2016-12-14T15:00:27","guid":{"rendered":"https:\/\/studiokoncept.se\/?post_type=product&#038;p=3228"},"modified":"2023-07-11T22:38:41","modified_gmt":"2023-07-11T20:38:41","slug":"line-magnetic-lm-219-ia","status":"publish","type":"product","link":"https:\/\/studiokoncept.se\/fr\/shop\/elektronik\/integrerade-forstarkare\/line-magnetic-lm-219-ia\/","title":{"rendered":"Line Magnetic LM-219 IA Amplificateur int\u00e9gr\u00e9 \u00e0 tubes"},"content":{"rendered":"<p>Le Line Magnetic LM-219 est un amplificateur st\u00e9r\u00e9o int\u00e9gr\u00e9 introduit en 2016. C'est un syst\u00e8me audio puissant qui fournit une puissance de 24 watts par canal dans un r\u00e9glage de 8\u03a9 (st\u00e9r\u00e9o).<\/p>\n<p>L'amplificateur a une r\u00e9ponse en fr\u00e9quence de 15 Hz \u00e0 35 kHz, ce qui garantit la clart\u00e9 de la reproduction sonore sur l'ensemble du spectre. La distorsion harmonique totale est de 1%, ce qui prouve la capacit\u00e9 de l'amplificateur \u00e0 reproduire le son sans trop de distorsion.<\/p>\n<p>La sensibilit\u00e9 d'entr\u00e9e du Line Magnetic LM-219 est de 230 mV (ligne) et son rapport signal\/bruit est de 87 dB (ligne). Cela permet de garantir un signal audio fort et propre. L'amplificateur peut g\u00e9rer des imp\u00e9dances de charge de haut-parleur de 4\u03a9 \u00e0 16\u03a9.<\/p>\n<p>Les tubes de cet amplificateur comprennent 2 x 12AX7, 2 x 310A, 2 x 300B et 2 x 845, contribuant \u00e0 son caract\u00e8re sonore unique.<\/p>\n<p>L'amplificateur est volumineux, avec des dimensions de 430 x 430 x 400 mm et un poids de 55 kg. Une t\u00e9l\u00e9commande est incluse dans les accessoires de cet amplificateur, ce qui permet aux utilisateurs de contr\u00f4ler ses fonctions \u00e0 distance.<\/p>","protected":false},"excerpt":{"rendered":"<p><h4>Formidable ampli \u00e0 tubes qui joue avec un merveilleux punch et un caract\u00e8re qui r\u00e9sulte de la combinaison des tubes 300B et 845.<\/h4><\/p>\n<p>Une belle \"pi\u00e8ce\" \u00e0 avoir dans sa chambre.<\/p>\n<p>24W Classe A simple extr\u00e9mit\u00e9<\/p>","protected":false},"featured_media":6212,"template":"","meta":[],"product_brand":[],"product_cat":[159],"product_tag":[],"class_list":{"0":"post-3228","1":"product","2":"type-product","3":"status-publish","4":"has-post-thumbnail","6":"product_cat-integrerade-forstarkare","7":"product_shipping_class-standard","9":"first","10":"instock","11":"taxable","12":"shipping-taxable","13":"purchasable","14":"product-type-variable"},"bundled_by":[],"bundle_stock_status":"instock","bundle_stock_quantity":null,"bundle_virtual":false,"bundle_layout":"","bundle_add_to_cart_form_location":"","bundle_editable_in_cart":false,"bundle_sold_individually_context":"","bundle_item_grouping":"","bundle_min_size":"","bundle_max_size":"","bundle_price":[],"bundled_items":[],"bundle_sell_ids":[],"_links":{"self":[{"href":"https:\/\/studiokoncept.se\/fr\/wp-json\/wp\/v2\/product\/3228","targetHints":{"allow":["GET"]}}],"collection":[{"href":"https:\/\/studiokoncept.se\/fr\/wp-json\/wp\/v2\/product"}],"about":[{"href":"https:\/\/studiokoncept.se\/fr\/wp-json\/wp\/v2\/types\/product"}],"version-history":[{"count":0,"href":"https:\/\/studiokoncept.se\/fr\/wp-json\/wp\/v2\/product\/3228\/revisions"}],"wp:featuredmedia":[{"embeddable":true,"href":"https:\/\/studiokoncept.se\/fr\/wp-json\/wp\/v2\/media\/6212"}],"wp:attachment":[{"href":"https:\/\/studiokoncept.se\/fr\/wp-json\/wp\/v2\/media?parent=3228"}],"wp:term":[{"taxonomy":"product_brand","embeddable":true,"href":"https:\/\/studiokoncept.se\/fr\/wp-json\/wp\/v2\/product_brand?post=3228"},{"taxonomy":"product_cat","embeddable":true,"href":"https:\/\/studiokoncept.se\/fr\/wp-json\/wp\/v2\/product_cat?post=3228"},{"taxonomy":"product_tag","embeddable":true,"href":"https:\/\/studiokoncept.se\/fr\/wp-json\/wp\/v2\/product_tag?post=3228"}],"curies":[{"name":"wp","href":"https:\/\/api.w.org\/{rel}","templated":true}]}}