{"id":3163,"date":"2016-12-13T23:15:34","date_gmt":"2016-12-13T22:15:34","guid":{"rendered":"https:\/\/studiokoncept.se\/?post_type=product&#038;p=3163"},"modified":"2023-06-18T22:14:37","modified_gmt":"2023-06-18T20:14:37","slug":"lab-12-gordian","status":"publish","type":"product","link":"https:\/\/studiokoncept.se\/fr\/shop\/stromhantering\/stromrening\/lab-12-gordian\/","title":{"rendered":"Lab 12 La ligne gordienne"},"content":{"rendered":"<p>Le Lab 12 Gordian est un analyseur de filtre\/qualit\u00e9 rationalis\u00e9 con\u00e7u pour fournir une s\u00e9rie d'informations et de fonctions \u00e0 l'utilisateur. Sa conception est relativement simple, avec un ch\u00e2ssis de taille standard et une interface utilisateur claire et facile \u00e0 comprendre. Sa caract\u00e9ristique la plus marquante est l'\u00e9cran OLED, centr\u00e9 sur le panneau avant, o\u00f9 sont affich\u00e9es toutes les informations n\u00e9cessaires et les options de menu.<\/p>\n<p>Gordian suit le penchant de Lab12 pour les conceptions simples et faciles \u00e0 utiliser. Le grand \u00e9cran OLED offre une vari\u00e9t\u00e9 de mesures de la qualit\u00e9 de l'\u00e9nergie et affiche \u00e9galement le menu que l'utilisateur doit utiliser pour acc\u00e9der \u00e0 divers param\u00e8tres. Le menu permet \u00e0 l'utilisateur d'acc\u00e9der \u00e0 diverses informations et fonctions, y compris la possibilit\u00e9 de v\u00e9rifier certaines valeurs de base du r\u00e9seau, telles que la tension, le courant, la fr\u00e9quence et la puissance \u00e9lectrique. L'utilisateur peut \u00e9galement effectuer une analyse de distorsion des formes d'onde de tension et de courant, mesurer la composante continue et le facteur de puissance, et enfin mesurer le bruit \u00e0 haute fr\u00e9quence (EMI).<\/p>\n<p>Une autre caract\u00e9ristique importante de Gordian est la possibilit\u00e9 pour l'utilisateur d'effectuer des tests pour s'assurer que la polarit\u00e9 de la connexion du Gordian au r\u00e9seau est correcte et que le chemin de mise \u00e0 la terre est \u00e0 la fois fonctionnel et d'une r\u00e9sistance suffisamment faible.<\/p>\n<p>Au dos de l'appareil se trouvent six prises de courant de forte puissance r\u00e9parties en deux groupes. Le groupe haute puissance se compose de deux prises avec un courant maximal de 15 A et un r\u00e9seau de filtrage avec une capacit\u00e9 d'att\u00e9nuation l\u00e9g\u00e8rement inf\u00e9rieure, tandis que le groupe basse puissance se compose de quatre prises avec un courant maximal de 4 A et un filtre plus efficace. Dans l'ensemble, l'unit\u00e9 peut supporter jusqu'\u00e0 20 A.<\/p>\n<p>A l'int\u00e9rieur de son ch\u00e2ssis, Gordian cache une construction plut\u00f4t int\u00e9ressante et complexe au centre de laquelle se trouve son filtre streamline. La topologie du filtre est d\u00e9termin\u00e9e par des relais, qui sont contr\u00f4l\u00e9s par les options de menu de l'utilisateur, en temps r\u00e9el. La plus grande partie du circuit imprim\u00e9 est occup\u00e9e par l'analyseur de la qualit\u00e9 de l'\u00e9nergie. C'est probablement la partie la plus int\u00e9ressante de l'appareil et c'est la partie du circuit qui offre la gamme assez large des fonctions de Gordian.<\/p>\n<table>\n<tbody>\n<tr>\n<td>Nombre de sorties<\/td>\n<td>6pcs<\/td>\n<\/tr>\n<tr>\n<td>Prises de courant hautement filtr\u00e9es (1-4)<\/td>\n<td>1000W<\/td>\n<\/tr>\n<tr>\n<td>Prises d'alimentation \u00e0 faible filtrage (1-2)<\/td>\n<td>3500W<\/td>\n<\/tr>\n<tr>\n<td>Entr\u00e9e secteur<\/td>\n<td>20A IEC C20<\/td>\n<\/tr>\n<tr>\n<td>Tension secteur<\/td>\n<td>230V \/ 50Hz (115V \/ 60Hz)<\/td>\n<\/tr>\n<tr>\n<td>Finition<\/td>\n<td>Noir mat et argent glac\u00e9<\/td>\n<\/tr>\n<tr>\n<td>Taille<\/td>\n<td>\n<ul>&lt;li<\/p>\n<li>Hauteur : 11 cm<\/li>\n<li>Profondeur : 29 cm<\/li>\n<\/ul>\n<\/td>\n<\/tr>\n<tr>\n<td>Poids<\/td>\n<td>8 kg<\/td>\n<\/tr>\n<\/tbody>\n<\/table>","protected":false},"excerpt":{"rendered":"<p>&nbsp;<\/p>\n<p>Lab 12 Gordian \u00e4r en innovativ str\u00f6mlinjefilter och kvalitetsanalysator. Med dess anv\u00e4ndarv\u00e4nliga design, stora m\u00e4ngd information och funktioner, ger Gordian dig full kontroll \u00f6ver din str\u00f6mf\u00f6rs\u00f6rjning. Upplev optimal energiabsorption och anpassningsbara filteralternativ, allt p\u00e5 en l\u00e4ttl\u00e4st OLED-sk\u00e4rm. Ta steget mot b\u00e4ttre str\u00f6mkvalitet med Gordian! <strong>\t\t\t<link rel=\"stylesheet\" id=\"elementor-post-17794-css\" href=\"https:\/\/studiokoncept.se\/wp-content\/uploads\/elementor\/css\/post-17794.css?ver=1777032343\" type=\"text\/css\" media=\"all\">\n<div data-elementor-type=\"wp-post\" data-elementor-id=\"17794\" class=\"elementor elementor-17794\" data-elementor-post-type=\"cms_block\">\n<section class=\"wd-negative-gap elementor-section elementor-top-section elementor-element elementor-element-a3c1ea9 elementor-section-boxed elementor-section-height-default elementor-section-height-default\" data-id=\"a3c1ea9\" data-element_type=\"section\" data-e-type=\"section\">\n<div class=\"elementor-container elementor-column-gap-default\">\n<div class=\"elementor-column elementor-col-100 elementor-top-column elementor-element elementor-element-3453722\" data-id=\"3453722\" data-element_type=\"column\" data-e-type=\"column\">\n<div class=\"elementor-widget-wrap elementor-element-populated\">\n<div class=\"elementor-element elementor-element-e3aa083 elementor-widget elementor-widget-wd_popup\" data-id=\"e3aa083\" data-element_type=\"widget\" data-e-type=\"widget\" data-widget_type=\"wd_popup.default\">\n<div class=\"elementor-widget-container\">\n<div class=\"wd-button-wrapper text-center\" >\n\t\t\t<a class=\"btn btn-style-3d btn-shape-semi-round btn-size-default wd-open-popup btn-color-custom btn-icon-pos-right\"  href=\"#popup-648aa778c66a6\"><br \/>\n\t\t\t\t<span class=\"wd-btn-text\" data-elementor-setting-key=\"text\"><br \/>\n\t\t\t\t\tStereolife\t\t\t\t<\/span><\/p>\n<p>\t\t\t\t\t\t\t<\/a>\n\t\t<\/div>\n<div id=\"popup-648aa778c66a6\" class=\"wd-popup wd-popup-element wd-entry-content mfp-hide\" style=\"--wd-popup-width:500px;\">\n<h3 style=\"text-align: center;\"><span style=\"color: #9b8100;\"><strong>L\u00e4s topptest i Stereolife<\/strong><\/span><\/h3>\n<p>[\u2026\u2026..] In summary, the Greek conditioner is not a device with which you can fine-tune the sound of your system by stretching it in one direction or another. Its main task is to protect connected devices and effectively filter the current. In the sphere of sound, this involves a thorough cleaning of the background, which translates into better clarity, stereo and a sense of increased power reserve. <strong><em>The producer claims that Gordian does not worsen the dynamics. I would say that it even improves it, adding a bit of depth and power, especially in the low frequency range<\/em><\/strong> [\u2026\u2026\u2026..]<\/p>\n<p>Gordian is a device that I have not seen in my career yet. I have seen similar ones &#8211; bigger, heavier, more expensive and more mysterious, shrouded in a fog of mysticism, but I have not yet dealt with a conditioner so intelligent, technically advanced and breaking all the rules. [\u2026\u2026.]<\/p>\n<p>If the Gordian had a chassis three times larger and heavier, and it had been made by one of the world&#8217;s leading hi-end amplifier manufacturers, many audiophiles would have paid 10,000 dollars for it, by the way, ordering a few cables for the same amount[\u2026\u2026.]<\/p>\n<p>I recommend that you at least rent a Gordian and play with it for a few days. There is a good chance that you will join the ranks of customers who have not returned it anymore.<\/p>\n<\/p><\/div>\n<\/p><\/div>\n<\/p><\/div>\n<\/p><\/div>\n<\/p><\/div>\n<\/p><\/div>\n<\/section><\/div>\n<p>\t\t<\/strong><\/p>\n<p><strong>L\u00e4s mer nedan:<\/strong><\/p>\n","protected":false},"featured_media":17791,"template":"","meta":[],"product_brand":[],"product_cat":[167,294,301],"product_tag":[],"class_list":{"0":"post-3163","1":"product","2":"type-product","3":"status-publish","4":"has-post-thumbnail","6":"product_cat-stromhantering","7":"product_cat-stromrening","8":"product_cat-stromlister","9":"product_shipping_class-standard","11":"first","12":"instock","13":"taxable","14":"shipping-taxable","15":"purchasable","16":"product-type-variable","17":"has-default-attributes"},"bundled_by":[],"bundle_stock_status":"instock","bundle_stock_quantity":null,"bundle_virtual":false,"bundle_layout":"","bundle_add_to_cart_form_location":"","bundle_editable_in_cart":false,"bundle_sold_individually_context":"","bundle_item_grouping":"","bundle_min_size":"","bundle_max_size":"","bundle_price":[],"bundled_items":[],"bundle_sell_ids":[],"_links":{"self":[{"href":"https:\/\/studiokoncept.se\/fr\/wp-json\/wp\/v2\/product\/3163","targetHints":{"allow":["GET"]}}],"collection":[{"href":"https:\/\/studiokoncept.se\/fr\/wp-json\/wp\/v2\/product"}],"about":[{"href":"https:\/\/studiokoncept.se\/fr\/wp-json\/wp\/v2\/types\/product"}],"version-history":[{"count":0,"href":"https:\/\/studiokoncept.se\/fr\/wp-json\/wp\/v2\/product\/3163\/revisions"}],"wp:featuredmedia":[{"embeddable":true,"href":"https:\/\/studiokoncept.se\/fr\/wp-json\/wp\/v2\/media\/17791"}],"wp:attachment":[{"href":"https:\/\/studiokoncept.se\/fr\/wp-json\/wp\/v2\/media?parent=3163"}],"wp:term":[{"taxonomy":"product_brand","embeddable":true,"href":"https:\/\/studiokoncept.se\/fr\/wp-json\/wp\/v2\/product_brand?post=3163"},{"taxonomy":"product_cat","embeddable":true,"href":"https:\/\/studiokoncept.se\/fr\/wp-json\/wp\/v2\/product_cat?post=3163"},{"taxonomy":"product_tag","embeddable":true,"href":"https:\/\/studiokoncept.se\/fr\/wp-json\/wp\/v2\/product_tag?post=3163"}],"curies":[{"name":"wp","href":"https:\/\/api.w.org\/{rel}","templated":true}]}}