{"id":3092,"date":"2016-12-12T13:00:51","date_gmt":"2016-12-12T12:00:51","guid":{"rendered":"https:\/\/studiokoncept.se\/?post_type=product&#038;p=3092"},"modified":"2024-01-25T06:53:31","modified_gmt":"2024-01-25T05:53:31","slug":"entreq-fotter","status":"publish","type":"product","link":"https:\/\/studiokoncept.se\/fr\/shop\/ovrigt\/fotter\/entreq-fotter\/","title":{"rendered":"Entreq ES-PAD Pieds en tungst\u00e8ne"},"content":{"rendered":"<h3><\/h3><\/h3>","protected":false},"excerpt":{"rendered":"<p>L'ES-PAD d'Entreq est con\u00e7u pour remplacer les pieds de produits, pour la plupart inad\u00e9quats.<\/p>\n<p>La conception de l'ES Pad est ax\u00e9e sur la transmission des vibrations et de l'\u00e9nergie \u00e0 tr\u00e8s haute fr\u00e9quence. Le pied de 35 mm de haut se compose d'une base acrylique qui isole du sol. Il est dot\u00e9 d'un coussin souple rempli de min\u00e9raux, contenant maintenant du tungst\u00e8ne, qui draine les vibrations et l'\u00e9nergie \u00e0 haute fr\u00e9quence vers le contenu min\u00e9ral et les transforme en chaleur inoffensive.<\/p>\n<p>Vendu en lot de 3 pi\u00e8ces.<\/p>","protected":false},"featured_media":6102,"template":"","meta":[],"product_brand":[],"product_cat":[175],"product_tag":[692,716,717],"class_list":{"0":"post-3092","1":"product","2":"type-product","3":"status-publish","4":"has-post-thumbnail","6":"product_cat-fotter","7":"product_tag-entreq","8":"product_tag-entreq-fotter","9":"product_tag-fotter","10":"product_shipping_class-standard","12":"first","13":"instock","14":"taxable","15":"shipping-taxable","16":"purchasable","17":"product-type-simple"},"bundled_by":[],"bundle_stock_status":"instock","bundle_stock_quantity":null,"bundle_virtual":false,"bundle_layout":"","bundle_add_to_cart_form_location":"","bundle_editable_in_cart":false,"bundle_sold_individually_context":"","bundle_item_grouping":"","bundle_min_size":"","bundle_max_size":"","bundle_price":[],"bundled_items":[],"bundle_sell_ids":[],"_links":{"self":[{"href":"https:\/\/studiokoncept.se\/fr\/wp-json\/wp\/v2\/product\/3092","targetHints":{"allow":["GET"]}}],"collection":[{"href":"https:\/\/studiokoncept.se\/fr\/wp-json\/wp\/v2\/product"}],"about":[{"href":"https:\/\/studiokoncept.se\/fr\/wp-json\/wp\/v2\/types\/product"}],"version-history":[{"count":0,"href":"https:\/\/studiokoncept.se\/fr\/wp-json\/wp\/v2\/product\/3092\/revisions"}],"wp:featuredmedia":[{"embeddable":true,"href":"https:\/\/studiokoncept.se\/fr\/wp-json\/wp\/v2\/media\/6102"}],"wp:attachment":[{"href":"https:\/\/studiokoncept.se\/fr\/wp-json\/wp\/v2\/media?parent=3092"}],"wp:term":[{"taxonomy":"product_brand","embeddable":true,"href":"https:\/\/studiokoncept.se\/fr\/wp-json\/wp\/v2\/product_brand?post=3092"},{"taxonomy":"product_cat","embeddable":true,"href":"https:\/\/studiokoncept.se\/fr\/wp-json\/wp\/v2\/product_cat?post=3092"},{"taxonomy":"product_tag","embeddable":true,"href":"https:\/\/studiokoncept.se\/fr\/wp-json\/wp\/v2\/product_tag?post=3092"}],"curies":[{"name":"wp","href":"https:\/\/api.w.org\/{rel}","templated":true}]}}