{"id":21186,"date":"2025-08-16T19:33:40","date_gmt":"2025-08-16T17:33:40","guid":{"rendered":"https:\/\/studiokoncept.se\/?post_type=product&#038;p=21186"},"modified":"2025-08-17T09:13:10","modified_gmt":"2025-08-17T07:13:10","slug":"rel-acoustics-tzero-mkiii","status":"publish","type":"product","link":"https:\/\/studiokoncept.se\/fr\/shop\/hogtalare\/subwoofers\/rel-acoustics-tzero-mkiii\/","title":{"rendered":"Rel Acoustics TZero MKIII"},"content":{"rendered":"<p>Rel Acoustics T\u2011Zero MKIII \u00e4r RELs minsta modell i Serie T, designad f\u00f6r att ge precis och snabb bas\u00e5tergivning i kompakta utrymmen. Med samma kvalitetskonstruktion och anslutningsm\u00f6jligheter som st\u00f6rre REL-modeller, erbjuder den en enast\u00e5ende kombination av prestanda, form och flexibilitet.<\/p>\n<h4 data-start=\"323\" data-end=\"355\">Funktioner och anslutningar<\/h4>\n<ul data-start=\"356\" data-end=\"909\">\n<li data-start=\"356\" data-end=\"433\">\n<p data-start=\"358\" data-end=\"433\"><span class=\"relative -mx-px my-[-0.2rem] rounded px-px py-[0.2rem] transition-colors duration-100 ease-in-out\"><strong data-start=\"0\" data-end=\"28\" data-is-only-node=\"\">Element och f\u00f6rst\u00e4rkning<\/strong>: 6,5\u2033 l\u00e5ngslagigt aluminiumkon-element i st\u00e5lchassi, ned\u00e5triktat, drivet av en 100\u202fW NextGen Class\u202fD-f\u00f6rst\u00e4rkare.<\/span><\/p>\n<\/li>\n<li data-start=\"434\" data-end=\"511\">\n<p data-start=\"436\" data-end=\"511\"><span class=\"relative -mx-px my-[-0.2rem] rounded px-px py-[0.2rem] transition-colors duration-100 ease-in-out\"><strong data-start=\"0\" data-end=\"12\" data-is-only-node=\"\">Kabinett<\/strong>: Akustisk suspension (slutet kabinett) med intern f\u00f6rst\u00e4rkning och resonansd\u00e4mpning. Fem lager h\u00f6gblank lack i svart eller vitt.<\/span><\/p>\n<\/li>\n<li data-start=\"512\" data-end=\"745\">\n<p data-start=\"514\" data-end=\"531\"><strong data-start=\"514\" data-end=\"530\">Anslutningar<\/strong>:<\/p>\n<ul data-start=\"534\" data-end=\"745\">\n<li data-start=\"534\" data-end=\"573\">\n<p data-start=\"536\" data-end=\"573\"><span class=\"relative -mx-px my-[-0.2rem] rounded px-px py-[0.2rem] transition-colors duration-100 ease-in-out\">H\u00f6g niv\u00e5: Neutrik Speakon-kontakt<\/span><\/p>\n<\/li>\n<li data-start=\"576\" data-end=\"617\">\n<p data-start=\"578\" data-end=\"617\"><span class=\"relative -mx-px my-[-0.2rem] rounded px-px py-[0.2rem] transition-colors duration-100 ease-in-out\">L\u00e5gniv\u00e5: Mono RCA<\/span><\/p>\n<\/li>\n<li data-start=\"620\" data-end=\"661\">\n<p data-start=\"622\" data-end=\"661\"><span class=\"relative -mx-px my-[-0.2rem] rounded px-px py-[0.2rem] transition-colors duration-100 ease-in-out\">LFE: RCA med separat volymkontroll<\/span><\/p>\n<\/li>\n<li data-start=\"664\" data-end=\"745\">\n<p data-start=\"666\" data-end=\"745\"><span class=\"relative -mx-px my-[-0.2rem] rounded px-px py-[0.2rem] transition-colors duration-100 ease-in-out\">Fasev\u00e4ljare (0\u00b0\/180\u00b0), l\u00e5gpasscrossover, standby-autostart, och regler f\u00f6r niv\u00e5er.<\/span><\/p>\n<\/li>\n<\/ul>\n<\/li>\n<li data-start=\"746\" data-end=\"827\">\n<p data-start=\"748\" data-end=\"827\"><span class=\"relative -mx-px my-[-0.2rem] rounded px-px py-[0.2rem] transition-colors duration-100 ease-in-out\"><strong data-start=\"0\" data-end=\"9\" data-is-only-node=\"\">Skydd<\/strong>: Inbyggd elektronisk Set\u2011Safe-krets, \u00f6verstr\u00f6ms- och kortslutningsskydd.<\/span><\/p>\n<\/li>\n<li data-start=\"828\" data-end=\"909\">\n<p data-start=\"830\" data-end=\"909\"><span class=\"relative -mx-px my-[-0.2rem] rounded px-px py-[0.2rem] transition-colors duration-100 ease-in-out\"><strong data-start=\"0\" data-end=\"21\" data-is-only-node=\"\">Tr\u00e5dl\u00f6s kapacitet<\/strong>: Kompatibel med valfri HT\u2011Air\u202fMKII-wifi-l\u00f6sning (s\u00e4ljs separat).<\/span><\/p>\n<\/li>\n<\/ul>\n<h4 data-start=\"911\" data-end=\"925\">Prestanda<\/h4>\n<ul data-start=\"926\" data-end=\"1366\">\n<li data-start=\"926\" data-end=\"1007\">\n<p data-start=\"928\" data-end=\"1007\"><span class=\"relative -mx-px my-[-0.2rem] rounded px-px py-[0.2rem] transition-colors duration-100 ease-in-out\"><strong data-start=\"0\" data-end=\"19\" data-is-only-node=\"\">Frekvensrespons<\/strong>: \u20136\u202fdB vid cirka 37\u202fHz.<\/span><\/p>\n<\/li>\n<li data-start=\"1008\" data-end=\"1089\">\n<p data-start=\"1010\" data-end=\"1089\"><span class=\"relative -mx-px my-[-0.2rem] rounded px-px py-[0.2rem] transition-colors duration-100 ease-in-out\"><strong data-start=\"0\" data-end=\"23\" data-is-only-node=\"\">Optimal rumsstorlek<\/strong>: Sm\u00e5 till medelstora rum upp till cirka 14\u202fm\u00b2 .<\/span><\/p>\n<\/li>\n<li data-start=\"1090\" data-end=\"1171\">\n<p data-start=\"1092\" data-end=\"1171\"><span class=\"relative -mx-px my-[-0.2rem] rounded px-px py-[0.2rem] transition-colors duration-100 ease-in-out\"><strong data-start=\"0\" data-end=\"22\" data-is-only-node=\"\">Anv\u00e4ndarupplevelse<\/strong>: Recensioner beskriver modellen som \u201cmiracle in miniature\u201d, snabb bas, breddad ljudbild och h\u00f6g byggkvalitet.<\/span><\/p>\n<\/li>\n<\/ul>\n","protected":false},"excerpt":{"rendered":"<p data-start=\"98\" data-end=\"173\"><span class=\"relative -mx-px my-[-0.2rem] rounded px-px py-[0.2rem] transition-colors duration-100 ease-in-out\">Rel Acoustics T\u2011Zero MKIII \u00e4r en kompakt, men mycket kapabel aktiv subwoofer \u2013 perfekt f\u00f6r sm\u00e5 rum, kontor och l\u00e4genheter. Utrustad med l\u00e5ngslagigt 6,5\u2033 aluminium-element och 100\u202fW effektsn\u00e5l Class\u202fD-f\u00f6rst\u00e4rkare levererar den naturlig, detaljerad bas utan att ta upp mycket plats. Den f\u00f6rseglas i ett resonansd\u00e4mpat kabinett med fem lager h\u00f6gblank lack i svart eller vitt. Anslut via b\u00e5de h\u00f6g- (Neutrik Speakon) och l\u00e5gniv\u00e5 (RCA), inklusive dedikerad .1\/LFE-ing\u00e5ng. En riktigt liten kraftkarakt\u00e4r \u2013 en &#8221;miracle in miniature&#8221;.<\/span><\/p>\n","protected":false},"featured_media":21187,"template":"","meta":[],"product_brand":[],"product_cat":[321],"product_tag":[],"class_list":{"0":"post-21186","1":"product","2":"type-product","3":"status-publish","4":"has-post-thumbnail","6":"product_cat-subwoofers","7":"product_shipping_class-standard","9":"first","10":"instock","11":"taxable","12":"shipping-taxable","13":"purchasable","14":"product-type-variable"},"bundled_by":[],"bundle_stock_status":"instock","bundle_stock_quantity":null,"bundle_virtual":false,"bundle_layout":"","bundle_add_to_cart_form_location":"","bundle_editable_in_cart":false,"bundle_sold_individually_context":"","bundle_item_grouping":"","bundle_min_size":"","bundle_max_size":"","bundle_price":[],"bundled_items":[],"bundle_sell_ids":[],"_links":{"self":[{"href":"https:\/\/studiokoncept.se\/fr\/wp-json\/wp\/v2\/product\/21186","targetHints":{"allow":["GET"]}}],"collection":[{"href":"https:\/\/studiokoncept.se\/fr\/wp-json\/wp\/v2\/product"}],"about":[{"href":"https:\/\/studiokoncept.se\/fr\/wp-json\/wp\/v2\/types\/product"}],"version-history":[{"count":0,"href":"https:\/\/studiokoncept.se\/fr\/wp-json\/wp\/v2\/product\/21186\/revisions"}],"wp:featuredmedia":[{"embeddable":true,"href":"https:\/\/studiokoncept.se\/fr\/wp-json\/wp\/v2\/media\/21187"}],"wp:attachment":[{"href":"https:\/\/studiokoncept.se\/fr\/wp-json\/wp\/v2\/media?parent=21186"}],"wp:term":[{"taxonomy":"product_brand","embeddable":true,"href":"https:\/\/studiokoncept.se\/fr\/wp-json\/wp\/v2\/product_brand?post=21186"},{"taxonomy":"product_cat","embeddable":true,"href":"https:\/\/studiokoncept.se\/fr\/wp-json\/wp\/v2\/product_cat?post=21186"},{"taxonomy":"product_tag","embeddable":true,"href":"https:\/\/studiokoncept.se\/fr\/wp-json\/wp\/v2\/product_tag?post=21186"}],"curies":[{"name":"wp","href":"https:\/\/api.w.org\/{rel}","templated":true}]}}