{"id":21177,"date":"2025-08-14T08:46:52","date_gmt":"2025-08-14T06:46:52","guid":{"rendered":"https:\/\/studiokoncept.se\/?post_type=product&#038;p=21177"},"modified":"2025-08-14T08:46:52","modified_gmt":"2025-08-14T06:46:52","slug":"rel-acoustics-classics-99","status":"publish","type":"product","link":"https:\/\/studiokoncept.se\/fr\/shop\/hogtalare\/subwoofers\/rel-acoustics-classics-99\/","title":{"rendered":"Rel Acoustics Classics 99"},"content":{"rendered":"<p data-start=\"204\" data-end=\"382\"><strong data-start=\"204\" data-end=\"226\">Design och estetik<\/strong><br data-start=\"226\" data-end=\"229\" \/><span class=\"relative -mx-px my-[-0.2rem] rounded px-px py-[0.2rem] transition-colors duration-100 ease-in-out\">Classic\u202f99 bygger vidare p\u00e5 arvet fr\u00e5n Classic\u202f98, men tar det \u00e4nnu l\u00e4ngre \u2013 cirka 40\u202f% st\u00f6rre volym och kraftigare prestanda. Kabinettets v\u00e4ggar \u00e4r upp till 32\u202fmm tjocka och t\u00e4ckta med exklusivt, m\u00f6rkt valn\u00f6tsfan\u00e9r, omsorgsfullt handmonterat f\u00f6r en elegant och varm finish<\/span>. <span class=\"relative -mx-px my-[-0.2rem] rounded px-px py-[0.2rem] transition-colors duration-100 ease-in-out\">Den diskreta aluminiumlogo och de mjukt rundade f\u00f6tterna i maskinfr\u00e4st svart metall bidrar till en lyxig, men sober design<\/span> .<\/p>\n<p data-start=\"384\" data-end=\"566\"><strong data-start=\"384\" data-end=\"408\">Teknik och prestanda<\/strong><br data-start=\"408\" data-end=\"411\" \/><span class=\"relative -mx-px my-[-0.2rem] rounded px-px py-[0.2rem] transition-colors duration-100 ease-in-out\">Utrustad med en 12\u2011tums l\u00e5ngslagig &#8221;paper\u2011on\u2011paper&#8221;-driver i en ned\u00e5triktad sealed-konstruktion, driven av en 450\u202fW Class\u202fD\u2011f\u00f6rst\u00e4rkare, levererar Classic\u202f99 mer kraft och djup \u00e4n sin f\u00f6reg\u00e5ngare<\/span>. <span class=\"relative -mx-px my-[-0.2rem] rounded px-px py-[0.2rem] transition-colors duration-100 ease-in-out\">F\u00f6rst\u00e4rkaren paras med RELs analogf\u00f6rst\u00e4rkta PerfectFilter\u2122-kretssystem, vilket g\u00f6r att den n\u00e5r \u00e4nda ner till och under 24\u202fHz (\u20136\u202fdB vid 24\u202fHz), med m\u00e4rkbar bas redan vid 20\u202fHz beroende p\u00e5 placering<\/span>.<\/p>\n<p data-start=\"568\" data-end=\"855\"><strong data-start=\"568\" data-end=\"610\">Anslutningsm\u00f6jligheter och integration<\/strong><br data-start=\"610\" data-end=\"613\" \/><span class=\"relative -mx-px my-[-0.2rem] rounded px-px py-[0.2rem] transition-colors duration-100 ease-in-out\">REL \u00e4r k\u00e4nt f\u00f6r sin unika h\u00f6g-niv\u00e5anslutning via Neutrik Speakon-kabel, vilket f\u00f6rs\u00e4krar att subwoofern f\u00e5r exakt samma signal som huvudh\u00f6gtalarna \u2013 en viktig ingrediens i dess musikalitet<\/span>. <span class=\"relative -mx-px my-[-0.2rem] rounded px-px py-[0.2rem] transition-colors duration-100 ease-in-out\">Dessutom finns vanliga l\u00e5gniv\u00e5-RCA-ing\u00e5ngar samt dedikerad .1\/LFE-ing\u00e5ng med egen niv\u00e5kontroll, och faskontroll finns ocks\u00e5<\/span>. <span class=\"relative -mx-px my-[-0.2rem] rounded px-px py-[0.2rem] transition-colors duration-100 ease-in-out\">F\u00f6r tr\u00e5dl\u00f6s anv\u00e4ndning g\u00e5r den att kombinera med RELs AirShip\u202fII eller HT\u2011Air Mk\u202fII, som ger h\u00f6gkvalitativ, l\u00e5g\u2011latens tr\u00e5dl\u00f6s \u00f6verf\u00f6ring p\u00e5 5,8\u202fGHz<\/span> .<\/p>\n<p data-start=\"857\" data-end=\"1086\"><strong data-start=\"857\" data-end=\"882\">Prestanda i praktiken<\/strong><br data-start=\"882\" data-end=\"885\" \/><span class=\"relative -mx-px my-[-0.2rem] rounded px-px py-[0.2rem] transition-colors duration-100 ease-in-out\">Classick\u202f99 \u00e4r byggd f\u00f6r medelstora till stora rum (150\u2013400\u202fft\u00b2 \/ 14\u201337\u202fm\u00b2), d\u00e4r den fyller rummet med rik, naturlig och fyllig bas<\/span>. <span class=\"relative -mx-px my-[-0.2rem] rounded px-px py-[0.2rem] transition-colors duration-100 ease-in-out\">Recensenter lovordar dess musikalitet och hur den f\u00f6rb\u00e4ttrar ljudbilden utan att maskera huvudh\u00f6gtalarnas karakt\u00e4r \u2013 f\u00f6rst\u00e4rkning av det som redan finns, snarare \u00e4n att ta \u00f6ver<\/span>. <span class=\"relative -mx-px my-[-0.2rem] rounded px-px py-[0.2rem] transition-colors duration-100 ease-in-out\">En recensent beskrev upplevelsen:<\/span><\/p>\n<blockquote data-start=\"1088\" data-end=\"1169\">\n<p data-start=\"1090\" data-end=\"1169\"><span class=\"relative -mx-px my-[-0.2rem] rounded px-px py-[0.2rem] transition-colors duration-100 ease-in-out\">\u201d&#8230;additional impact with the drumbeats, but also a touch more warmth and body in the bass notes. There was no discontinuity between the speakers and subwoofer&#8230;\u201d<\/span><\/p>\n<\/blockquote>\n<p data-start=\"1171\" data-end=\"1251\"><span class=\"relative -mx-px my-[-0.2rem] rounded px-px py-[0.2rem] transition-colors duration-100 ease-in-out\">Den har j\u00e4mf\u00f6rts med mycket dyrare modeller och bed\u00f6ms som en av de mest musikaliska subwoofrarna i REL:s sortiment<\/span>.<\/p>\n","protected":false},"excerpt":{"rendered":"<p data-start=\"124\" data-end=\"161\"><span class=\"relative -mx-px my-[-0.2rem] rounded px-px py-[0.2rem] transition-colors duration-100 ease-in-out\">Kliv in i en v\u00e4rld d\u00e4r klassisk sk\u00f6nhet m\u00f6ter kompromissl\u00f6s prestanda \u2013 Classic\u202f99 fr\u00e5n REL Acoustics. Med sin eleganta mid\u2011century-modern-inspirerade design, sl\u00e5ende \u00e4kta valn\u00f6tsfan\u00e9r och robusta konstruktion, f\u00f6renar denna subwoofer tidl\u00f6s estetik med modern teknik. Utrustad med en kraftfull 12\u2011tums &#8221;paper\u2011on\u2011paper&#8221;-enhet och en p\u00e5litlig 450\u202fW Class\u202fD\u2011f\u00f6rst\u00e4rkare levererar Classic\u202f99 djup, detaljerad och musikalisk bas. Den ned\u00e5triktade designen integrerar s\u00f6ml\u00f6st med b\u00e5de vintageh\u00f6gtalare och moderna system, och g\u00f6r varje lyssningsupplevelse till n\u00e5got alldeles s\u00e4rskilt.<\/span><\/p>\n","protected":false},"featured_media":21178,"template":"","meta":[],"product_brand":[],"product_cat":[321],"product_tag":[],"class_list":{"0":"post-21177","1":"product","2":"type-product","3":"status-publish","4":"has-post-thumbnail","6":"product_cat-subwoofers","7":"product_shipping_class-standard","9":"first","10":"instock","11":"taxable","12":"shipping-taxable","13":"purchasable","14":"product-type-simple"},"bundled_by":[],"bundle_stock_status":"instock","bundle_stock_quantity":null,"bundle_virtual":false,"bundle_layout":"","bundle_add_to_cart_form_location":"","bundle_editable_in_cart":false,"bundle_sold_individually_context":"","bundle_item_grouping":"","bundle_min_size":"","bundle_max_size":"","bundle_price":[],"bundled_items":[],"bundle_sell_ids":[],"_links":{"self":[{"href":"https:\/\/studiokoncept.se\/fr\/wp-json\/wp\/v2\/product\/21177","targetHints":{"allow":["GET"]}}],"collection":[{"href":"https:\/\/studiokoncept.se\/fr\/wp-json\/wp\/v2\/product"}],"about":[{"href":"https:\/\/studiokoncept.se\/fr\/wp-json\/wp\/v2\/types\/product"}],"version-history":[{"count":0,"href":"https:\/\/studiokoncept.se\/fr\/wp-json\/wp\/v2\/product\/21177\/revisions"}],"wp:featuredmedia":[{"embeddable":true,"href":"https:\/\/studiokoncept.se\/fr\/wp-json\/wp\/v2\/media\/21178"}],"wp:attachment":[{"href":"https:\/\/studiokoncept.se\/fr\/wp-json\/wp\/v2\/media?parent=21177"}],"wp:term":[{"taxonomy":"product_brand","embeddable":true,"href":"https:\/\/studiokoncept.se\/fr\/wp-json\/wp\/v2\/product_brand?post=21177"},{"taxonomy":"product_cat","embeddable":true,"href":"https:\/\/studiokoncept.se\/fr\/wp-json\/wp\/v2\/product_cat?post=21177"},{"taxonomy":"product_tag","embeddable":true,"href":"https:\/\/studiokoncept.se\/fr\/wp-json\/wp\/v2\/product_tag?post=21177"}],"curies":[{"name":"wp","href":"https:\/\/api.w.org\/{rel}","templated":true}]}}