{"id":21037,"date":"2025-05-21T08:26:36","date_gmt":"2025-05-21T06:26:36","guid":{"rendered":"https:\/\/studiokoncept.se\/?post_type=product&#038;p=21037"},"modified":"2025-05-31T19:53:32","modified_gmt":"2025-05-31T17:53:32","slug":"bertram-audio-ultima-wave-signalkabel-rca","status":"publish","type":"product","link":"https:\/\/studiokoncept.se\/fr\/shop\/kablar\/analoga-kablar\/rca-kablar\/bertram-audio-ultima-wave-signalkabel-rca\/","title":{"rendered":"Bertram Audio Ultima Wave c\u00e2ble de signal RCA"},"content":{"rendered":"","protected":false},"excerpt":{"rendered":"<p>Le meilleur c\u00e2ble de signal asym\u00e9trique de Bertram Audio avec des connecteurs XLR.<\/p>\n<p>Un c\u00e2ble de r\u00eave. L'argent \u00e0 son meilleur. Il n'y a rien que je pr\u00e9f\u00e8rerais brancher.<\/p>\n<p>C'est aussi tr\u00e8s beau.<\/p>\n<p>Image \u00e0 venir.<\/p>","protected":false},"featured_media":0,"template":"","meta":[],"product_brand":[],"product_cat":[629],"product_tag":[],"class_list":{"0":"post-21037","1":"product","2":"type-product","3":"status-publish","5":"product_cat-rca-kablar","6":"product_shipping_class-standard","8":"first","9":"instock","10":"taxable","11":"shipping-taxable","12":"purchasable","13":"product-type-variable"},"bundled_by":[],"bundle_stock_status":"instock","bundle_stock_quantity":null,"bundle_virtual":false,"bundle_layout":"","bundle_add_to_cart_form_location":"","bundle_editable_in_cart":false,"bundle_sold_individually_context":"","bundle_item_grouping":"","bundle_min_size":"","bundle_max_size":"","bundle_price":[],"bundled_items":[],"bundle_sell_ids":[],"_links":{"self":[{"href":"https:\/\/studiokoncept.se\/fr\/wp-json\/wp\/v2\/product\/21037","targetHints":{"allow":["GET"]}}],"collection":[{"href":"https:\/\/studiokoncept.se\/fr\/wp-json\/wp\/v2\/product"}],"about":[{"href":"https:\/\/studiokoncept.se\/fr\/wp-json\/wp\/v2\/types\/product"}],"version-history":[{"count":0,"href":"https:\/\/studiokoncept.se\/fr\/wp-json\/wp\/v2\/product\/21037\/revisions"}],"wp:attachment":[{"href":"https:\/\/studiokoncept.se\/fr\/wp-json\/wp\/v2\/media?parent=21037"}],"wp:term":[{"taxonomy":"product_brand","embeddable":true,"href":"https:\/\/studiokoncept.se\/fr\/wp-json\/wp\/v2\/product_brand?post=21037"},{"taxonomy":"product_cat","embeddable":true,"href":"https:\/\/studiokoncept.se\/fr\/wp-json\/wp\/v2\/product_cat?post=21037"},{"taxonomy":"product_tag","embeddable":true,"href":"https:\/\/studiokoncept.se\/fr\/wp-json\/wp\/v2\/product_tag?post=21037"}],"curies":[{"name":"wp","href":"https:\/\/api.w.org\/{rel}","templated":true}]}}