{"id":20907,"date":"2025-01-27T06:47:05","date_gmt":"2025-01-27T05:47:05","guid":{"rendered":"https:\/\/studiokoncept.se\/?post_type=product&#038;p=20907"},"modified":"2025-01-27T08:53:50","modified_gmt":"2025-01-27T07:53:50","slug":"gold-note-t-5","status":"publish","type":"product","link":"https:\/\/studiokoncept.se\/fr\/shop\/vinyl\/skivspelare\/gold-note-t-5\/","title":{"rendered":"Gold Note T-5"},"content":{"rendered":"<p>La Gold Note T-5 est une platine con\u00e7ue pour permettre aux d\u00e9butants de s'initier en douceur au monde du vinyle, sans compromis sur la qualit\u00e9 ou le design. La conception \u00e0 entra\u00eenement par courroie, associ\u00e9e \u00e0 un plateau sandwich en acrylique, garantit une lecture fluide et stable, ce qui est essentiel pour d\u00e9couvrir le caract\u00e8re unique du son du vinyle.<\/p>\n<p>Le ch\u00e2ssis, fabriqu\u00e9 en MDF anti-vibrations, est con\u00e7u pour minimiser les r\u00e9sonances g\u00eanantes, ce qui contribue \u00e0 un son plus net et plus d\u00e9taill\u00e9. Le bras de lecture de 9 pouces est facile \u00e0 r\u00e9gler et compatible avec de nombreux micros standard, ce qui facilite la mise en route sans connaissances techniques.<\/p>\n<p>Le design minimaliste et la pr\u00e9cision italienne du T-5 en font un ajout \u00e9l\u00e9gant \u00e0 toute maison. Bien qu'il soit d\u00e9pourvu de certaines des fonctions avanc\u00e9es des mod\u00e8les haut de gamme, il offre tout ce dont vous avez besoin pour commencer \u00e0 profiter de votre collection de vinyles avec un son exceptionnel et une grande fiabilit\u00e9. Pour ceux qui souhaitent explorer les charmes du vinyle sans investir dans un \u00e9quipement plus avanc\u00e9, le Gold Note T-5 est un point de d\u00e9part id\u00e9al.<\/p>","protected":false},"excerpt":{"rendered":"<p>Le Gold Note T-5 est le mod\u00e8le d'entr\u00e9e de gamme id\u00e9al pour ceux qui souhaitent d\u00e9couvrir la magie du vinyle. Avec sa construction \u00e0 entra\u00eenement par courroie et son plateau en acrylique sans r\u00e9sonance, il offre une reproduction sonore stable et claire. Le design est simple mais \u00e9l\u00e9gant, et l'accent est mis sur la facilit\u00e9 d'utilisation et la fiabilit\u00e9. Le T-5 est \u00e9quip\u00e9 d'un bras de lecture facile \u00e0 r\u00e9gler qui facilite la lecture des disques, m\u00eame pour les d\u00e9butants. Avec sa pr\u00e9cision italienne et sa qualit\u00e9 sonore \u00e9quilibr\u00e9e, la T-5 est un excellent choix pour ceux qui recherchent une platine fiable et \u00e9l\u00e9gante pour commencer leur voyage vinyle.<\/p>","protected":false},"featured_media":20908,"template":"","meta":[],"product_brand":[],"product_cat":[320],"product_tag":[],"class_list":{"0":"post-20907","1":"product","2":"type-product","3":"status-publish","4":"has-post-thumbnail","6":"product_cat-skivspelare","7":"product_shipping_class-standard","9":"first","10":"instock","11":"taxable","12":"shipping-taxable","13":"purchasable","14":"product-type-simple"},"bundled_by":[],"bundle_stock_status":"instock","bundle_stock_quantity":null,"bundle_virtual":false,"bundle_layout":"","bundle_add_to_cart_form_location":"","bundle_editable_in_cart":false,"bundle_sold_individually_context":"","bundle_item_grouping":"","bundle_min_size":"","bundle_max_size":"","bundle_price":[],"bundled_items":[],"bundle_sell_ids":[],"_links":{"self":[{"href":"https:\/\/studiokoncept.se\/fr\/wp-json\/wp\/v2\/product\/20907","targetHints":{"allow":["GET"]}}],"collection":[{"href":"https:\/\/studiokoncept.se\/fr\/wp-json\/wp\/v2\/product"}],"about":[{"href":"https:\/\/studiokoncept.se\/fr\/wp-json\/wp\/v2\/types\/product"}],"version-history":[{"count":0,"href":"https:\/\/studiokoncept.se\/fr\/wp-json\/wp\/v2\/product\/20907\/revisions"}],"wp:featuredmedia":[{"embeddable":true,"href":"https:\/\/studiokoncept.se\/fr\/wp-json\/wp\/v2\/media\/20908"}],"wp:attachment":[{"href":"https:\/\/studiokoncept.se\/fr\/wp-json\/wp\/v2\/media?parent=20907"}],"wp:term":[{"taxonomy":"product_brand","embeddable":true,"href":"https:\/\/studiokoncept.se\/fr\/wp-json\/wp\/v2\/product_brand?post=20907"},{"taxonomy":"product_cat","embeddable":true,"href":"https:\/\/studiokoncept.se\/fr\/wp-json\/wp\/v2\/product_cat?post=20907"},{"taxonomy":"product_tag","embeddable":true,"href":"https:\/\/studiokoncept.se\/fr\/wp-json\/wp\/v2\/product_tag?post=20907"}],"curies":[{"name":"wp","href":"https:\/\/api.w.org\/{rel}","templated":true}]}}