{"id":20903,"date":"2025-01-27T06:24:07","date_gmt":"2025-01-27T05:24:07","guid":{"rendered":"https:\/\/studiokoncept.se\/?post_type=product&#038;p=20903"},"modified":"2025-01-27T08:55:03","modified_gmt":"2025-01-27T07:55:03","slug":"hifiman-ananda-nano","status":"publish","type":"product","link":"https:\/\/studiokoncept.se\/fr\/produkt\/hifiman-ananda-nano\/","title":{"rendered":"Hifiman Ananda Nano"},"content":{"rendered":"<p>Le Hifiman Ananda Nano est un casque qui allie technologie moderne et prix raisonnable pour son segment. Dot\u00e9 d'\u00e9l\u00e9ments magn\u00e9tiques planaires et du nouveau diaphragme NEO \"supernano\", plus fin que les g\u00e9n\u00e9rations pr\u00e9c\u00e9dentes, il offre un son d\u00e9taill\u00e9 et clair, en particulier dans les m\u00e9diums et les aigus. La r\u00e9ponse dans les basses est naturelle et serr\u00e9e, bien que ceux qui pr\u00e9f\u00e8rent plus de punch dans les basses puissent la trouver un peu limit\u00e9e.<\/p>\n<p>La conception ouverte offre un paysage sonore a\u00e9r\u00e9 et large, parfait pour la musique acoustique et instrumentale, mais aussi des fuites sonores, ce qui le rend moins adapt\u00e9 aux espaces partag\u00e9s. La qualit\u00e9 de fabrication est solide, avec un bandeau en m\u00e9tal et en similicuir qui semble robuste et confortable, bien que la taille du casque puisse \u00eatre l\u00e9g\u00e8rement difficile \u00e0 manier pour certains utilisateurs.<\/p>\n<p>L'Ananda Nano fonctionne bien avec la plupart des appareils gr\u00e2ce \u00e0 son imp\u00e9dance relativement faible, mais pour profiter pleinement de ses capacit\u00e9s, il est recommand\u00e9 d'utiliser un amplificateur ou un DAC de haute qualit\u00e9. Id\u00e9al pour un usage domestique, ce casque s'adresse aux audiophiles qui souhaitent b\u00e9n\u00e9ficier d'un son \u00e9quilibr\u00e9 et d\u00e9taill\u00e9 sans faire trop de compromis.<\/p>","protected":false},"excerpt":{"rendered":"<p>Le Hifiman Ananda Nano est un casque magn\u00e9tique planaire qui offre une qualit\u00e9 sonore \u00e9lev\u00e9e, ax\u00e9e sur les d\u00e9tails et les vastes paysages sonores. Gr\u00e2ce \u00e0 la fine membrane NEO \"supernano\", la musique est reproduite avec une clart\u00e9 et une pr\u00e9cision impressionnantes. Le design est confortable pour une \u00e9coute prolong\u00e9e, bien que la construction \u00e0 dos ouvert ne soit pas id\u00e9ale pour les environnements bruyants. L'Ananda Nano est un excellent choix pour les m\u00e9lomanes \u00e0 la recherche d'une exp\u00e9rience sonore \u00e9quilibr\u00e9e, mais il peut n\u00e9cessiter un bon amplificateur pour atteindre son plein potentiel.<\/p>","protected":false},"featured_media":20904,"template":"","meta":[],"product_brand":[],"product_cat":[157],"product_tag":[],"class_list":{"0":"post-20903","1":"product","2":"type-product","3":"status-publish","4":"has-post-thumbnail","6":"product_cat-horlurar","7":"product_shipping_class-standard","9":"first","10":"instock","11":"taxable","12":"shipping-taxable","13":"purchasable","14":"product-type-simple"},"bundled_by":[],"bundle_stock_status":"instock","bundle_stock_quantity":null,"bundle_virtual":false,"bundle_layout":"","bundle_add_to_cart_form_location":"","bundle_editable_in_cart":false,"bundle_sold_individually_context":"","bundle_item_grouping":"","bundle_min_size":"","bundle_max_size":"","bundle_price":[],"bundled_items":[],"bundle_sell_ids":[],"_links":{"self":[{"href":"https:\/\/studiokoncept.se\/fr\/wp-json\/wp\/v2\/product\/20903","targetHints":{"allow":["GET"]}}],"collection":[{"href":"https:\/\/studiokoncept.se\/fr\/wp-json\/wp\/v2\/product"}],"about":[{"href":"https:\/\/studiokoncept.se\/fr\/wp-json\/wp\/v2\/types\/product"}],"version-history":[{"count":0,"href":"https:\/\/studiokoncept.se\/fr\/wp-json\/wp\/v2\/product\/20903\/revisions"}],"wp:featuredmedia":[{"embeddable":true,"href":"https:\/\/studiokoncept.se\/fr\/wp-json\/wp\/v2\/media\/20904"}],"wp:attachment":[{"href":"https:\/\/studiokoncept.se\/fr\/wp-json\/wp\/v2\/media?parent=20903"}],"wp:term":[{"taxonomy":"product_brand","embeddable":true,"href":"https:\/\/studiokoncept.se\/fr\/wp-json\/wp\/v2\/product_brand?post=20903"},{"taxonomy":"product_cat","embeddable":true,"href":"https:\/\/studiokoncept.se\/fr\/wp-json\/wp\/v2\/product_cat?post=20903"},{"taxonomy":"product_tag","embeddable":true,"href":"https:\/\/studiokoncept.se\/fr\/wp-json\/wp\/v2\/product_tag?post=20903"}],"curies":[{"name":"wp","href":"https:\/\/api.w.org\/{rel}","templated":true}]}}