{"id":20568,"date":"2024-12-17T13:35:45","date_gmt":"2024-12-17T12:35:45","guid":{"rendered":"https:\/\/studiokoncept.se\/?post_type=product&#038;p=20568"},"modified":"2024-12-17T13:35:45","modified_gmt":"2024-12-17T12:35:45","slug":"line-magnetic-lm-300ia","status":"publish","type":"product","link":"https:\/\/studiokoncept.se\/fr\/produkt\/line-magnetic-lm-300ia\/","title":{"rendered":"Line Magnetic LM-300IA"},"content":{"rendered":"<p>Le Line Magnetic LM-300IA est un amplificateur int\u00e9gr\u00e9 \u00e0 tubes haut de gamme con\u00e7u pour offrir une exp\u00e9rience sonore authentique avec des tubes de sortie 300B classiques. Il s'inspire des mod\u00e8les anciens, mais les associe \u00e0 une technologie moderne et \u00e0 des composants de la plus haute qualit\u00e9 pour r\u00e9pondre aux exigences actuelles en mati\u00e8re de reproduction audio.<\/p>\n<p><strong>Construction et conception<\/strong><\/p>\n<p>Le LM-300IA est dot\u00e9 d'un ch\u00e2ssis m\u00e9tallique robuste et d'une finition \u00e9l\u00e9gante qui t\u00e9moigne d'un haut niveau de savoir-faire. Il pr\u00e9sente une disposition classique avec des tubes apparents, ce qui non seulement apporte une esth\u00e9tique qui pla\u00eet aux audiophiles, mais aide aussi \u00e0 la dissipation de la chaleur. Le panneau avant est minimaliste et comporte des commandes pour le volume, la commutation d'entr\u00e9e et le r\u00e9glage de la polarisation.<\/p>\n<p><strong>Configuration des tuyaux<\/strong><\/p>\n<p>Le LM-300IA utilise les l\u00e9gendaires tubes de sortie 300B en configuration triode simple (SET). Ces tubes sont r\u00e9put\u00e9s pour leur capacit\u00e9 unique \u00e0 reproduire le son avec une musicalit\u00e9 exceptionnelle, des d\u00e9tails et une tonalit\u00e9 naturelle et chaleureuse. L'amplificateur comprend \u00e9galement un tube 5U4G comme tube de droite et des tubes 12AX7 et 12AU7 comme \u00e9tages d'attaque.<\/p>\n<p><strong>Puissance et performance<\/strong><\/p>\n<p>Avec une puissance de sortie de 8 watts par canal, le LM-300IA est optimis\u00e9 pour piloter des enceintes de forte puissance. La conception asym\u00e9trique permet d'obtenir un son tr\u00e8s net et d\u00e9taill\u00e9, pr\u00e9sentant chaque nuance et chaque tonalit\u00e9 de la musique avec pr\u00e9cision. Sa r\u00e9ponse en fr\u00e9quence s'\u00e9tend de 10 Hz \u00e0 50 kHz, ce qui permet d'obtenir une sc\u00e8ne sonore large et dynamique.<\/p>\n<p><strong>Des composants de la plus haute qualit\u00e9<\/strong><\/p>\n<p>Pour obtenir des performances optimales, Line Magnetic LM-300IA utilise des composants de haute qualit\u00e9, notamment :<\/p>\n<ul>\n<li>Des tubes soigneusement adapt\u00e9s<\/li>\n<li>Transformateurs de haute qualit\u00e9, bobin\u00e9s \u00e0 la main pour des performances optimales<\/li>\n<li style=\"list-style-type: none;\"><\/li>\n<li>R\u00e9sistances \u00e0 film de carbone et condensateurs fiables<\/li>\n<\/ul>\n<p><strong>Entr\u00e9es et connexions<\/strong><\/p>\n<p>Le LM-300IA est \u00e9quip\u00e9 de plusieurs entr\u00e9es ligne (RCA) pour connecter diverses sources audio telles que des lecteurs CD, des DAC ou des lecteurs de vinyles (via un amplificateur RIAA externe). Il dispose de bornes de haute qualit\u00e9 pour les haut-parleurs de 4 et 8 ohms.<\/p>\n<p><strong>Caract\u00e8re sonore<\/strong><\/p>\n<p>La plus grande force du LM-300IA r\u00e9side dans sa reproduction sonore. Gr\u00e2ce aux caract\u00e9ristiques des tubes 300B, il transmet un son chaud, organique et engageant, avec un accent mis sur les m\u00e9diums. La conception des tubes conf\u00e8re \u00e0 la musique une sensation naturelle et fluide, les voix et les instruments acoustiques \u00e9tant particuli\u00e8rement vibrants. Ses performances dynamiques et la r\u00e9solution des aigus cr\u00e9ent une sc\u00e8ne sonore claire et a\u00e9r\u00e9e.<\/p>\n<p><strong>Conclusion<\/strong><\/p>\n<p>Le Line Magnetic LM-300IA est un amplificateur \u00e0 tubes destin\u00e9 aux audiophiles qui appr\u00e9cient l'authenticit\u00e9 musicale et la haute qualit\u00e9. Avec ses tubes de sortie 300B et sa conception bien pens\u00e9e, c'est un investissement qui transmet une qualit\u00e9 sonore intemporelle. Il est parfait pour ceux qui veulent combiner l'esth\u00e9tique classique avec une grande exp\u00e9rience sonore dans leur syst\u00e8me hi-fi.<\/p>","protected":false},"excerpt":{"rendered":"<p>Le Line Magnetic LM-300IA est un amplificateur int\u00e9gr\u00e9 \u00e0 tubes qui impressionne par son design et sa qualit\u00e9 sonore. Il s'agit d'une \u00e9volution du mod\u00e8le LM-210. Une tr\u00e8s belle \u00e9volution, notamment parce que le nouveau mod\u00e8le est \u00e9galement plus silencieux que son pr\u00e9d\u00e9cesseur.<br \/>\nGr\u00e2ce \u00e0 sa construction classique et \u00e0 l'attention port\u00e9e aux d\u00e9tails, il offre une sc\u00e8ne sonore chaleureuse, naturelle et puissante que peu d'autres amplificateurs de cette cat\u00e9gorie peuvent \u00e9galer.<br \/>\nIl est \u00e9quip\u00e9 du l\u00e9gendaire tube de sortie 300B qui offre une exp\u00e9rience musicale de premier ordre. Le LM-300IA est parfait pour les audiophiles qui appr\u00e9cient le son classique des tubes et recherchent un amplificateur alliant l'aspect vintage aux performances modernes.<\/p>","protected":false},"featured_media":20569,"template":"","meta":[],"product_brand":[],"product_cat":[159],"product_tag":[],"class_list":{"0":"post-20568","1":"product","2":"type-product","3":"status-publish","4":"has-post-thumbnail","6":"product_cat-integrerade-forstarkare","7":"product_shipping_class-standard","9":"first","10":"instock","11":"taxable","12":"shipping-taxable","13":"purchasable","14":"product-type-simple"},"bundled_by":[],"bundle_stock_status":"instock","bundle_stock_quantity":null,"bundle_virtual":false,"bundle_layout":"","bundle_add_to_cart_form_location":"","bundle_editable_in_cart":false,"bundle_sold_individually_context":"","bundle_item_grouping":"","bundle_min_size":"","bundle_max_size":"","bundle_price":[],"bundled_items":[],"bundle_sell_ids":[],"_links":{"self":[{"href":"https:\/\/studiokoncept.se\/fr\/wp-json\/wp\/v2\/product\/20568","targetHints":{"allow":["GET"]}}],"collection":[{"href":"https:\/\/studiokoncept.se\/fr\/wp-json\/wp\/v2\/product"}],"about":[{"href":"https:\/\/studiokoncept.se\/fr\/wp-json\/wp\/v2\/types\/product"}],"version-history":[{"count":0,"href":"https:\/\/studiokoncept.se\/fr\/wp-json\/wp\/v2\/product\/20568\/revisions"}],"wp:featuredmedia":[{"embeddable":true,"href":"https:\/\/studiokoncept.se\/fr\/wp-json\/wp\/v2\/media\/20569"}],"wp:attachment":[{"href":"https:\/\/studiokoncept.se\/fr\/wp-json\/wp\/v2\/media?parent=20568"}],"wp:term":[{"taxonomy":"product_brand","embeddable":true,"href":"https:\/\/studiokoncept.se\/fr\/wp-json\/wp\/v2\/product_brand?post=20568"},{"taxonomy":"product_cat","embeddable":true,"href":"https:\/\/studiokoncept.se\/fr\/wp-json\/wp\/v2\/product_cat?post=20568"},{"taxonomy":"product_tag","embeddable":true,"href":"https:\/\/studiokoncept.se\/fr\/wp-json\/wp\/v2\/product_tag?post=20568"}],"curies":[{"name":"wp","href":"https:\/\/api.w.org\/{rel}","templated":true}]}}