{"id":20314,"date":"2024-11-09T13:20:46","date_gmt":"2024-11-09T12:20:46","guid":{"rendered":"https:\/\/studiokoncept.se\/?post_type=product&#038;p=20314"},"modified":"2025-05-31T19:56:35","modified_gmt":"2025-05-31T17:56:35","slug":"entreq-athena-rack","status":"publish","type":"product","link":"https:\/\/studiokoncept.se\/fr\/shop\/entreq-rack\/entreq-athena-rack\/","title":{"rendered":"Entreq Athena Rack"},"content":{"rendered":"<p>Entreq <strong>Ath\u00e9na<\/strong> est un rack hi-fi haut de gamme, sp\u00e9cialement con\u00e7u pour cr\u00e9er un environnement optimal pour vos composants audio. Afin de minimiser les vibrations ind\u00e9sirables et les interf\u00e9rences \u00e9lectromagn\u00e9tiques, l'Athena utilise une combinaison des \u00e9l\u00e9ments suivants <strong>mat\u00e9riaux naturels<\/strong>La qualit\u00e9 du son est am\u00e9lior\u00e9e gr\u00e2ce \u00e0 l'utilisation de mat\u00e9riaux de haute qualit\u00e9, tels que le bois massif et les composants m\u00e9talliques sp\u00e9cialement trait\u00e9s.<\/p>\n<p>La conception du rack s'appuie sur l'expertise d'Entreq dans les domaines suivants <strong>technologie de mise \u00e0 la terre et d'amortissement des vibrations<\/strong> et est con\u00e7ue pour fournir \u00e0 chaque composant une plate-forme stable et isol\u00e9e. En r\u00e9duisant efficacement la r\u00e9sonance m\u00e9canique, Athena contribue \u00e0 pr\u00e9server la puret\u00e9 et la dynamique du son, ce qui se traduit par une exp\u00e9rience d'\u00e9coute plus d\u00e9taill\u00e9e et plus engageante.<\/p>\n<p>Chaque \u00e9tag\u00e8re est \u00e9quip\u00e9e d'un filet d'argent drainable. Un filet d'argent est utilis\u00e9 pour briser le champ magn\u00e9tique que chaque produit \u00e9lectrique \u00e9met. \u00c0 l'arri\u00e8re de chaque \u00e9tag\u00e8re se trouve un connecteur sur lequel peut \u00eatre branch\u00e9 un c\u00e2ble Eartha, qui est ensuite achemin\u00e9 vers une bo\u00eete de mise \u00e0 la terre.<\/p>\n<p>Le rack Athena est modulaire et peut \u00eatre personnalis\u00e9 pour r\u00e9pondre \u00e0 diff\u00e9rents besoins, ce qui en fait un choix flexible pour les audiophiles et les installations professionnelles. Ses <strong>design \u00e9l\u00e9gant<\/strong> et une solide qualit\u00e9 de fabrication en font un \u00e9l\u00e9ment esth\u00e9tique et fonctionnel de toute installation hi-fi.<\/p>","protected":false},"excerpt":{"rendered":"<p>Entreq <strong>Ath\u00e9na<\/strong> est un rack hi-fi exclusif con\u00e7u pour optimiser la reproduction sonore en r\u00e9duisant les vibrations et les champs magn\u00e9tiques.<\/p>\n<p>Les tablettes sont disponibles en 2 \u00e9paisseurs et sont toutes \u00e9quip\u00e9es d'un filet argent\u00e9 et d'une prise pour la connexion \u00e0 la bo\u00eete de mise \u00e0 la terre via un c\u00e2ble Eartha.<\/p>\n<p>Il peut \u00eatre combin\u00e9 \u00e0 votre guise.<\/p>\n<p>Veuillez nous contacter ou laisser un message \u00e0 la caisse concernant la hauteur des pieds.<\/p>","protected":false},"featured_media":20315,"template":"","meta":[],"product_brand":[],"product_cat":[193,176],"product_tag":[],"class_list":{"0":"post-20314","1":"product","2":"type-product","3":"status-publish","4":"has-post-thumbnail","6":"product_cat-entreq-rack","7":"product_cat-rack","8":"product_shipping_class-standard","10":"first","11":"instock","12":"taxable","13":"shipping-taxable","14":"purchasable","15":"product-type-variable"},"bundled_by":[],"bundle_stock_status":"instock","bundle_stock_quantity":null,"bundle_virtual":false,"bundle_layout":"","bundle_add_to_cart_form_location":"","bundle_editable_in_cart":false,"bundle_sold_individually_context":"","bundle_item_grouping":"","bundle_min_size":"","bundle_max_size":"","bundle_price":[],"bundled_items":[],"bundle_sell_ids":[],"_links":{"self":[{"href":"https:\/\/studiokoncept.se\/fr\/wp-json\/wp\/v2\/product\/20314","targetHints":{"allow":["GET"]}}],"collection":[{"href":"https:\/\/studiokoncept.se\/fr\/wp-json\/wp\/v2\/product"}],"about":[{"href":"https:\/\/studiokoncept.se\/fr\/wp-json\/wp\/v2\/types\/product"}],"version-history":[{"count":0,"href":"https:\/\/studiokoncept.se\/fr\/wp-json\/wp\/v2\/product\/20314\/revisions"}],"wp:featuredmedia":[{"embeddable":true,"href":"https:\/\/studiokoncept.se\/fr\/wp-json\/wp\/v2\/media\/20315"}],"wp:attachment":[{"href":"https:\/\/studiokoncept.se\/fr\/wp-json\/wp\/v2\/media?parent=20314"}],"wp:term":[{"taxonomy":"product_brand","embeddable":true,"href":"https:\/\/studiokoncept.se\/fr\/wp-json\/wp\/v2\/product_brand?post=20314"},{"taxonomy":"product_cat","embeddable":true,"href":"https:\/\/studiokoncept.se\/fr\/wp-json\/wp\/v2\/product_cat?post=20314"},{"taxonomy":"product_tag","embeddable":true,"href":"https:\/\/studiokoncept.se\/fr\/wp-json\/wp\/v2\/product_tag?post=20314"}],"curies":[{"name":"wp","href":"https:\/\/api.w.org\/{rel}","templated":true}]}}