{"id":20166,"date":"2024-09-27T08:15:24","date_gmt":"2024-09-27T06:15:24","guid":{"rendered":"https:\/\/studiokoncept.se\/?post_type=product&#038;p=20166"},"modified":"2025-05-31T19:57:30","modified_gmt":"2025-05-31T17:57:30","slug":"fezz-equinox-prestige-balanced-dac-by-lampizator","status":"publish","type":"product","link":"https:\/\/studiokoncept.se\/fr\/shop\/elektronik\/dac\/fezz-equinox-prestige-balanced-dac-by-lampizator\/","title":{"rendered":"Fezz Equinox Prestige Balanced DAC de Lampizator"},"content":{"rendered":"<h3>Pourquoi choisir la version \u00e9quilibr\u00e9e ?<\/h3>\n<p>Le DAC Fezz Equinox Prestige de Lampizator est sup\u00e9rieur pour ceux qui recherchent une pr\u00e9cision et une clart\u00e9 absolues dans leur exp\u00e9rience d'\u00e9coute. Avec un chemin de signal \u00e9quilibr\u00e9, il y a une r\u00e9duction significative des interf\u00e9rences \u00e9lectromagn\u00e9tiques et des bourdonnements qui peuvent d\u00e9grader la qualit\u00e9 du son dans les syst\u00e8mes audio sensibles. Cela signifie un arri\u00e8re-plan plus silencieux, une meilleure s\u00e9paration des canaux et une sc\u00e8ne sonore plus pr\u00e9cise. Cette version est id\u00e9ale pour les syst\u00e8mes audio haut de gamme o\u00f9 chaque nuance de la musique est importante et o\u00f9 la puret\u00e9 du son et la gamme dynamique sont prioritaires. Pour l'auditeur le plus exigeant, la version \u00e9quilibr\u00e9e est le choix optimal.<\/p>\n<p>Le Fezz Equinox Prestige Balanced DAC de Lampizator est le r\u00e9sultat d'une collaboration innovante entre Fezz Audio, connu pour ses amplificateurs \u00e0 tubes, et Lampizator, leader dans la technologie des DAC. Ce mod\u00e8le est un DAC haute performance qui \u00e9l\u00e8ve votre exp\u00e9rience d'\u00e9coute \u00e0 de nouveaux sommets gr\u00e2ce \u00e0 une pr\u00e9cision et une exactitude de reproduction exceptionnelles.<\/p>\n<p>Le DAC est con\u00e7u de mani\u00e8re sym\u00e9trique, ce qui signifie que les sorties sym\u00e9triques (XLR) et asym\u00e9triques (RCA) offrent une grande flexibilit\u00e9 lors de la connexion \u00e0 diff\u00e9rents syst\u00e8mes. La conception \u00e9quilibr\u00e9e minimise les interf\u00e9rences \u00e9lectriques et offre une image sonore plus nette, ce qui en fait le choix id\u00e9al pour les installations hi-fi haut de gamme.<\/p>\n<p>L'un des aspects les plus impressionnants du Fezz Equinox Prestige est sa capacit\u00e9 \u00e0 g\u00e9rer les formats audio haute r\u00e9solution. Il prend en charge les fichiers PCM jusqu'\u00e0 384 kHz et DSD, garantissant ainsi une reproduction sonore claire et d\u00e9taill\u00e9e, quelle que soit la source musicale. Le convertisseur num\u00e9rique-analogique utilise une technologie avanc\u00e9e pour convertir avec pr\u00e9cision les signaux num\u00e9riques en signaux analogiques sans perdre en musicalit\u00e9, en dynamique ou en \u00e9motion.<\/p>\n<p>Le ch\u00e2ssis est fabriqu\u00e9 \u00e0 partir de mat\u00e9riaux de haute qualit\u00e9 qui assurent \u00e0 la fois un design esth\u00e9tique et une durabilit\u00e9 fonctionnelle. L'aspect \u00e9pur\u00e9 et minimaliste s'harmonise bien avec tout environnement d'\u00e9coute, et le circuit imprim\u00e9 interne est con\u00e7u avec pr\u00e9cision pour optimiser les chemins de signaux et minimiser le bruit.<\/p>\n<p>Fezz Audio et Lampizator ont tous deux une longue histoire d'innovation dans le domaine de l'audio, et ce DAC t\u00e9moigne de leur expertise. Il s'agit d'un composant id\u00e9al pour tous ceux qui appr\u00e9cient une reproduction musicale authentique et sans artifice, des d\u00e9tails subtils de la musique classique aux dynamiques puissantes de la musique \u00e9lectronique moderne.<\/p>\n<p>Le Fezz Equinox Prestige Balanced DAC offre une exp\u00e9rience audio qui ne se contente pas de reproduire la musique - il la fait revivre, offrant \u00e0 chaque auditeur un voyage auditif inoubliable.<\/p>","protected":false},"excerpt":{"rendered":"<p>Le Fezz Equinox Prestige Balanced DAC de Lampizator est un DAC exclusif qui combine les normes de qualit\u00e9 \u00e9lev\u00e9es de Fezz Audio avec la technologie num\u00e9rique innovante de Lampizator. La conception \u00e9quilibr\u00e9e r\u00e9duit le bruit et les interf\u00e9rences, ce qui se traduit par une reproduction sonore plus propre et plus pr\u00e9cise. Compar\u00e9 au DAC asym\u00e9trique Fezz Equinox, le mod\u00e8le Prestige offre un traitement du signal am\u00e9lior\u00e9 et une meilleure reproduction 3D, ce qui en fait le choix \u00e9vident pour les audiophiles qui veulent ce qu'il y a de mieux dans leur cha\u00eene audio.<\/p>\n<p>Fezz Audio a \u00e9galement trouv\u00e9 une solution tr\u00e8s pratique pour les tubes : une trappe sur le dessus. Le remplacement des tubes est un jeu d'enfant !<\/p>","protected":false},"featured_media":20175,"template":"","meta":[],"product_brand":[],"product_cat":[164],"product_tag":[],"class_list":{"0":"post-20166","1":"product","2":"type-product","3":"status-publish","4":"has-post-thumbnail","6":"product_cat-dac","7":"product_shipping_class-standard","9":"first","10":"instock","11":"taxable","12":"shipping-taxable","13":"purchasable","14":"product-type-variable","15":"has-default-attributes"},"bundled_by":[],"bundle_stock_status":"instock","bundle_stock_quantity":null,"bundle_virtual":false,"bundle_layout":"","bundle_add_to_cart_form_location":"","bundle_editable_in_cart":false,"bundle_sold_individually_context":"","bundle_item_grouping":"","bundle_min_size":"","bundle_max_size":"","bundle_price":[],"bundled_items":[],"bundle_sell_ids":[],"_links":{"self":[{"href":"https:\/\/studiokoncept.se\/fr\/wp-json\/wp\/v2\/product\/20166","targetHints":{"allow":["GET"]}}],"collection":[{"href":"https:\/\/studiokoncept.se\/fr\/wp-json\/wp\/v2\/product"}],"about":[{"href":"https:\/\/studiokoncept.se\/fr\/wp-json\/wp\/v2\/types\/product"}],"version-history":[{"count":0,"href":"https:\/\/studiokoncept.se\/fr\/wp-json\/wp\/v2\/product\/20166\/revisions"}],"wp:featuredmedia":[{"embeddable":true,"href":"https:\/\/studiokoncept.se\/fr\/wp-json\/wp\/v2\/media\/20175"}],"wp:attachment":[{"href":"https:\/\/studiokoncept.se\/fr\/wp-json\/wp\/v2\/media?parent=20166"}],"wp:term":[{"taxonomy":"product_brand","embeddable":true,"href":"https:\/\/studiokoncept.se\/fr\/wp-json\/wp\/v2\/product_brand?post=20166"},{"taxonomy":"product_cat","embeddable":true,"href":"https:\/\/studiokoncept.se\/fr\/wp-json\/wp\/v2\/product_cat?post=20166"},{"taxonomy":"product_tag","embeddable":true,"href":"https:\/\/studiokoncept.se\/fr\/wp-json\/wp\/v2\/product_tag?post=20166"}],"curies":[{"name":"wp","href":"https:\/\/api.w.org\/{rel}","templated":true}]}}