{"id":20144,"date":"2024-09-23T16:04:51","date_gmt":"2024-09-23T14:04:51","guid":{"rendered":"https:\/\/studiokoncept.se\/?post_type=product&#038;p=20144"},"modified":"2025-01-26T09:30:37","modified_gmt":"2025-01-26T08:30:37","slug":"gold-note-da-vinci","status":"publish","type":"product","link":"https:\/\/studiokoncept.se\/fr\/produkt\/gold-note-da-vinci\/","title":{"rendered":"Gold Note Da Vinci"},"content":{"rendered":"<p>Le Gold Note Da Vinci est un micro MC (Moving Coil) \u00e0 faible rendement qui offre un son \u00e9quilibr\u00e9 et une reproduction d\u00e9taill\u00e9e. Son corps est en Duralumin 7000, un mat\u00e9riau utilis\u00e9 pour sa combinaison de durabilit\u00e9 et d'amortissement de la r\u00e9sonance. Le micro est \u00e9quip\u00e9 d'une pointe de diamant microelliptique et d'un bras d'aiguille en aluminium, ce qui contribue \u00e0 une reproduction assez neutre des d\u00e9tails de la musique.<\/p>\n<p>La gamme de fr\u00e9quences s'\u00e9tend de 10 Hz \u00e0 35 kHz, ce qui signifie que la t\u00eate de lecture peut reproduire \u00e0 la fois les fr\u00e9quences les plus basses et les plus hautes d'un disque vinyle. Avec un niveau de sortie de 0,4 mV et une imp\u00e9dance interne de 4 ohms, il est recommand\u00e9 d'utiliser le Da Vinci avec une charge de 220 ohms. La pression de l'aiguille doit \u00eatre r\u00e9gl\u00e9e \u00e0 2 grammes pour obtenir les meilleurs r\u00e9sultats.<\/p>\n<p>Ce micro peut \u00eatre une option int\u00e9ressante pour ceux qui recherchent un micro de moto de prix moyen et qui veulent une construction solide. Cependant, sur le plan sonore, il peut \u00eatre per\u00e7u comme quelque peu restreint et manquant de la dynamique et de la pr\u00e9sence que l'on trouve dans des gammes de prix plus \u00e9lev\u00e9es. C'est un compromis raisonnable pour ceux qui veulent des performances stables, voire exceptionnelles.<\/p>","protected":false},"excerpt":{"rendered":"<p>Le Gold Note Da Vinci est un micro \u00e0 bobine mobile (MC) con\u00e7u pour offrir une exp\u00e9rience sonore riche et d\u00e9taill\u00e9e avec un \u00e9quilibre tonal. Avec un niveau de sortie de 0,4 mV et une r\u00e9ponse en fr\u00e9quence de 10 \u00e0 35 000 Hz, le Da Vinci peut offrir une reproduction musicale nuanc\u00e9e.<\/p>\n<p>La t\u00eate de lecture est fabriqu\u00e9e en Duralumin 7000 et comporte un diamant microelliptique ainsi qu'un bras d'aiguille en aluminium l\u00e9ger, permettant une reproduction sonore naturelle et fluide. La pression recommand\u00e9e de l'aiguille est de 2 grammes et il est id\u00e9al pour les amateurs de vinyles qui exigent une qualit\u00e9 sonore \u00e9lev\u00e9e.<\/p>","protected":false},"featured_media":20145,"template":"","meta":[],"product_brand":[],"product_cat":[317],"product_tag":[],"class_list":{"0":"post-20144","1":"product","2":"type-product","3":"status-publish","4":"has-post-thumbnail","6":"product_cat-pickuper","7":"product_shipping_class-standard","9":"first","10":"instock","11":"taxable","12":"shipping-taxable","13":"purchasable","14":"product-type-simple"},"bundled_by":[],"bundle_stock_status":"instock","bundle_stock_quantity":null,"bundle_virtual":false,"bundle_layout":"","bundle_add_to_cart_form_location":"","bundle_editable_in_cart":false,"bundle_sold_individually_context":"","bundle_item_grouping":"","bundle_min_size":"","bundle_max_size":"","bundle_price":[],"bundled_items":[],"bundle_sell_ids":[],"_links":{"self":[{"href":"https:\/\/studiokoncept.se\/fr\/wp-json\/wp\/v2\/product\/20144","targetHints":{"allow":["GET"]}}],"collection":[{"href":"https:\/\/studiokoncept.se\/fr\/wp-json\/wp\/v2\/product"}],"about":[{"href":"https:\/\/studiokoncept.se\/fr\/wp-json\/wp\/v2\/types\/product"}],"version-history":[{"count":0,"href":"https:\/\/studiokoncept.se\/fr\/wp-json\/wp\/v2\/product\/20144\/revisions"}],"wp:featuredmedia":[{"embeddable":true,"href":"https:\/\/studiokoncept.se\/fr\/wp-json\/wp\/v2\/media\/20145"}],"wp:attachment":[{"href":"https:\/\/studiokoncept.se\/fr\/wp-json\/wp\/v2\/media?parent=20144"}],"wp:term":[{"taxonomy":"product_brand","embeddable":true,"href":"https:\/\/studiokoncept.se\/fr\/wp-json\/wp\/v2\/product_brand?post=20144"},{"taxonomy":"product_cat","embeddable":true,"href":"https:\/\/studiokoncept.se\/fr\/wp-json\/wp\/v2\/product_cat?post=20144"},{"taxonomy":"product_tag","embeddable":true,"href":"https:\/\/studiokoncept.se\/fr\/wp-json\/wp\/v2\/product_tag?post=20144"}],"curies":[{"name":"wp","href":"https:\/\/api.w.org\/{rel}","templated":true}]}}