{"id":20123,"date":"2024-09-05T16:53:42","date_gmt":"2024-09-05T14:53:42","guid":{"rendered":"https:\/\/studiokoncept.se\/?post_type=product&#038;p=20123"},"modified":"2024-09-06T08:04:11","modified_gmt":"2024-09-06T06:04:11","slug":"entreq-maxmix-t2","status":"publish","type":"product","link":"https:\/\/studiokoncept.se\/fr\/shop\/jordning\/entreq-jordlador\/jordbox-tweak\/entreq-maxmix-t2\/","title":{"rendered":"Entreq MaxMix T2"},"content":{"rendered":"<p>Le MaxMix Kit T2 d'Entreq est un dispositif sophistiqu\u00e9 qui se concentre sur l'\u00e9limination des interf\u00e9rences au niveau des connexions des haut-parleurs, une zone critique pour les syst\u00e8mes audio de haute performance. Le produit utilise un m\u00e9lange de diff\u00e9rents m\u00e9taux pour non seulement r\u00e9duire les vibrations, mais aussi affecter les champs magn\u00e9tiques autour des bornes. En r\u00e9duisant les interf\u00e9rences \u00e9lectromagn\u00e9tiques, l'int\u00e9grit\u00e9 du signal est am\u00e9lior\u00e9e, ce qui permet une reproduction sonore plus pr\u00e9cise et plus dynamique. Le dispositif est compatible avec la plupart des syst\u00e8mes audio et offre une installation facile ; il se connecte directement aux p\u00f4les positif et n\u00e9gatif des bornes des haut-parleurs, sans n\u00e9cessiter le r\u00e9arrangement des composants existants.<\/p>\n<p>MaxMix T2 a \u00e9t\u00e9 d\u00e9velopp\u00e9 pour les audiophiles \u00e0 la recherche d'une exp\u00e9rience sonore am\u00e9lior\u00e9e en r\u00e9duisant les \"gremlins audio\", c'est-\u00e0-dire les petites perturbations qui affectent la qualit\u00e9 du son, sans modifier le caract\u00e8re du son original. Il en r\u00e9sulte un son plus d\u00e9tendu, avec de meilleurs d\u00e9tails dans les hautes fr\u00e9quences et des basses plus profondes. Le produit est particuli\u00e8rement appr\u00e9ci\u00e9 pour sa capacit\u00e9 \u00e0 souligner les d\u00e9tails subtils de la musique, ce qui permet de b\u00e9n\u00e9ficier d'une sc\u00e8ne sonore plus immersive et plus naturelle.<\/p>","protected":false},"excerpt":{"rendered":"<p>Le MaxMix Kit T2 d'Entreq se fixe sur les bornes du haut-parleur et constitue un accessoire audio avanc\u00e9 con\u00e7u pour r\u00e9duire les interf\u00e9rences et les vibrations. Il utilise un m\u00e9lange de m\u00e9taux pour r\u00e9duire les champs magn\u00e9tiques et am\u00e9liorer le flux du signal, ce qui permet de r\u00e9duire le bruit de fond et d'augmenter la dynamique du son. Il est facile \u00e0 installer et a un impact sur les performances globales du syst\u00e8me en am\u00e9liorant la clart\u00e9 et les d\u00e9tails du son.<\/p>\n<p>&nbsp;<\/p>","protected":false},"featured_media":20124,"template":"","meta":[],"product_brand":[],"product_cat":[189,598],"product_tag":[],"class_list":{"0":"post-20123","1":"product","2":"type-product","3":"status-publish","4":"has-post-thumbnail","6":"product_cat-entreq-jordlador","7":"product_cat-jordbox-tweak","8":"product_shipping_class-standard","10":"first","11":"instock","12":"taxable","13":"shipping-taxable","14":"purchasable","15":"product-type-simple"},"bundled_by":[],"bundle_stock_status":"instock","bundle_stock_quantity":null,"bundle_virtual":false,"bundle_layout":"","bundle_add_to_cart_form_location":"","bundle_editable_in_cart":false,"bundle_sold_individually_context":"","bundle_item_grouping":"","bundle_min_size":"","bundle_max_size":"","bundle_price":[],"bundled_items":[],"bundle_sell_ids":[],"_links":{"self":[{"href":"https:\/\/studiokoncept.se\/fr\/wp-json\/wp\/v2\/product\/20123","targetHints":{"allow":["GET"]}}],"collection":[{"href":"https:\/\/studiokoncept.se\/fr\/wp-json\/wp\/v2\/product"}],"about":[{"href":"https:\/\/studiokoncept.se\/fr\/wp-json\/wp\/v2\/types\/product"}],"version-history":[{"count":0,"href":"https:\/\/studiokoncept.se\/fr\/wp-json\/wp\/v2\/product\/20123\/revisions"}],"wp:featuredmedia":[{"embeddable":true,"href":"https:\/\/studiokoncept.se\/fr\/wp-json\/wp\/v2\/media\/20124"}],"wp:attachment":[{"href":"https:\/\/studiokoncept.se\/fr\/wp-json\/wp\/v2\/media?parent=20123"}],"wp:term":[{"taxonomy":"product_brand","embeddable":true,"href":"https:\/\/studiokoncept.se\/fr\/wp-json\/wp\/v2\/product_brand?post=20123"},{"taxonomy":"product_cat","embeddable":true,"href":"https:\/\/studiokoncept.se\/fr\/wp-json\/wp\/v2\/product_cat?post=20123"},{"taxonomy":"product_tag","embeddable":true,"href":"https:\/\/studiokoncept.se\/fr\/wp-json\/wp\/v2\/product_tag?post=20123"}],"curies":[{"name":"wp","href":"https:\/\/api.w.org\/{rel}","templated":true}]}}