{"id":20104,"date":"2024-09-04T09:08:01","date_gmt":"2024-09-04T07:08:01","guid":{"rendered":"https:\/\/studiokoncept.se\/?post_type=product&#038;p=20104"},"modified":"2024-09-04T14:14:02","modified_gmt":"2024-09-04T12:14:02","slug":"entreq-protectus","status":"publish","type":"product","link":"https:\/\/studiokoncept.se\/fr\/shop\/rack\/entreq-protectus\/","title":{"rendered":"Entreq Protectus"},"content":{"rendered":"<p>Entreqs Protectus est une plate-forme d'amortissement des vibrations con\u00e7ue pour \u00e9liminer les perturbations m\u00e9caniques et \u00e9lectromagn\u00e9tiques dans les syst\u00e8mes audio. La plate-forme est constitu\u00e9e de couches de bois lamell\u00e9es-crois\u00e9es dont les cavit\u00e9s sont remplies de sph\u00e8res m\u00e9talliques de tailles et de mat\u00e9riaux diff\u00e9rents. Ces sph\u00e8res captent les vibrations et les transforment en chaleur, tandis que les courants galvaniques cr\u00e9ent un champ magn\u00e9tique qui influence et stabilise les champs \u00e9lectromagn\u00e9tiques des appareils connect\u00e9s.<\/p>\n<p>Protectus se connecte \u00e0 l'aide d'un c\u00e2ble Eartha sp\u00e9cial qui draine les courants \u00e0 haute fr\u00e9quence du ch\u00e2ssis des composants, r\u00e9duisant ainsi le bruit et le magn\u00e9tisme \u00e0 haute fr\u00e9quence. Le produit est disponible en trois niveaux de performance : niveau 1, niveau 2 et niveau 3, et en trois tailles (moyenne, grande et tr\u00e8s grande). Chaque niveau et chaque taille sont con\u00e7us pour fournir une att\u00e9nuation maximale en fonction des besoins du syst\u00e8me. Protectus permet ainsi d'am\u00e9liorer la dynamique, de r\u00e9duire les interf\u00e9rences et d'offrir une exp\u00e9rience sonore plus propre.<\/p>\n<p>L'installation de la plate-forme est simple et il est possible de la placer sous divers composants audio tels que des amplificateurs ou des streamers afin d'optimiser leurs performances. Les commentaires montrent que Protectus cr\u00e9e une sc\u00e8ne sonore nettement plus profonde et plus d\u00e9tendue.<\/p>","protected":false},"excerpt":{"rendered":"<p>Protectus d'Entreq est une plate-forme vibratoire avanc\u00e9e con\u00e7ue pour r\u00e9duire les interf\u00e9rences et les vibrations \u00e0 haute fr\u00e9quence dans les syst\u00e8mes audio. Gr\u00e2ce \u00e0 l'utilisation de bois lamell\u00e9 crois\u00e9 et de sph\u00e8res m\u00e9talliques, elle absorbe les vibrations et les convertit en chaleur, am\u00e9liorant ainsi la qualit\u00e9 du son. La plate-forme est disponible en trois niveaux de performance et trois tailles pour r\u00e9pondre aux diff\u00e9rents besoins et composants des syst\u00e8mes audio.<\/p>\n<p>ntreq Protectus est disponible en trois tailles diff\u00e9rentes pour s'adapter aux diff\u00e9rents types de composants audio :<\/p>\n<ol>\n<li><strong>Moyen<\/strong>Le format de l'appareil est le suivant : profondeur 390 mm, largeur 450 mm x hauteur 30 mm. Cette taille est bien adapt\u00e9e aux composants plus petits comme les streamers ou les petits amplificateurs.<\/li>\n<li><strong>Grandes dimensions<\/strong>Profondeur : 450 mm, largeur : 490 mm. Une version plus grande qui convient mieux aux grands appareils ou aux amplificateurs qui n\u00e9cessitent plus d'amortissement des vibrations.<\/li>\n<li><strong>Tr\u00e8s grand<\/strong>Profondeur 450 mm, largeur 590 mm.  La version la plus grande, con\u00e7ue pour les composants et les syst\u00e8mes audio les plus exigeants, o\u00f9 un amortissement maximal est n\u00e9cessaire.<\/li>\n<\/ol>\n<p>Toutes les tailles sont disponibles en trois niveaux de performance diff\u00e9rents (niveau 1, 2 et 3), ce qui offre une grande flexibilit\u00e9 en fonction des exigences de votre syst\u00e8me.<\/p>\n<p>En savoir plus dans les onglets<\/p>","protected":false},"featured_media":20105,"template":"","meta":[],"product_brand":[],"product_cat":[176],"product_tag":[],"class_list":{"0":"post-20104","1":"product","2":"type-product","3":"status-publish","4":"has-post-thumbnail","6":"product_cat-rack","7":"product_shipping_class-standard","9":"first","10":"instock","11":"taxable","12":"shipping-taxable","13":"purchasable","14":"product-type-variable"},"bundled_by":[],"bundle_stock_status":"instock","bundle_stock_quantity":null,"bundle_virtual":false,"bundle_layout":"","bundle_add_to_cart_form_location":"","bundle_editable_in_cart":false,"bundle_sold_individually_context":"","bundle_item_grouping":"","bundle_min_size":"","bundle_max_size":"","bundle_price":[],"bundled_items":[],"bundle_sell_ids":[],"_links":{"self":[{"href":"https:\/\/studiokoncept.se\/fr\/wp-json\/wp\/v2\/product\/20104","targetHints":{"allow":["GET"]}}],"collection":[{"href":"https:\/\/studiokoncept.se\/fr\/wp-json\/wp\/v2\/product"}],"about":[{"href":"https:\/\/studiokoncept.se\/fr\/wp-json\/wp\/v2\/types\/product"}],"version-history":[{"count":0,"href":"https:\/\/studiokoncept.se\/fr\/wp-json\/wp\/v2\/product\/20104\/revisions"}],"wp:featuredmedia":[{"embeddable":true,"href":"https:\/\/studiokoncept.se\/fr\/wp-json\/wp\/v2\/media\/20105"}],"wp:attachment":[{"href":"https:\/\/studiokoncept.se\/fr\/wp-json\/wp\/v2\/media?parent=20104"}],"wp:term":[{"taxonomy":"product_brand","embeddable":true,"href":"https:\/\/studiokoncept.se\/fr\/wp-json\/wp\/v2\/product_brand?post=20104"},{"taxonomy":"product_cat","embeddable":true,"href":"https:\/\/studiokoncept.se\/fr\/wp-json\/wp\/v2\/product_cat?post=20104"},{"taxonomy":"product_tag","embeddable":true,"href":"https:\/\/studiokoncept.se\/fr\/wp-json\/wp\/v2\/product_tag?post=20104"}],"curies":[{"name":"wp","href":"https:\/\/api.w.org\/{rel}","templated":true}]}}