{"id":20065,"date":"2024-08-03T05:30:00","date_gmt":"2024-08-03T03:30:00","guid":{"rendered":"https:\/\/studiokoncept.se\/?post_type=product&#038;p=20065"},"modified":"2024-08-03T05:30:00","modified_gmt":"2024-08-03T03:30:00","slug":"ifi-audio-hdmi-isilencer","status":"publish","type":"product","link":"https:\/\/studiokoncept.se\/fr\/produkt\/ifi-audio-hdmi-isilencer\/","title":{"rendered":"Ifi Audio HDMI iSilencer"},"content":{"rendered":"<p><strong>iFi Audio HDMI iSilencer<\/strong> est une solution innovante con\u00e7ue pour am\u00e9liorer l'exp\u00e9rience audio et visuelle globale dans les syst\u00e8mes compatibles HDMI en r\u00e9duisant le bruit \u00e9lectrique et les interf\u00e9rences de signal. Elle est particuli\u00e8rement utile pour les personnes qui utilisent des syst\u00e8mes de home cin\u00e9ma haut de gamme, des consoles de jeux ou d'autres syst\u00e8mes audiovisuels qui n\u00e9cessitent une transmission de signaux de haute qualit\u00e9.<\/p>\n<h4>Caract\u00e9ristiques et avantages<\/h4>\n<ol>\n<li><strong>Optimisation du signal<\/strong>HDMI iSilencer \u00e9limine les interf\u00e9rences ind\u00e9sirables qui peuvent d\u00e9grader la qualit\u00e9 du son et de l'image. Il en r\u00e9sulte une reproduction sonore plus naturelle et une image plus nette et plus d\u00e9taill\u00e9e.<\/li>\n<li><strong>Prise en charge du 4K HDR<\/strong>Le lecteur est enti\u00e8rement compatible avec le contenu 4K HDR, ce qui le rend id\u00e9al pour les t\u00e9l\u00e9viseurs et les projecteurs modernes. Il prend \u00e9galement en charge le protocole HDCP 2.2, ce qui garantit que les contenus prot\u00e9g\u00e9s peuvent \u00eatre lus sans probl\u00e8me.<\/li>\n<li><strong>R\u00e9duction du bruit \u00e9lectrique<\/strong>HDMI iSilencer est \u00e9quip\u00e9 de technologies avanc\u00e9es qui neutralisent activement les EMI (interf\u00e9rences \u00e9lectromagn\u00e9tiques) et les RFI (interf\u00e9rences de fr\u00e9quence radio), am\u00e9liorant ainsi la qualit\u00e9 audio globale et minimisant les probl\u00e8mes potentiels de transmission vid\u00e9o.<\/li>\n<li><strong>Installation facile<\/strong>Aucun logiciel n'est n\u00e9cessaire. Il suffit de brancher l'iSilencer HDMI entre votre c\u00e2ble HDMI et l'entr\u00e9e de votre appareil, et il se met imm\u00e9diatement au travail pour am\u00e9liorer la puret\u00e9 du signal.<\/li>\n<li><strong>Large compatibilit\u00e9<\/strong>Le lecteur est compatible avec un grand nombre d'appareils, notamment les consoles de jeu telles que PlayStation et Xbox, les lecteurs Blu-ray, les ordinateurs et bien d'autres encore. Il s'agit donc d'une solution polyvalente pour tous ceux qui cherchent \u00e0 optimiser leur exp\u00e9rience audiovisuelle.<\/li>\n<li><strong>Composants de haute qualit\u00e9<\/strong>Fabriqu\u00e9 avec des composants de premi\u00e8re qualit\u00e9 pour garantir des performances et une durabilit\u00e9 \u00e0 long terme. La construction robuste prot\u00e8ge l'appareil de l'usure et garantit un fonctionnement r\u00e9gulier.<\/li>\n<\/ol>\n<h4>Comment fonctionne le HDMI iSilencer<\/h4>\n<p>L'iSilencer HDMI fonctionne en brisant la \"boucle de terre\" \u00e9lectrique qui cause souvent des interf\u00e9rences et du bruit dans les syst\u00e8mes HDMI. En isolant les circuits de masse les uns des autres, l'appareil r\u00e9duit les pertes de signal et am\u00e9liore la qualit\u00e9 globale des transmissions audio et vid\u00e9o. Ceci est particuli\u00e8rement important dans les environnements o\u00f9 plusieurs appareils sont connect\u00e9s \u00e0 la m\u00eame source d'alimentation, ce qui peut souvent entra\u00eener des probl\u00e8mes de bourdonnement et d'interf\u00e9rences \u00e9lectriques.<\/p>\n<h4>Pourquoi HDMI iSilencer est un bon choix<\/h4>\n<p>Pour les cin\u00e9philes et les passionn\u00e9s de jeux qui cherchent \u00e0 maximiser les performances de leurs syst\u00e8mes audiovisuels, le iFi Audio HDMI iSilencer est un atout inestimable. En r\u00e9duisant les interf\u00e9rences et en am\u00e9liorant l'int\u00e9grit\u00e9 du signal, il offre une meilleure exp\u00e9rience de l'image et du son. Pour ceux qui appr\u00e9cient la clart\u00e9 et les d\u00e9tails dans leurs m\u00e9dias, il s'agit d'une solution id\u00e9ale pour s'assurer que la technologie offre les meilleures performances possibles.<\/p>\n<p>En r\u00e9sum\u00e9, le iFi Audio HDMI iSilencer est un accessoire simple mais puissant qui peut faire une diff\u00e9rence significative pour les utilisateurs soucieux de la qualit\u00e9. Gr\u00e2ce \u00e0 la prise en charge de la derni\u00e8re technologie HDMI et \u00e0 une conception facile \u00e0 utiliser, il s'agit d'une solution parfaite pour am\u00e9liorer \u00e0 la fois le son et l'image dans les syst\u00e8mes audiovisuels modernes.<\/p>","protected":false},"excerpt":{"rendered":"<p><strong>iFi Audio HDMI iSilencer<\/strong> est un appareil petit mais puissant con\u00e7u pour am\u00e9liorer la qualit\u00e9 de l'image et du son des appareils compatibles HDMI tels que les t\u00e9l\u00e9viseurs, les projecteurs et les consoles de jeu. Il s'adresse aux cin\u00e9philes et aux amateurs de jeux vid\u00e9o qui souhaitent \u00e9liminer les bruits \u00e9lectriques g\u00eanants et les interf\u00e9rences de signaux dans leurs syst\u00e8mes. En connectant l'iSilencer HDMI \u00e0 votre appareil, le bruit et la distorsion sont r\u00e9duits, ce qui permet d'obtenir une image plus claire et un meilleur son. Il prend en charge la 4K HDR et est facile \u00e0 installer, ce qui en fait l'accessoire id\u00e9al pour tous ceux qui cherchent \u00e0 optimiser leur installation de home cin\u00e9ma ou de jeu.<\/p>","protected":false},"featured_media":20062,"template":"","meta":[],"product_brand":[],"product_cat":[237],"product_tag":[],"class_list":{"0":"post-20065","1":"product","2":"type-product","3":"status-publish","4":"has-post-thumbnail","6":"product_cat-signalrening","8":"first","9":"instock","10":"taxable","11":"shipping-taxable","12":"purchasable","13":"product-type-simple"},"bundled_by":[],"bundle_stock_status":"instock","bundle_stock_quantity":null,"bundle_virtual":false,"bundle_layout":"","bundle_add_to_cart_form_location":"","bundle_editable_in_cart":false,"bundle_sold_individually_context":"","bundle_item_grouping":"","bundle_min_size":"","bundle_max_size":"","bundle_price":[],"bundled_items":[],"bundle_sell_ids":[],"_links":{"self":[{"href":"https:\/\/studiokoncept.se\/fr\/wp-json\/wp\/v2\/product\/20065","targetHints":{"allow":["GET"]}}],"collection":[{"href":"https:\/\/studiokoncept.se\/fr\/wp-json\/wp\/v2\/product"}],"about":[{"href":"https:\/\/studiokoncept.se\/fr\/wp-json\/wp\/v2\/types\/product"}],"version-history":[{"count":0,"href":"https:\/\/studiokoncept.se\/fr\/wp-json\/wp\/v2\/product\/20065\/revisions"}],"wp:featuredmedia":[{"embeddable":true,"href":"https:\/\/studiokoncept.se\/fr\/wp-json\/wp\/v2\/media\/20062"}],"wp:attachment":[{"href":"https:\/\/studiokoncept.se\/fr\/wp-json\/wp\/v2\/media?parent=20065"}],"wp:term":[{"taxonomy":"product_brand","embeddable":true,"href":"https:\/\/studiokoncept.se\/fr\/wp-json\/wp\/v2\/product_brand?post=20065"},{"taxonomy":"product_cat","embeddable":true,"href":"https:\/\/studiokoncept.se\/fr\/wp-json\/wp\/v2\/product_cat?post=20065"},{"taxonomy":"product_tag","embeddable":true,"href":"https:\/\/studiokoncept.se\/fr\/wp-json\/wp\/v2\/product_tag?post=20065"}],"curies":[{"name":"wp","href":"https:\/\/api.w.org\/{rel}","templated":true}]}}