{"id":20054,"date":"2024-08-01T20:30:00","date_gmt":"2024-08-01T18:30:00","guid":{"rendered":"https:\/\/studiokoncept.se\/?post_type=product&#038;p=20054"},"modified":"2024-08-01T20:31:20","modified_gmt":"2024-08-01T18:31:20","slug":"ifi-audio-ican-phantom","status":"publish","type":"product","link":"https:\/\/studiokoncept.se\/fr\/produkt\/ifi-audio-ican-phantom\/","title":{"rendered":"Ifi Audio iCAN Phantom"},"content":{"rendered":"<p><strong>iCAN Phantom d'iFi Audio<\/strong> repr\u00e9sente la pointe de la technologie audio en mati\u00e8re d'amplificateurs et de pr\u00e9amplificateurs pour casques. Il est con\u00e7u pour les audiophiles exigeants qui recherchent une qualit\u00e9 sonore exceptionnelle associ\u00e9e \u00e0 une personnalisation et une fonctionnalit\u00e9 maximales. Gr\u00e2ce \u00e0 ses caract\u00e9ristiques et composants avanc\u00e9s, l'iCAN Phantom offre une exp\u00e9rience audio \u00e0 la fois puissante et d\u00e9taill\u00e9e.<\/p>\n<h4>Qualit\u00e9 de la conception et de la construction<\/h4>\n<ul>\n<li><strong>Construction robuste<\/strong>L'iCAN Phantom est construit avec des mat\u00e9riaux de haute qualit\u00e9 et poss\u00e8de un design \u00e9l\u00e9gant qui refl\u00e8te ses performances de haut niveau. Le ch\u00e2ssis de l'appareil est en aluminium pour r\u00e9duire les vibrations et augmenter la durabilit\u00e9.<\/li>\n<li><strong>Solution de refroidissement avanc\u00e9e<\/strong>La solution de refroidissement int\u00e9gr\u00e9e permet \u00e0 l'appareil de rester \u00e0 une temp\u00e9rature optimale, m\u00eame pendant de longues sessions d'\u00e9coute.<\/li>\n<\/ul>\n<h4>Principales fonctions<\/h4>\n<ul>\n<li><strong>Conception de circuits enti\u00e8rement \u00e9quilibr\u00e9s<\/strong>Le circuit enti\u00e8rement \u00e9quilibr\u00e9 minimise le bruit et la distorsion, ce qui se traduit par une reproduction sonore propre et pr\u00e9cise. Cela vous permet d'entendre la musique telle qu'elle est cens\u00e9e \u00eatre.<\/li>\n<li><strong>Alimentation adaptative<\/strong>Phantom peut alimenter une grande vari\u00e9t\u00e9 de casques, y compris les casques \u00e9lectrostatiques, magn\u00e9tiques planaires et dynamiques. Il est \u00e9quip\u00e9 d'une alimentation adaptative qui se r\u00e8gle automatiquement pour optimiser les performances en fonction du type de casque utilis\u00e9.<\/li>\n<li><strong>XBass et son holographique 3D<\/strong>Ces fonctions am\u00e9liorent la r\u00e9ponse des basses et cr\u00e9ent une sc\u00e8ne sonore tridimensionnelle qui rend la musique plus vivante. XBass compense toute perte de basses dans le casque, tandis que le son holographique 3D offre une sc\u00e8ne sonore plus large et plus profonde.<\/li>\n<li><strong>Prise en charge de MQA et de l'audio haute d\u00e9finition<\/strong>L'iCAN Phantom prend en charge les formats audio haute r\u00e9solution tels que DSD, PCM et MQA, ce qui garantit une reproduction parfaite des enregistrements les plus d\u00e9taill\u00e9s. La technologie MQA permet de d\u00e9coder des fichiers audio encod\u00e9s pour pr\u00e9server la qualit\u00e9 sonore de l'enregistrement original.<\/li>\n<li><strong>Mode \u00e9lectrostatique<\/strong>iCAN Phantom : iCAN Phantom est l'un des rares amplificateurs \u00e0 prendre en charge les casques \u00e9lectrostatiques, ce qui le rend id\u00e9al pour les utilisateurs qui souhaitent profiter de la qualit\u00e9 sonore exceptionnelle offerte par ces casques. Avec un circuit d'amplification \u00e9lectrostatique d\u00e9di\u00e9, il peut piloter des casques de marques c\u00e9l\u00e8bres telles que Stax et Koss.<\/li>\n<\/ul>\n<h4>Connectivit\u00e9<\/h4>\n<ul>\n<li><strong>Entr\u00e9es et sorties polyvalentes<\/strong>L'appareil dispose d'une s\u00e9rie d'entr\u00e9es et de sorties, y compris des entr\u00e9es XLR et RCA pour faciliter la connexion \u00e0 d'autres sources audio. Il y a \u00e9galement plusieurs sorties casque pour les connexions sym\u00e9triques et asym\u00e9triques.<\/li>\n<li><strong>Commande \u00e0 distance et support d'application<\/strong>Les utilisateurs peuvent facilement ajuster les r\u00e9glages en fonction de leurs pr\u00e9f\u00e9rences d'\u00e9coute gr\u00e2ce \u00e0 la t\u00e9l\u00e9commande incluse et \u00e0 la compatibilit\u00e9 avec l'application iFi.<\/li>\n<\/ul>\n<h4>Composants de la plus haute qualit\u00e9<\/h4>\n<ul>\n<li><strong>Condensateurs Elna Silmic II<\/strong>Ces condensateurs de qualit\u00e9 sup\u00e9rieure sont utilis\u00e9s pour minimiser le bruit et am\u00e9liorer la qualit\u00e9 du son.<\/li>\n<li><strong>AMR Ov Amplis-op<\/strong>iFi utilise sa propre s\u00e9rie d'amplificateurs op\u00e9rationnels AMR Ov pour garantir une faible distorsion et une reproduction sonore de haute pr\u00e9cision.<span class=\"\" data-state=\"closed\"><span class=\"text-token-text-secondary\">)<\/span><\/span>.<\/li>\n<\/ul>\n<h4>Performances et qualit\u00e9 du son<\/h4>\n<ul>\n<li><strong>Pr\u00e9cision sonore extr\u00eame<\/strong>L'iCAN Phantom est con\u00e7u pour offrir une pr\u00e9cision audio extr\u00eame avec une sc\u00e8ne sonore \u00e0 la fois large et profonde. La conception du circuit \u00e9quilibr\u00e9 garantit que le son est exempt de bruit et de distorsion, ce qui permet d'obtenir une sc\u00e8ne sonore claire et naturelle.<\/li>\n<li><strong>Un renforcement puissant<\/strong>Phantom : Avec une capacit\u00e9 de puissance sup\u00e9rieure \u00e0 celle de nombreux concurrents, Phantom peut alimenter sans probl\u00e8me les casques les plus exigeants, y compris les mod\u00e8les \u00e9lectrostatiques et magn\u00e9tiques planaires.<\/li>\n<\/ul>\n<h4>R\u00e9sum\u00e9<\/h4>\n<p>iFi Audio's <strong>iCAN Phantom<\/strong> est un amplificateur de casque qui \u00e9tablit une nouvelle norme en mati\u00e8re de qualit\u00e9 sonore et de polyvalence. Il associe une technologie avanc\u00e9e \u00e0 une conception conviviale pour offrir une exp\u00e9rience audio exceptionnelle. Prenant en charge une grande vari\u00e9t\u00e9 de types de casques et de formats audio haute r\u00e9solution, l'iCAN Phantom est le choix id\u00e9al pour l'audiophile exigeant qui souhaite vivre la musique dans sa forme la plus pure. Que vous \u00e9coutiez de la musique classique ou du rock, le Phantom offre une exp\u00e9rience audio \u00e0 la fois engageante et immersive.<\/p>","protected":false},"excerpt":{"rendered":"<p>iFi Audio's <strong>iCAN Phantom<\/strong> est un amplificateur et pr\u00e9amplificateur de casque avanc\u00e9 qui offre une qualit\u00e9 sonore et une polyvalence exceptionnelles. Con\u00e7u pour les audiophiles \u00e0 la recherche du meilleur de la technologie audio, il est dot\u00e9 d'un circuit enti\u00e8rement \u00e9quilibr\u00e9, de r\u00e9glages audio personnalisables et d'une prise en charge des casques traditionnels et \u00e9lectrostatiques. Avec des fonctions telles que XBass et 3D Holographic, l'iCAN Phantom offre une exp\u00e9rience audio dynamique et captivante, quel que soit le type de casque utilis\u00e9. Il est \u00e9quip\u00e9 des derniers composants pour garantir une distorsion minimale et des performances maximales.<\/p>","protected":false},"featured_media":20056,"template":"","meta":[],"product_brand":[],"product_cat":[163],"product_tag":[],"class_list":{"0":"post-20054","1":"product","2":"type-product","3":"status-publish","4":"has-post-thumbnail","6":"product_cat-horlursforstarkare","7":"product_shipping_class-standard","9":"first","10":"instock","11":"taxable","12":"shipping-taxable","13":"purchasable","14":"product-type-simple"},"bundled_by":[],"bundle_stock_status":"instock","bundle_stock_quantity":null,"bundle_virtual":false,"bundle_layout":"","bundle_add_to_cart_form_location":"","bundle_editable_in_cart":false,"bundle_sold_individually_context":"","bundle_item_grouping":"","bundle_min_size":"","bundle_max_size":"","bundle_price":[],"bundled_items":[],"bundle_sell_ids":[],"_links":{"self":[{"href":"https:\/\/studiokoncept.se\/fr\/wp-json\/wp\/v2\/product\/20054","targetHints":{"allow":["GET"]}}],"collection":[{"href":"https:\/\/studiokoncept.se\/fr\/wp-json\/wp\/v2\/product"}],"about":[{"href":"https:\/\/studiokoncept.se\/fr\/wp-json\/wp\/v2\/types\/product"}],"version-history":[{"count":0,"href":"https:\/\/studiokoncept.se\/fr\/wp-json\/wp\/v2\/product\/20054\/revisions"}],"wp:featuredmedia":[{"embeddable":true,"href":"https:\/\/studiokoncept.se\/fr\/wp-json\/wp\/v2\/media\/20056"}],"wp:attachment":[{"href":"https:\/\/studiokoncept.se\/fr\/wp-json\/wp\/v2\/media?parent=20054"}],"wp:term":[{"taxonomy":"product_brand","embeddable":true,"href":"https:\/\/studiokoncept.se\/fr\/wp-json\/wp\/v2\/product_brand?post=20054"},{"taxonomy":"product_cat","embeddable":true,"href":"https:\/\/studiokoncept.se\/fr\/wp-json\/wp\/v2\/product_cat?post=20054"},{"taxonomy":"product_tag","embeddable":true,"href":"https:\/\/studiokoncept.se\/fr\/wp-json\/wp\/v2\/product_tag?post=20054"}],"curies":[{"name":"wp","href":"https:\/\/api.w.org\/{rel}","templated":true}]}}