{"id":20014,"date":"2024-07-31T22:05:19","date_gmt":"2024-07-31T20:05:19","guid":{"rendered":"https:\/\/studiokoncept.se\/?post_type=product&#038;p=20014"},"modified":"2025-05-31T19:58:34","modified_gmt":"2025-05-31T17:58:34","slug":"ifi-audio-idsd-diablo-2","status":"publish","type":"product","link":"https:\/\/studiokoncept.se\/fr\/shop\/elektronik\/horlursforstarkare\/ifi-audio-idsd-diablo-2\/","title":{"rendered":"Ifi Audio iDSD diablo 2"},"content":{"rendered":"<p>Le iDSD Diablo 2 d'iFi Audio est la derni\u00e8re version de son convertisseur num\u00e9rique-analogique (DAC) et amplificateur de casque portable phare. Con\u00e7u pour offrir une qualit\u00e9 sonore exceptionnelle, cet appareil associe une technologie avanc\u00e9e \u00e0 une construction \u00e9l\u00e9gante et robuste, ce qui en fait un compagnon indispensable pour les amateurs de musique s\u00e9rieux.<\/p>\n<h4>Caract\u00e9ristiques et sp\u00e9cifications<\/h4>\n<ul>\n<li><strong>Une qualit\u00e9 sonore exceptionnelle<\/strong>Diablo 2 prend en charge la lecture audio haute r\u00e9solution jusqu'\u00e0 PCM 32 bits\/768 kHz, DSD512 et MQA, offrant une clart\u00e9 et des d\u00e9tails in\u00e9gal\u00e9s dans la reproduction audio.<\/li>\n<li><strong>Un renforcement puissant<\/strong>Diablo 2 : Avec un amplificateur de casque int\u00e9gr\u00e9 qui d\u00e9livre jusqu'\u00e0 5000mW, Diablo 2 peut facilement alimenter les casques les plus exigeants du march\u00e9.<\/li>\n<li><strong>Technologie DAC avanc\u00e9e<\/strong>Diablo 2 : \u00c9quip\u00e9 de deux puces DAC Burr-Brown et d'un chemin de signal enti\u00e8rement \u00e9quilibr\u00e9, Diablo 2 garantit une reproduction sonore extr\u00eamement propre et pr\u00e9cise.<\/li>\n<li><strong>Autonomie et portabilit\u00e9<\/strong>Diablo 2 : Avec une autonomie impressionnante allant jusqu'\u00e0 12 heures et un design robuste et l\u00e9ger, Diablo 2 est parfait pour une utilisation \u00e0 la maison et pour l'\u00e9coute mobile.<\/li>\n<\/ul>\n<h4>Qualit\u00e9 de la conception et de la construction<\/h4>\n<ul>\n<li><strong>Design exclusif<\/strong>Diablo 2 : Diablo 2 est dot\u00e9 d'une finition rouge frappante et d'une construction en m\u00e9tal solide qui exsudent \u00e0 la fois le style et la durabilit\u00e9. Son design \u00e9l\u00e9gant en fait un compl\u00e9ment attrayant \u00e0 toute collection audiophile.<\/li>\n<li><strong>Commandes conviviales<\/strong>L'appareil est \u00e9quip\u00e9 de commandes intuitives et d'un \u00e9cran LED clair indiquant la r\u00e9solution audio actuelle et l'\u00e9tat de fonctionnement, ce qui le rend facile \u00e0 utiliser, m\u00eame pour les d\u00e9butants.<\/li>\n<\/ul>\n<h4>Connectivit\u00e9<\/h4>\n<ul>\n<li><strong>Connexions flexibles<\/strong>Diablo 2 offre de nombreuses options de connectivit\u00e9, notamment des sorties sym\u00e9triques et asym\u00e9triques, des entr\u00e9es USB-A et USB-C, ainsi qu'une entr\u00e9e S\/PDIF, ce qui le rend compatible avec un large \u00e9ventail d'appareils et de sources audio.<\/li>\n<li><strong>Accessoires externes<\/strong>Les accessoires inclus comprennent un iPurifier3 pour un signal USB plus propre, un c\u00e2ble adaptateur \u00e9quilibr\u00e9 et un \u00e9tui de rangement exclusif, ce qui am\u00e9liore encore l'exp\u00e9rience de l'utilisateur.<\/li>\n<\/ul>\n<h4>Exp\u00e9rience audio<\/h4>\n<ul>\n<li><strong>Lecture haute d\u00e9finition<\/strong>Diablo 2 offre une sc\u00e8ne sonore extr\u00eamement d\u00e9taill\u00e9e et dynamique qui reproduit la musique exactement comme l'artiste l'a voulu.<\/li>\n<li><strong>Une dynamique puissante<\/strong>Le puissant amplificateur offre une dynamique impressionnante et un contr\u00f4le de la sc\u00e8ne sonore, ce qui permet une exp\u00e9rience d'\u00e9coute engageante et \u00e9motionnelle.<\/li>\n<\/ul>","protected":false},"excerpt":{"rendered":"<p>Le iDSD Diablo 2 d'iFi Audio est un DAC portable et un amplificateur de casque qui offre une exp\u00e9rience audio exceptionnelle. Avec un design \u00e9l\u00e9gant et une technologie avanc\u00e9e, Diablo 2 est id\u00e9al pour les amateurs de musique qui veulent profiter d'un son haute r\u00e9solution o\u00f9 qu'ils soient.<\/p>","protected":false},"featured_media":20015,"template":"","meta":[],"product_brand":[],"product_cat":[163],"product_tag":[],"class_list":{"0":"post-20014","1":"product","2":"type-product","3":"status-publish","4":"has-post-thumbnail","6":"product_cat-horlursforstarkare","8":"first","9":"instock","10":"taxable","11":"shipping-taxable","12":"purchasable","13":"product-type-simple"},"bundled_by":[],"bundle_stock_status":"instock","bundle_stock_quantity":null,"bundle_virtual":false,"bundle_layout":"","bundle_add_to_cart_form_location":"","bundle_editable_in_cart":false,"bundle_sold_individually_context":"","bundle_item_grouping":"","bundle_min_size":"","bundle_max_size":"","bundle_price":[],"bundled_items":[],"bundle_sell_ids":[],"_links":{"self":[{"href":"https:\/\/studiokoncept.se\/fr\/wp-json\/wp\/v2\/product\/20014","targetHints":{"allow":["GET"]}}],"collection":[{"href":"https:\/\/studiokoncept.se\/fr\/wp-json\/wp\/v2\/product"}],"about":[{"href":"https:\/\/studiokoncept.se\/fr\/wp-json\/wp\/v2\/types\/product"}],"version-history":[{"count":0,"href":"https:\/\/studiokoncept.se\/fr\/wp-json\/wp\/v2\/product\/20014\/revisions"}],"wp:featuredmedia":[{"embeddable":true,"href":"https:\/\/studiokoncept.se\/fr\/wp-json\/wp\/v2\/media\/20015"}],"wp:attachment":[{"href":"https:\/\/studiokoncept.se\/fr\/wp-json\/wp\/v2\/media?parent=20014"}],"wp:term":[{"taxonomy":"product_brand","embeddable":true,"href":"https:\/\/studiokoncept.se\/fr\/wp-json\/wp\/v2\/product_brand?post=20014"},{"taxonomy":"product_cat","embeddable":true,"href":"https:\/\/studiokoncept.se\/fr\/wp-json\/wp\/v2\/product_cat?post=20014"},{"taxonomy":"product_tag","embeddable":true,"href":"https:\/\/studiokoncept.se\/fr\/wp-json\/wp\/v2\/product_tag?post=20014"}],"curies":[{"name":"wp","href":"https:\/\/api.w.org\/{rel}","templated":true}]}}