{"id":20003,"date":"2024-07-31T09:05:40","date_gmt":"2024-07-31T07:05:40","guid":{"rendered":"https:\/\/studiokoncept.se\/?post_type=product&#038;p=20003"},"modified":"2024-07-31T12:07:24","modified_gmt":"2024-07-31T10:07:24","slug":"ifi-audio-hip-dac-3","status":"publish","type":"product","link":"https:\/\/studiokoncept.se\/fr\/shop\/elektronik\/horlursforstarkare\/ifi-audio-hip-dac-3\/","title":{"rendered":"Ifi Audio hip-dac 3"},"content":{"rendered":"<p>Le Hip-DAC 3 d'iFi Audio est le dernier mod\u00e8le de sa gamme de convertisseurs num\u00e9riques-analogiques (DAC) et d'amplificateurs de casque portables, sp\u00e9cialement con\u00e7us pour les audiophiles et les passionn\u00e9s de musique qui cherchent \u00e0 am\u00e9liorer la qualit\u00e9 sonore de leurs appareils portables. Cet appareil \u00e9l\u00e9gant et compact, en forme de flasque de poche, offre une gamme impressionnante de fonctions qui satisferont m\u00eame les auditeurs les plus exigeants.<\/p>\n<h3>Caract\u00e9ristiques et fonctions<\/h3>\n<ul>\n<li><strong>Audio haute d\u00e9finition<\/strong>Le Hip-DAC 3 prend en charge la lecture de fichiers audio jusqu'\u00e0 32 bits\/384 kHz et DSD256, offrant une clart\u00e9 et des d\u00e9tails difficiles \u00e0 \u00e9galer.<\/li>\n<li><strong>Un renforcement puissant<\/strong>Hip-DAC 3 : Avec un amplificateur de casque int\u00e9gr\u00e9 qui d\u00e9livre jusqu'\u00e0 400mW, le Hip-DAC 3 peut facilement alimenter les casques les plus exigeants.<\/li>\n<li><strong>Portabilit\u00e9<\/strong>Le lecteur de DVD est un outil de travail tr\u00e8s utile : sa conception compacte et robuste en fait l'outil id\u00e9al pour une utilisation en d\u00e9placement. L'autonomie de la batterie int\u00e9gr\u00e9e, qui peut atteindre 8 heures, garantit une \u00e9coute prolong\u00e9e sans interruption.<\/li>\n<li><strong>Connexions flexibles<\/strong>Le Hip-DAC 3 est \u00e9quip\u00e9 de sorties sym\u00e9triques de 3,5 mm et 4,4 mm, ce qui le rend compatible avec une grande vari\u00e9t\u00e9 de casques et de sources audio.<\/li>\n<\/ul>\n<h3>Facilit\u00e9 d'utilisation<\/h3>\n<p>L'appareil est con\u00e7u pour \u00eatre facile \u00e0 utiliser, avec des commandes simples et un indicateur LED clair montrant la r\u00e9solution audio actuelle. Gr\u00e2ce \u00e0 sa construction l\u00e9g\u00e8re et portable, ainsi qu'\u00e0 sa qualit\u00e9 de fabrication sup\u00e9rieure, le Hip-DAC 3 est le compagnon id\u00e9al de tous ceux qui appr\u00e9cient un son de haute qualit\u00e9, o\u00f9 qu'ils soient.<\/p>\n<h3>R\u00e9sum\u00e9<\/h3>\n<p>Le Hip-DAC 3 d'iFi Audio combine une technologie avanc\u00e9e avec un design \u00e9l\u00e9gant et une portabilit\u00e9 pratique. Il offre une exp\u00e9rience audio exceptionnelle aux utilisateurs qui souhaitent passer \u00e0 la vitesse sup\u00e9rieure en mati\u00e8re d'\u00e9coute musicale, que ce soit \u00e0 la maison ou en d\u00e9placement. Avec le Hip-DAC 3, vous pouvez profiter d'une qualit\u00e9 sonore haute r\u00e9solution et d'une amplification puissante dans un bo\u00eetier compact et \u00e9l\u00e9gant.<\/p>","protected":false},"excerpt":{"rendered":"<p>Le Hip-DAC 3 d'iFi Audio est un DAC portable et un amplificateur de casque con\u00e7u pour les amateurs de musique qui souhaitent am\u00e9liorer la qualit\u00e9 sonore de leurs appareils mobiles.<\/p>\n<p>Design compact et \u00e9l\u00e9gant.<\/p>\n<p>Le Hip-DAC offre un son haute d\u00e9finition et des performances puissantes, ce qui le rend parfait pour l'\u00e9coute en d\u00e9placement.<\/p>","protected":false},"featured_media":20004,"template":"","meta":[],"product_brand":[],"product_cat":[163],"product_tag":[],"class_list":{"0":"post-20003","1":"product","2":"type-product","3":"status-publish","4":"has-post-thumbnail","6":"product_cat-horlursforstarkare","8":"first","9":"instock","10":"taxable","11":"shipping-taxable","12":"purchasable","13":"product-type-simple"},"bundled_by":[],"bundle_stock_status":"instock","bundle_stock_quantity":null,"bundle_virtual":false,"bundle_layout":"","bundle_add_to_cart_form_location":"","bundle_editable_in_cart":false,"bundle_sold_individually_context":"","bundle_item_grouping":"","bundle_min_size":"","bundle_max_size":"","bundle_price":[],"bundled_items":[],"bundle_sell_ids":[],"_links":{"self":[{"href":"https:\/\/studiokoncept.se\/fr\/wp-json\/wp\/v2\/product\/20003","targetHints":{"allow":["GET"]}}],"collection":[{"href":"https:\/\/studiokoncept.se\/fr\/wp-json\/wp\/v2\/product"}],"about":[{"href":"https:\/\/studiokoncept.se\/fr\/wp-json\/wp\/v2\/types\/product"}],"version-history":[{"count":0,"href":"https:\/\/studiokoncept.se\/fr\/wp-json\/wp\/v2\/product\/20003\/revisions"}],"wp:featuredmedia":[{"embeddable":true,"href":"https:\/\/studiokoncept.se\/fr\/wp-json\/wp\/v2\/media\/20004"}],"wp:attachment":[{"href":"https:\/\/studiokoncept.se\/fr\/wp-json\/wp\/v2\/media?parent=20003"}],"wp:term":[{"taxonomy":"product_brand","embeddable":true,"href":"https:\/\/studiokoncept.se\/fr\/wp-json\/wp\/v2\/product_brand?post=20003"},{"taxonomy":"product_cat","embeddable":true,"href":"https:\/\/studiokoncept.se\/fr\/wp-json\/wp\/v2\/product_cat?post=20003"},{"taxonomy":"product_tag","embeddable":true,"href":"https:\/\/studiokoncept.se\/fr\/wp-json\/wp\/v2\/product_tag?post=20003"}],"curies":[{"name":"wp","href":"https:\/\/api.w.org\/{rel}","templated":true}]}}