{"id":19982,"date":"2024-07-30T07:41:01","date_gmt":"2024-07-30T05:41:01","guid":{"rendered":"https:\/\/studiokoncept.se\/?post_type=product&#038;p=19982"},"modified":"2024-07-31T21:55:53","modified_gmt":"2024-07-31T19:55:53","slug":"ifi-audio-lan-ipurifier-pro","status":"publish","type":"product","link":"https:\/\/studiokoncept.se\/fr\/shop\/elektronik\/streaming\/switchar\/ifi-audio-lan-ipurifier-pro\/","title":{"rendered":"Ifi Audio LAN iPurifier Pro"},"content":{"rendered":"<p>Le LAN iPurifier Pro de SilentPower utilise la technologie d'isolation galvanique optique pour isoler et \u00e9liminer le bruit \u00e9lectrique et les interf\u00e9rences provenant des routeurs ou des commutateurs de r\u00e9seau. En convertissant les signaux LAN en signaux optiques et inversement, une reproduction audio propre et silencieuse est assur\u00e9e. L'unit\u00e9 minimise la gigue et am\u00e9liore la synchronisation du syst\u00e8me gr\u00e2ce \u00e0 la r\u00e9g\u00e9n\u00e9ration active du signal. Facile \u00e0 installer entre le routeur et le p\u00e9riph\u00e9rique r\u00e9seau, il constitue une solution \u00e9l\u00e9gante pour les audiophiles qui cherchent \u00e0 optimiser les performances de leurs lecteurs de musique, bo\u00eetiers multim\u00e9dias 4K et PC.<\/p>\n<div><\/div>\n<p>LAN iPurifier Pro est aliment\u00e9 par USB-C et peut \u00eatre mis \u00e0 niveau avec iPower2 ou iPowerX pour am\u00e9liorer encore les performances.<\/p>\n<p>Pour plus d'informations, visitez le site <a href=\"https:\/\/www.silentpower.tech\/products\/lan-ipurifier-pro\" target=\"_new\" rel=\"noreferrer noopener\">Puissance silencieuse<\/a>.<\/p>","protected":false},"excerpt":{"rendered":"<p>LAN iPurifier Pro est un d\u00e9veloppement avanc\u00e9 de LAN iSilencer. Il s'agit d'un filtre de bruit Ethernet avec isolation optique qui \u00e9limine le bruit \u00e9lectrique et les interf\u00e9rences des routeurs de r\u00e9seau.<\/p>\n<p>Il am\u00e9liore la qualit\u00e9 sonore des streamers musicaux, des bo\u00eetiers multim\u00e9dias 4K et des PC de streaming en isolant et en r\u00e9g\u00e9n\u00e9rant les signaux, en minimisant la gigue et le bruit du syst\u00e8me.<\/p>\n<p>Je recommande vivement la mise \u00e0 niveau avec <a href=\"https:\/\/studiokoncept.se\/fr\/shop\/stromhantering\/stromrening\/ifi-audioipower-xnatdel\/\" target=\"_blank\" rel=\"noopener\">iPower X<\/a> pour une meilleure puissance.<\/p>","protected":false},"featured_media":20013,"template":"","meta":[],"product_brand":[],"product_cat":[237,684],"product_tag":[],"class_list":{"0":"post-19982","1":"product","2":"type-product","3":"status-publish","4":"has-post-thumbnail","6":"product_cat-signalrening","7":"product_cat-switchar","9":"first","10":"instock","11":"taxable","12":"shipping-taxable","13":"purchasable","14":"product-type-simple"},"bundled_by":[],"bundle_stock_status":"instock","bundle_stock_quantity":null,"bundle_virtual":false,"bundle_layout":"","bundle_add_to_cart_form_location":"","bundle_editable_in_cart":false,"bundle_sold_individually_context":"","bundle_item_grouping":"","bundle_min_size":"","bundle_max_size":"","bundle_price":[],"bundled_items":[],"bundle_sell_ids":[],"_links":{"self":[{"href":"https:\/\/studiokoncept.se\/fr\/wp-json\/wp\/v2\/product\/19982","targetHints":{"allow":["GET"]}}],"collection":[{"href":"https:\/\/studiokoncept.se\/fr\/wp-json\/wp\/v2\/product"}],"about":[{"href":"https:\/\/studiokoncept.se\/fr\/wp-json\/wp\/v2\/types\/product"}],"version-history":[{"count":0,"href":"https:\/\/studiokoncept.se\/fr\/wp-json\/wp\/v2\/product\/19982\/revisions"}],"wp:featuredmedia":[{"embeddable":true,"href":"https:\/\/studiokoncept.se\/fr\/wp-json\/wp\/v2\/media\/20013"}],"wp:attachment":[{"href":"https:\/\/studiokoncept.se\/fr\/wp-json\/wp\/v2\/media?parent=19982"}],"wp:term":[{"taxonomy":"product_brand","embeddable":true,"href":"https:\/\/studiokoncept.se\/fr\/wp-json\/wp\/v2\/product_brand?post=19982"},{"taxonomy":"product_cat","embeddable":true,"href":"https:\/\/studiokoncept.se\/fr\/wp-json\/wp\/v2\/product_cat?post=19982"},{"taxonomy":"product_tag","embeddable":true,"href":"https:\/\/studiokoncept.se\/fr\/wp-json\/wp\/v2\/product_tag?post=19982"}],"curies":[{"name":"wp","href":"https:\/\/api.w.org\/{rel}","templated":true}]}}