{"id":19095,"date":"2024-01-29T03:59:39","date_gmt":"2024-01-29T02:59:39","guid":{"rendered":"https:\/\/studiokoncept.se\/?post_type=product&#038;p=19095"},"modified":"2024-01-29T04:03:34","modified_gmt":"2024-01-29T03:03:34","slug":"entreq-eartha-revelation","status":"publish","type":"product","link":"https:\/\/studiokoncept.se\/fr\/shop\/jordning\/entreq-eartha-jordkablar\/entreq-eartha-revelation\/","title":{"rendered":"Entreq Eartha R\u00e9v\u00e9lation"},"content":{"rendered":"<h3><\/h3>","protected":false},"excerpt":{"rendered":"<h3>Eartha R\u00e9v\u00e9lation<\/h3>\n<p>La nouvelle gamme brillante de prix et de performances d'Entreq.<\/p>\n<p>Veuillez faire les choix suivants :<\/p>\n<ol>\n<li>Longueur du c\u00e2ble Eartha : veuillez nous contacter pour les longueurs sp\u00e9ciales.<\/li>\n<li>Choisissez le connecteur dont vous avez besoin pour vous connecter \u00e0 vos appareils \u00e9lectroniques.<\/li>\n<li>Choisissez si vous voulez un contact fixe ou le syst\u00e8me de clic. Le syst\u00e8me d'encliquetage pr\u00e9sente l'avantage de pouvoir remplacer le bouchon rapidement et facilement. Mais cela r\u00e9duit l\u00e9g\u00e8rement la qualit\u00e9.<\/li>\n<\/ol>","protected":false},"featured_media":10936,"template":"","meta":[],"product_brand":[],"product_cat":[678,188],"product_tag":[692,701],"class_list":{"0":"post-19095","1":"product","2":"type-product","3":"status-publish","4":"has-post-thumbnail","6":"product_cat-entreq-eartha-jordkablar","7":"product_cat-entreq-jordkablar","8":"product_tag-entreq","9":"product_tag-entreq-eartha-kablar","10":"product_shipping_class-standard","12":"first","13":"instock","14":"taxable","15":"shipping-taxable","16":"purchasable","17":"product-type-variable","18":"has-default-attributes"},"bundled_by":[],"bundle_stock_status":"instock","bundle_stock_quantity":null,"bundle_virtual":false,"bundle_layout":"","bundle_add_to_cart_form_location":"","bundle_editable_in_cart":false,"bundle_sold_individually_context":"","bundle_item_grouping":"","bundle_min_size":"","bundle_max_size":"","bundle_price":[],"bundled_items":[],"bundle_sell_ids":[],"_links":{"self":[{"href":"https:\/\/studiokoncept.se\/fr\/wp-json\/wp\/v2\/product\/19095","targetHints":{"allow":["GET"]}}],"collection":[{"href":"https:\/\/studiokoncept.se\/fr\/wp-json\/wp\/v2\/product"}],"about":[{"href":"https:\/\/studiokoncept.se\/fr\/wp-json\/wp\/v2\/types\/product"}],"version-history":[{"count":0,"href":"https:\/\/studiokoncept.se\/fr\/wp-json\/wp\/v2\/product\/19095\/revisions"}],"wp:featuredmedia":[{"embeddable":true,"href":"https:\/\/studiokoncept.se\/fr\/wp-json\/wp\/v2\/media\/10936"}],"wp:attachment":[{"href":"https:\/\/studiokoncept.se\/fr\/wp-json\/wp\/v2\/media?parent=19095"}],"wp:term":[{"taxonomy":"product_brand","embeddable":true,"href":"https:\/\/studiokoncept.se\/fr\/wp-json\/wp\/v2\/product_brand?post=19095"},{"taxonomy":"product_cat","embeddable":true,"href":"https:\/\/studiokoncept.se\/fr\/wp-json\/wp\/v2\/product_cat?post=19095"},{"taxonomy":"product_tag","embeddable":true,"href":"https:\/\/studiokoncept.se\/fr\/wp-json\/wp\/v2\/product_tag?post=19095"}],"curies":[{"name":"wp","href":"https:\/\/api.w.org\/{rel}","templated":true}]}}