{"id":18902,"date":"2024-01-22T17:10:45","date_gmt":"2024-01-22T16:10:45","guid":{"rendered":"https:\/\/studiokoncept.se\/?post_type=product&#038;p=18902"},"modified":"2024-01-27T07:12:33","modified_gmt":"2024-01-27T06:12:33","slug":"entreq-power-ac-digital-argo-kopia","status":"publish","type":"product","link":"https:\/\/studiokoncept.se\/fr\/shop\/kablar\/natkablar\/dc-5-24v-kablar\/entreq-power-ac-digital-argo-kopia\/","title":{"rendered":"Entreq Power DC Argo"},"content":{"rendered":"<h3><\/h3>\n<h3><\/h3>","protected":false},"excerpt":{"rendered":"<h3>C\u00e2ble d'alimentation sp\u00e9cialement con\u00e7u pour les produits non gourmands en \u00e9nergie<\/h3>\n<p>C\u00e2ble d'alimentation CA \u00e0 3 fils de la s\u00e9rie Argo, la s\u00e9rie inf\u00e9rieure des nouveaux c\u00e2bles tress\u00e9s.<\/p>\n<p>Vous pouvez entendre que les pr\u00e9amplis et les DAC, par exemple, b\u00e9n\u00e9ficient d'une plus grande libert\u00e9 et d'une plus grande rapidit\u00e9 gr\u00e2ce \u00e0 ces c\u00e2bles sp\u00e9cialement con\u00e7us pour des produits moins gourmands en \u00e9nergie.<\/p>","protected":false},"featured_media":0,"template":"","meta":[],"product_brand":[],"product_cat":[632],"product_tag":[692,714],"class_list":{"0":"post-18902","1":"product","2":"type-product","3":"status-publish","5":"product_cat-dc-5-24v-kablar","6":"product_tag-entreq","7":"product_tag-entreq-ac-digitalkabel","9":"first","10":"instock","11":"taxable","12":"shipping-taxable","13":"purchasable","14":"product-type-variable","15":"has-default-attributes"},"bundled_by":[],"bundle_stock_status":"instock","bundle_stock_quantity":null,"bundle_virtual":false,"bundle_layout":"","bundle_add_to_cart_form_location":"","bundle_editable_in_cart":false,"bundle_sold_individually_context":"","bundle_item_grouping":"","bundle_min_size":"","bundle_max_size":"","bundle_price":[],"bundled_items":[],"bundle_sell_ids":[],"_links":{"self":[{"href":"https:\/\/studiokoncept.se\/fr\/wp-json\/wp\/v2\/product\/18902","targetHints":{"allow":["GET"]}}],"collection":[{"href":"https:\/\/studiokoncept.se\/fr\/wp-json\/wp\/v2\/product"}],"about":[{"href":"https:\/\/studiokoncept.se\/fr\/wp-json\/wp\/v2\/types\/product"}],"version-history":[{"count":0,"href":"https:\/\/studiokoncept.se\/fr\/wp-json\/wp\/v2\/product\/18902\/revisions"}],"wp:attachment":[{"href":"https:\/\/studiokoncept.se\/fr\/wp-json\/wp\/v2\/media?parent=18902"}],"wp:term":[{"taxonomy":"product_brand","embeddable":true,"href":"https:\/\/studiokoncept.se\/fr\/wp-json\/wp\/v2\/product_brand?post=18902"},{"taxonomy":"product_cat","embeddable":true,"href":"https:\/\/studiokoncept.se\/fr\/wp-json\/wp\/v2\/product_cat?post=18902"},{"taxonomy":"product_tag","embeddable":true,"href":"https:\/\/studiokoncept.se\/fr\/wp-json\/wp\/v2\/product_tag?post=18902"}],"curies":[{"name":"wp","href":"https:\/\/api.w.org\/{rel}","templated":true}]}}