{"id":18659,"date":"2023-09-26T07:06:10","date_gmt":"2023-09-26T05:06:10","guid":{"rendered":"https:\/\/studiokoncept.se\/?post_type=product&#038;p=18659"},"modified":"2023-09-30T13:38:18","modified_gmt":"2023-09-30T11:38:18","slug":"rel-acoustics-t-7x","status":"publish","type":"product","link":"https:\/\/studiokoncept.se\/fr\/shop\/hogtalare\/subwoofers\/rel-acoustics-t-7x\/","title":{"rendered":"Rel Acoustics T\/7x"},"content":{"rendered":"<h4>T\/7x est la r\u00e9ponse parfaite pour le monde r\u00e9el.<\/h4>\n<p>Il est suffisamment compact pour le salon tout en \u00e9tant assez puissant pour r\u00e9pondre \u00e0 la plupart des besoins et bien \u00e9quilibr\u00e9 pour s'harmoniser avec de nombreux haut-parleurs de qualit\u00e9 sur le march\u00e9. Rel a conserv\u00e9 son amplificateur A\/B utilis\u00e9 dans toutes les g\u00e9n\u00e9rations de la s\u00e9rie T depuis 2006. Le puissant amplificateur mosfet de 200 watts du T\/7x est une ic\u00f4ne de son et de fiabilit\u00e9, avec des am\u00e9liorations innovantes et de nouvelles m\u00e9thodes qui am\u00e9liorent encore les performances et la fiabilit\u00e9.<\/p>\n<p>Au c\u0153ur de la T\/7x se trouvent ses \u00e9l\u00e9ments actifs de 8 pouces \u00e0 longue course et ses \u00e9l\u00e9ments passifs de 10 pouces, qui offrent une vitesse incroyable et une finition nette. Une r\u00e9vision compl\u00e8te des composants critiques de la suspension conf\u00e8re \u00e0 la T\/7x son agilit\u00e9 et sa douceur. Il surprend par sa rapidit\u00e9, sa r\u00e9activit\u00e9 et sa transparence par rapport \u00e0 la g\u00e9n\u00e9ration pr\u00e9c\u00e9dente, qui \u00e9tait un mod\u00e8le en soi. Les suspensions plus rigides permettent \u00e0 chaque \u00e9l\u00e9ment de suivre les petits d\u00e9tails, de se d\u00e9placer plus loin et de supporter plus de force, ce qui garantit que le T\/7x ne se contente pas de r\u00e9pondre aux attentes, mais les d\u00e9passe.<\/p>","protected":false},"excerpt":{"rendered":"<p>Rel acoustics classic T\/7 maintenant am\u00e9lior\u00e9 \u00e0 T\/7x.<br \/>\nUne r\u00e9vision compl\u00e8te des composants critiques de la suspension conf\u00e8re \u00e0 la T\/7x son agilit\u00e9 et sa douceur. La T\/7x est plus bruyante et plus puissante que pr\u00e9vu, mais elle est aussi plus rapide, plus r\u00e9active et plus transparente que la g\u00e9n\u00e9ration pr\u00e9c\u00e9dente, qui \u00e9tait d\u00e9j\u00e0 un mod\u00e8le. Gr\u00e2ce \u00e0 des suspensions plus rigides, il est mieux adapt\u00e9 aux t\u00e2ches avanc\u00e9es, saisissant plus de petits d\u00e9tails et g\u00e9rant plus de puissance.<\/p>","protected":false},"featured_media":18663,"template":"","meta":[],"product_brand":[],"product_cat":[321],"product_tag":[],"class_list":{"0":"post-18659","1":"product","2":"type-product","3":"status-publish","4":"has-post-thumbnail","6":"product_cat-subwoofers","7":"product_shipping_class-standard","9":"first","10":"instock","11":"taxable","12":"shipping-taxable","13":"purchasable","14":"product-type-variable","15":"has-default-attributes"},"bundled_by":[],"bundle_stock_status":"instock","bundle_stock_quantity":null,"bundle_virtual":false,"bundle_layout":"","bundle_add_to_cart_form_location":"","bundle_editable_in_cart":false,"bundle_sold_individually_context":"","bundle_item_grouping":"","bundle_min_size":"","bundle_max_size":"","bundle_price":[],"bundled_items":[],"bundle_sell_ids":[],"_links":{"self":[{"href":"https:\/\/studiokoncept.se\/fr\/wp-json\/wp\/v2\/product\/18659","targetHints":{"allow":["GET"]}}],"collection":[{"href":"https:\/\/studiokoncept.se\/fr\/wp-json\/wp\/v2\/product"}],"about":[{"href":"https:\/\/studiokoncept.se\/fr\/wp-json\/wp\/v2\/types\/product"}],"version-history":[{"count":0,"href":"https:\/\/studiokoncept.se\/fr\/wp-json\/wp\/v2\/product\/18659\/revisions"}],"wp:featuredmedia":[{"embeddable":true,"href":"https:\/\/studiokoncept.se\/fr\/wp-json\/wp\/v2\/media\/18663"}],"wp:attachment":[{"href":"https:\/\/studiokoncept.se\/fr\/wp-json\/wp\/v2\/media?parent=18659"}],"wp:term":[{"taxonomy":"product_brand","embeddable":true,"href":"https:\/\/studiokoncept.se\/fr\/wp-json\/wp\/v2\/product_brand?post=18659"},{"taxonomy":"product_cat","embeddable":true,"href":"https:\/\/studiokoncept.se\/fr\/wp-json\/wp\/v2\/product_cat?post=18659"},{"taxonomy":"product_tag","embeddable":true,"href":"https:\/\/studiokoncept.se\/fr\/wp-json\/wp\/v2\/product_tag?post=18659"}],"curies":[{"name":"wp","href":"https:\/\/api.w.org\/{rel}","templated":true}]}}