{"id":18062,"date":"2023-06-26T19:41:46","date_gmt":"2023-06-26T17:41:46","guid":{"rendered":"https:\/\/studiokoncept.se\/?post_type=product&#038;p=18062"},"modified":"2024-03-01T05:08:26","modified_gmt":"2024-03-01T04:08:26","slug":"gold-note-rack","status":"publish","type":"product","link":"https:\/\/studiokoncept.se\/fr\/produkt\/gold-note-rack\/","title":{"rendered":"Gold Note Support Galileo"},"content":{"rendered":"<p>Le Gold Note Galileo Rack fait partie de la gamme de produits de la soci\u00e9t\u00e9 italienne Gold Note. Il s'agit d'un rack qui vise \u00e0 cr\u00e9er une plate-forme parfaite pour divers produits hi-fi, optimisant ainsi la reproduction musicale.<\/p>\n<p>Le nom GALILEO est un hommage au g\u00e9nie florentin Galileo Galilei, n\u00e9 au milieu du XVIe si\u00e8cle, qui fut un \u00e9minent physicien, math\u00e9maticien, astronome et ing\u00e9nieur. Le design du rack rappelle l'\"escalier monumental de la Biblioteca Vasariana\" de Florence, cr\u00e9\u00e9 par Michelangelo Buonarroti, ainsi que les tombeaux monumentaux de Lorenzo Dei Medici, et cr\u00e9e une unit\u00e9 parfaitement con\u00e7ue avec, par exemple, la platine Mediterraneo.<\/p>\n<p>Le rack Galileo pr\u00e9sente les caract\u00e9ristiques techniques suivantes :<\/p>\n<p>- Le rack se compose de 3 couches, l'int\u00e9rieur \u00e9tant constitu\u00e9 d'une couche d'acier inoxydable de 3 mm d'\u00e9paisseur reli\u00e9e par 16 boulons en acier inoxydable. Chaque module p\u00e8se 25 kg.<\/p>\n<p>- L'\u00e9tag\u00e8re est maintenant disponible en noyer et en noir et en 2 tailles :<br \/>\n1. largeur : 1160 mm, hauteur : 42 mm, profondeur : 642 mm.<br \/>\n2. largeur : 690 mm, hauteur : 42 mm, profondeur : 645 mm, ce qui lui permet de supporter des appareils pesant jusqu'\u00e0 100 kg. Il peut en principe accueillir n'importe quel type d'\u00e9quipement audio pour une qualit\u00e9 de son optimale.<\/p>\n<p>- Il est propos\u00e9 avec des pieds massifs en aluminium finement usin\u00e9s en forme de sablier et des cadres g\u00e9ants en bronze. Le design en sablier des pieds a un grand effet d'amortissement car la forme elliptique r\u00e9partit mieux les forces longitudinales le long du pied. De plus, le pied est encastr\u00e9 de 10 mm dans l'\u00e9tag\u00e8re en bois et est reli\u00e9 \u00e0 l'autre par un insert g\u00e9ant en bronze de 30 x 48 mm, ce qui permet d'obtenir les meilleures performances sonores.<\/p>\n<p>- Le rack Galileo est \u00e9galement dot\u00e9 d'une conception enti\u00e8rement modulaire qui permet de construire n'importe quel syst\u00e8me de conception personnalis\u00e9, du simple rack \u00e0 \u00e9tag\u00e8res aux multiples tables horizontales.<\/p>","protected":false},"excerpt":{"rendered":"<p>Les racks de Gold Note sont incroyablement beaux et comp\u00e9tents.<br \/>\nLe fait d'avoir la platine et le rack Gold Notes en noyer est incroyablement beau !<br \/>\nPlus d'informations ci-dessous.<\/p>","protected":false},"featured_media":19424,"template":"","meta":[],"product_brand":[],"product_cat":[176],"product_tag":[],"class_list":{"0":"post-18062","1":"product","2":"type-product","3":"status-publish","4":"has-post-thumbnail","6":"product_cat-rack","8":"first","9":"instock","10":"virtual","11":"taxable","12":"purchasable","13":"product-type-bundle"},"bundled_by":[],"bundle_stock_status":"instock","bundle_stock_quantity":"","bundle_virtual":false,"bundle_layout":"tabular","bundle_add_to_cart_form_location":"default","bundle_editable_in_cart":false,"bundle_sold_individually_context":"product","bundle_item_grouping":"none","bundle_min_size":"","bundle_max_size":"","bundle_price":{"price":{"min":{"incl_tax":"280","excl_tax":"224"},"max":{"incl_tax":"199470","excl_tax":"159576"}},"regular_price":{"min":{"incl_tax":"280","excl_tax":"224"},"max":{"incl_tax":"199470","excl_tax":"159576"}}},"bundled_items":[{"bundled_item_id":102,"product_id":18055,"menu_order":0,"quantity_min":0,"quantity_max":1,"quantity_default":0,"priced_individually":true,"shipped_individually":false,"override_title":false,"title":"Gold Note Galileo Rack avec 3 \u00e9tag\u00e8res","override_description":true,"description":"","optional":false,"hide_thumbnail":false,"discount":"","override_variations":false,"allowed_variations":[],"override_default_variation_attributes":false,"default_variation_attributes":[],"single_product_visibility":"visible","cart_visibility":"visible","order_visibility":"visible","single_product_price_visibility":"visible","cart_price_visibility":"visible","order_price_visibility":"visible","stock_status":"in_stock"},{"bundled_item_id":100,"product_id":18045,"menu_order":1,"quantity_min":0,"quantity_max":1,"quantity_default":0,"priced_individually":true,"shipped_individually":false,"override_title":false,"title":"Gold Note Galileo Rack avec 2 \u00e9tag\u00e8res","override_description":true,"description":"","optional":false,"hide_thumbnail":false,"discount":"","override_variations":false,"allowed_variations":[],"override_default_variation_attributes":false,"default_variation_attributes":[],"single_product_visibility":"visible","cart_visibility":"visible","order_visibility":"visible","single_product_price_visibility":"visible","cart_price_visibility":"visible","order_price_visibility":"visible","stock_status":"in_stock"},{"bundled_item_id":101,"product_id":17971,"menu_order":2,"quantity_min":0,"quantity_max":4,"quantity_default":0,"priced_individually":true,"shipped_individually":false,"override_title":false,"title":"Gold Note Galileo Rack pour Monoblock","override_description":true,"description":"","optional":false,"hide_thumbnail":false,"discount":"","override_variations":false,"allowed_variations":[],"override_default_variation_attributes":false,"default_variation_attributes":[],"single_product_visibility":"visible","cart_visibility":"visible","order_visibility":"visible","single_product_price_visibility":"visible","cart_price_visibility":"visible","order_price_visibility":"visible","stock_status":"in_stock"},{"bundled_item_id":103,"product_id":18072,"menu_order":3,"quantity_min":0,"quantity_max":5,"quantity_default":0,"priced_individually":true,"shipped_individually":false,"override_title":false,"title":"Pointes de notes en or","override_description":false,"description":"","optional":false,"hide_thumbnail":true,"discount":"","override_variations":false,"allowed_variations":[],"override_default_variation_attributes":false,"default_variation_attributes":[],"single_product_visibility":"visible","cart_visibility":"visible","order_visibility":"visible","single_product_price_visibility":"visible","cart_price_visibility":"visible","order_price_visibility":"visible","stock_status":"in_stock"},{"bundled_item_id":104,"product_id":18074,"menu_order":4,"quantity_min":0,"quantity_max":5,"quantity_default":0,"priced_individually":true,"shipped_individually":false,"override_title":false,"title":"Blocs de notes en or","override_description":false,"description":"","optional":false,"hide_thumbnail":true,"discount":"","override_variations":false,"allowed_variations":[],"override_default_variation_attributes":false,"default_variation_attributes":[],"single_product_visibility":"visible","cart_visibility":"visible","order_visibility":"visible","single_product_price_visibility":"visible","cart_price_visibility":"visible","order_price_visibility":"visible","stock_status":"in_stock"}],"bundle_sell_ids":[],"_links":{"self":[{"href":"https:\/\/studiokoncept.se\/fr\/wp-json\/wp\/v2\/product\/18062","targetHints":{"allow":["GET"]}}],"collection":[{"href":"https:\/\/studiokoncept.se\/fr\/wp-json\/wp\/v2\/product"}],"about":[{"href":"https:\/\/studiokoncept.se\/fr\/wp-json\/wp\/v2\/types\/product"}],"version-history":[{"count":0,"href":"https:\/\/studiokoncept.se\/fr\/wp-json\/wp\/v2\/product\/18062\/revisions"}],"wp:featuredmedia":[{"embeddable":true,"href":"https:\/\/studiokoncept.se\/fr\/wp-json\/wp\/v2\/media\/19424"}],"wp:attachment":[{"href":"https:\/\/studiokoncept.se\/fr\/wp-json\/wp\/v2\/media?parent=18062"}],"wp:term":[{"taxonomy":"product_brand","embeddable":true,"href":"https:\/\/studiokoncept.se\/fr\/wp-json\/wp\/v2\/product_brand?post=18062"},{"taxonomy":"product_cat","embeddable":true,"href":"https:\/\/studiokoncept.se\/fr\/wp-json\/wp\/v2\/product_cat?post=18062"},{"taxonomy":"product_tag","embeddable":true,"href":"https:\/\/studiokoncept.se\/fr\/wp-json\/wp\/v2\/product_tag?post=18062"}],"curies":[{"name":"wp","href":"https:\/\/api.w.org\/{rel}","templated":true}]}}