{"id":17801,"date":"2023-06-18T21:31:19","date_gmt":"2023-06-18T19:31:19","guid":{"rendered":"https:\/\/studiokoncept.se\/?post_type=product&#038;p=17801"},"modified":"2023-06-19T09:59:29","modified_gmt":"2023-06-19T07:59:29","slug":"lab-12-knack-ii","status":"publish","type":"product","link":"https:\/\/studiokoncept.se\/fr\/shop\/kablar\/natkablar\/ac-vaxelstrom\/lab-12-knack-ii\/","title":{"rendered":"Laboratoire 12 Knack II 20Amp\u00e8re"},"content":{"rendered":"<p>&nbsp;<\/p>\n<p>Le c\u00e2ble d'alimentation Knack mk2 20A fournit de l'\u00e9nergie avec une efficacit\u00e9 in\u00e9gal\u00e9e, ce qui en fait un facteur important dans un syst\u00e8me. Il peut \u00e9galement contrecarrer les bruits perturbateurs EMI et RFI. Ce produit est le r\u00e9sultat d'ann\u00e9es d'exp\u00e9rimentation avec des milliers de conducteurs, des variations dans leur mise en \u0153uvre et la fa\u00e7on dont la capacit\u00e9 et l'inductance sont affect\u00e9es.<\/p>\n<p>Le c\u00e2ble d'alimentation Knack a \u00e9t\u00e9 d\u00e9velopp\u00e9 en collaboration avec le c\u00e9l\u00e8bre conditionneur d'alimentation Gordian. Ces deux produits cr\u00e9ent une base naturelle et sont recommand\u00e9s comme partenaires pour tous les produits Lab12.<\/p>\n<p>En ce qui concerne les sp\u00e9cifications, le knack mk2 propose diff\u00e9rentes versions de connecteurs d'alimentation, notamment pour l'UE, les \u00c9tats-Unis, le Royaume-Uni et la Suisse. Il existe une version de prise IEC 16A ou 20A, et le c\u00e2ble comprend un blindage en cuivre tress\u00e9 ind\u00e9pendant pour les noyaux de phase et de neutre. Les connecteurs sont en cuivre rouge de haute qualit\u00e9 et sont plaqu\u00e9s or.<\/p>\n<p>Le c\u00e2ble a une capacit\u00e9 de 220-240Vac 16 Amp\u00e8res de courant continu. L'\u00e9paisseur totale du conducteur est de 3x6mm\u00b2 (10AWG). Sa r\u00e9sistance est de 3,40 mohm\/m, sa capacit\u00e9 interne de 150pF\/m et son inductance interne de 2,80 uH\/m. La longueur standard du c\u00e2ble est de 1,5 m\u00e8tre, mais des longueurs personnalis\u00e9es sont disponibles sur demande.<\/p>","protected":false},"excerpt":{"rendered":"<h4>20Amp\u00e8re C\u00e2ble d'alimentation adapt\u00e9, par exemple, au Lab 12 Gordian<\/h4>\n<p>Les Gordian n\u00e9cessitent un c\u00e2ble avec une prise 20A C-19 pour \u00eatre connect\u00e9s. Lab 12 knack mk2 est un c\u00e2ble d'alimentation principal CA de haute qualit\u00e9, con\u00e7u pour fournir une alimentation optimale au Lab 12 Gordian. Il joue un r\u00f4le crucial dans le maintien de la puret\u00e9 originale de la musique et contribue \u00e0 l'\u00e9quilibre g\u00e9n\u00e9ral de l'ensemble du syst\u00e8me sonore.<\/p>","protected":false},"featured_media":17827,"template":"","meta":[],"product_brand":[],"product_cat":[631],"product_tag":[],"class_list":{"0":"post-17801","1":"product","2":"type-product","3":"status-publish","4":"has-post-thumbnail","6":"product_cat-ac-vaxelstrom","8":"first","9":"instock","10":"taxable","11":"shipping-taxable","12":"purchasable","13":"product-type-variable","14":"has-default-attributes"},"bundled_by":[],"bundle_stock_status":"instock","bundle_stock_quantity":null,"bundle_virtual":false,"bundle_layout":"","bundle_add_to_cart_form_location":"","bundle_editable_in_cart":false,"bundle_sold_individually_context":"","bundle_item_grouping":"","bundle_min_size":"","bundle_max_size":"","bundle_price":[],"bundled_items":[],"bundle_sell_ids":[],"_links":{"self":[{"href":"https:\/\/studiokoncept.se\/fr\/wp-json\/wp\/v2\/product\/17801","targetHints":{"allow":["GET"]}}],"collection":[{"href":"https:\/\/studiokoncept.se\/fr\/wp-json\/wp\/v2\/product"}],"about":[{"href":"https:\/\/studiokoncept.se\/fr\/wp-json\/wp\/v2\/types\/product"}],"version-history":[{"count":0,"href":"https:\/\/studiokoncept.se\/fr\/wp-json\/wp\/v2\/product\/17801\/revisions"}],"wp:featuredmedia":[{"embeddable":true,"href":"https:\/\/studiokoncept.se\/fr\/wp-json\/wp\/v2\/media\/17827"}],"wp:attachment":[{"href":"https:\/\/studiokoncept.se\/fr\/wp-json\/wp\/v2\/media?parent=17801"}],"wp:term":[{"taxonomy":"product_brand","embeddable":true,"href":"https:\/\/studiokoncept.se\/fr\/wp-json\/wp\/v2\/product_brand?post=17801"},{"taxonomy":"product_cat","embeddable":true,"href":"https:\/\/studiokoncept.se\/fr\/wp-json\/wp\/v2\/product_cat?post=17801"},{"taxonomy":"product_tag","embeddable":true,"href":"https:\/\/studiokoncept.se\/fr\/wp-json\/wp\/v2\/product_tag?post=17801"}],"curies":[{"name":"wp","href":"https:\/\/api.w.org\/{rel}","templated":true}]}}