{"id":15704,"date":"2023-03-29T09:18:37","date_gmt":"2023-03-29T07:18:37","guid":{"rendered":"https:\/\/studiokoncept.se\/?post_type=product&#038;p=15704"},"modified":"2025-01-26T09:34:55","modified_gmt":"2025-01-26T08:34:55","slug":"gold-note-ph-5","status":"publish","type":"product","link":"https:\/\/studiokoncept.se\/fr\/produkt\/gold-note-ph-5\/","title":{"rendered":"Gold Note PH-5"},"content":{"rendered":"<p>L'\u00e9tage phono Gold Note PH-5 est une option de qualit\u00e9 et abordable pour les amateurs de musique. Il reprend les caract\u00e9ristiques des mod\u00e8les les plus populaires de Gold Note <a href=\"https:\/\/studiokoncept.se\/fr\/shop\/vinyl\/riaa\/gold-note-ph-10-phono-forsteg\/\" target=\"_blank\" rel=\"noopener\">PH-10<\/a> et <a href=\"https:\/\/studiokoncept.se\/fr\/shop\/vinyl\/riaa\/gold-note-ph-1000-phono-forsteg\/\" target=\"_blank\" rel=\"noopener\">PH-1000<\/a>Par exemple, la s\u00e9lection de la courbe d'\u00e9galisation, les r\u00e9glages LOAD et GAIN et la possibilit\u00e9 de connecter des micros MM et MC. Le PH-5 se distingue par son interface \u00e0 \u00e9cran tactile qui vous permet de g\u00e9rer facilement les param\u00e8tres tout en \u00e9coutant la musique. L'\u00e9tage phono dispose \u00e9galement d'un chemin analogique avec des composants discrets et des commutateurs uniques, garantissant une qualit\u00e9 sonore \u00e9lev\u00e9e et une intervention minimale. Chaque disque vinyle peut se voir attribuer sa propre courbe d'\u00e9galisation, avec la possibilit\u00e9 de l'am\u00e9liorer pour une meilleure r\u00e9ponse en fr\u00e9quence. Gold Note propose \u00e9galement une mise \u00e0 niveau naturelle de l'alimentation externe, <a href=\"https:\/\/studiokoncept.se\/fr\/shop\/elektronik\/separat-natdel\/gold-note-psu-5\/\" target=\"_blank\" rel=\"noopener\">PSU-5<\/a>L'appareil est \u00e9quip\u00e9 d'un syst\u00e8me de contr\u00f4le de la qualit\u00e9, sp\u00e9cialement con\u00e7u pour le PH-5, qui am\u00e9liore encore ses performances.<\/p>","protected":false},"excerpt":{"rendered":"<p>L'amplificateur phono Gold Notes PH-5 est une option \u00e9conomique pour les micros MM et MC. Avec des options de courbes d'\u00e9galisation incluant RIAA, Decca London et American Columbia, ainsi que des r\u00e9glages LOAD et GAIN, il est id\u00e9al pour tout syst\u00e8me analogique.<br \/>\nCe produit est dot\u00e9 d'un \u00e9cran tactile qui permet de modifier les r\u00e9glages pendant la lecture de la musique. Chaque courbe d'\u00e9galisation peut \u00eatre \"am\u00e9lior\u00e9e\" pour \u00e9tendre la r\u00e9ponse en fr\u00e9quence. Les composants discrets de qualit\u00e9 audio du PH-5 se trouvent sur le trajet du signal. L'alimentation externe d\u00e9di\u00e9e du PH-5, <a href=\"https:\/\/studiokoncept.se\/fr\/shop\/elektronik\/separat-natdel\/gold-note-psu-5\/\" target=\"_blank\" rel=\"noopener\">PSU-5<\/a>Le syst\u00e8me d'enregistrement de la musique est un syst\u00e8me d'enregistrement de la musique, ce qui le rend encore meilleur et lui conf\u00e8re un plus grand r\u00e9alisme musical.<\/p>","protected":false},"featured_media":19442,"template":"","meta":[],"product_brand":[],"product_cat":[162],"product_tag":[803],"class_list":{"0":"post-15704","1":"product","2":"type-product","3":"status-publish","4":"has-post-thumbnail","6":"product_cat-riaa","7":"product_tag-gold-note-ph-5","8":"product_shipping_class-standard","10":"first","11":"instock","12":"taxable","13":"shipping-taxable","14":"purchasable","15":"product-type-simple"},"bundled_by":[],"bundle_stock_status":"instock","bundle_stock_quantity":null,"bundle_virtual":false,"bundle_layout":"","bundle_add_to_cart_form_location":"","bundle_editable_in_cart":false,"bundle_sold_individually_context":"","bundle_item_grouping":"","bundle_min_size":"","bundle_max_size":"","bundle_price":[],"bundled_items":[],"bundle_sell_ids":[],"_links":{"self":[{"href":"https:\/\/studiokoncept.se\/fr\/wp-json\/wp\/v2\/product\/15704","targetHints":{"allow":["GET"]}}],"collection":[{"href":"https:\/\/studiokoncept.se\/fr\/wp-json\/wp\/v2\/product"}],"about":[{"href":"https:\/\/studiokoncept.se\/fr\/wp-json\/wp\/v2\/types\/product"}],"version-history":[{"count":0,"href":"https:\/\/studiokoncept.se\/fr\/wp-json\/wp\/v2\/product\/15704\/revisions"}],"wp:featuredmedia":[{"embeddable":true,"href":"https:\/\/studiokoncept.se\/fr\/wp-json\/wp\/v2\/media\/19442"}],"wp:attachment":[{"href":"https:\/\/studiokoncept.se\/fr\/wp-json\/wp\/v2\/media?parent=15704"}],"wp:term":[{"taxonomy":"product_brand","embeddable":true,"href":"https:\/\/studiokoncept.se\/fr\/wp-json\/wp\/v2\/product_brand?post=15704"},{"taxonomy":"product_cat","embeddable":true,"href":"https:\/\/studiokoncept.se\/fr\/wp-json\/wp\/v2\/product_cat?post=15704"},{"taxonomy":"product_tag","embeddable":true,"href":"https:\/\/studiokoncept.se\/fr\/wp-json\/wp\/v2\/product_tag?post=15704"}],"curies":[{"name":"wp","href":"https:\/\/api.w.org\/{rel}","templated":true}]}}