{"id":15697,"date":"2023-03-27T19:13:47","date_gmt":"2023-03-27T17:13:47","guid":{"rendered":"https:\/\/studiokoncept.se\/?post_type=product&#038;p=15697"},"modified":"2023-09-14T09:38:06","modified_gmt":"2023-09-14T07:38:06","slug":"ifi-audio-lan-isilencer","status":"publish","type":"product","link":"https:\/\/studiokoncept.se\/fr\/shop\/kablar\/digitala-kablar\/natverkskablar\/ifi-audio-lan-isilencer\/","title":{"rendered":"Ifi Audio LAN-iSilencer"},"content":{"rendered":"<p>Le LAN iSilencer d'Ifi Audio est un dispositif qui vise \u00e0 am\u00e9liorer la qualit\u00e9 du son pour les utilisateurs qui diffusent de la musique via un r\u00e9seau local (LAN). L'interface LAN a un \"bruit\" inh\u00e9rent qui peut interf\u00e9rer avec les signaux audio. Le LAN iSilencer est con\u00e7u pour \u00e9liminer ce bruit \u00e9lectrique et lib\u00e9rer le potentiel acoustique de l'\u00e9quipement connect\u00e9.<\/p>\n<p>Voici quelques-unes des principales caract\u00e9ristiques et avantages du LAN iSilencer :<\/p>\n<p>1. technologie d'isolation galvanique : cette technologie s\u00e9pare les circuits \u00e9lectriques pour \u00e9liminer les courants vagabonds. Cela permet de r\u00e9duire les interf\u00e9rences du syst\u00e8me et d'am\u00e9liorer la transmission des signaux.<\/p>\n<p>2. prise en charge de Gigabit Ethernet : le LAN iSilencer prend en charge Gigabit Ethernet. Cela signifie qu'il peut traiter des donn\u00e9es audio haute r\u00e9solution sans perdre la qualit\u00e9 de l'audio.<\/p>\n<p>3. r\u00e9duction de la gigue : la gigue est une forme de distorsion num\u00e9rique qui entra\u00eene des erreurs de synchronisation et peut se traduire par un son froid et dur. Le LAN iSilencer r\u00e9duit la gigue globale du syst\u00e8me, ce qui peut am\u00e9liorer la qualit\u00e9 du son.<\/p>\n<p>4. r\u00e9\u00e9quilibrage du signal : le LAN iSilencer r\u00e9\u00e9quilibre le signal gr\u00e2ce \u00e0 la technologie REbalance d'iFi. Cela garantit que le signal num\u00e9rique re\u00e7u par le streamer est identique \u00e0 la source originale.<\/p>\n<p>5. facile \u00e0 connecter : le LAN iSilencer peut \u00eatre connect\u00e9 \u00e0 un routeur, \u00e0 un commutateur r\u00e9seau ou \u00e0 une prise murale Ethernet. Aucune source d'alimentation n'est n\u00e9cessaire, ce qui facilite son installation et son utilisation.<\/p>\n<p>6) Une autre caract\u00e9ristique cl\u00e9 de la conception mentionn\u00e9e est la pr\u00e9sence d'un \"tampon de m\u00e9moire \u00e0 gigue nulle\" et d'\"entr\u00e9es isol\u00e9es galvaniquement\".<\/p>\n<p>Il est important de noter que l'effet du LAN iSilencer sur la qualit\u00e9 du son varie. L'effet d\u00e9pend certainement du degr\u00e9 de \"salet\u00e9\" du signal LAN au d\u00e9part, c'est-\u00e0-dire de l'utilisation que le LAN iSilencer peut faire. Et probablement aussi de la sensibilit\u00e9 de l'\u00e9quipement hifi.<\/p>\n<p>T<\/p>","protected":false},"excerpt":{"rendered":"<h3>Id\u00e9al pour ceux qui utilisent un c\u00e2ble LAN<\/h3>\n<p>Il \u00e9limine le bruit \u00e9lectrique du r\u00e9seau et r\u00e9duit le bruit de fond et les interf\u00e9rences.<br \/>\nUtilis\u00e9 pour votre routeur, commutateur ou directement dans la prise murale pour Ethernet.<\/p>\n<p>Son utilit\u00e9 d\u00e9pend certainement du degr\u00e9 de \"salet\u00e9\" de votre propre signal Ethernet d\u00e8s le d\u00e9part. De m\u00eame, elle peut varier d'un syst\u00e8me \u00e0 l'autre, c'est-\u00e0-dire de sa sensibilit\u00e9.<\/p>","protected":false},"featured_media":15698,"template":"","meta":[],"product_brand":[],"product_cat":[494,237],"product_tag":[],"class_list":{"0":"post-15697","1":"product","2":"type-product","3":"status-publish","4":"has-post-thumbnail","6":"product_cat-natverkskablar","7":"product_cat-signalrening","8":"product_shipping_class-standard","10":"first","11":"instock","12":"taxable","13":"shipping-taxable","14":"purchasable","15":"product-type-simple"},"bundled_by":[],"bundle_stock_status":"instock","bundle_stock_quantity":null,"bundle_virtual":false,"bundle_layout":"","bundle_add_to_cart_form_location":"","bundle_editable_in_cart":false,"bundle_sold_individually_context":"","bundle_item_grouping":"","bundle_min_size":"","bundle_max_size":"","bundle_price":[],"bundled_items":[],"bundle_sell_ids":[],"_links":{"self":[{"href":"https:\/\/studiokoncept.se\/fr\/wp-json\/wp\/v2\/product\/15697","targetHints":{"allow":["GET"]}}],"collection":[{"href":"https:\/\/studiokoncept.se\/fr\/wp-json\/wp\/v2\/product"}],"about":[{"href":"https:\/\/studiokoncept.se\/fr\/wp-json\/wp\/v2\/types\/product"}],"version-history":[{"count":0,"href":"https:\/\/studiokoncept.se\/fr\/wp-json\/wp\/v2\/product\/15697\/revisions"}],"wp:featuredmedia":[{"embeddable":true,"href":"https:\/\/studiokoncept.se\/fr\/wp-json\/wp\/v2\/media\/15698"}],"wp:attachment":[{"href":"https:\/\/studiokoncept.se\/fr\/wp-json\/wp\/v2\/media?parent=15697"}],"wp:term":[{"taxonomy":"product_brand","embeddable":true,"href":"https:\/\/studiokoncept.se\/fr\/wp-json\/wp\/v2\/product_brand?post=15697"},{"taxonomy":"product_cat","embeddable":true,"href":"https:\/\/studiokoncept.se\/fr\/wp-json\/wp\/v2\/product_cat?post=15697"},{"taxonomy":"product_tag","embeddable":true,"href":"https:\/\/studiokoncept.se\/fr\/wp-json\/wp\/v2\/product_tag?post=15697"}],"curies":[{"name":"wp","href":"https:\/\/api.w.org\/{rel}","templated":true}]}}