{"id":15542,"date":"2023-03-07T19:52:23","date_gmt":"2023-03-07T18:52:23","guid":{"rendered":"https:\/\/studiokoncept.se\/?post_type=product&#038;p=15542"},"modified":"2026-04-25T14:15:54","modified_gmt":"2026-04-25T12:15:54","slug":"final-touch-audio-themisto-bnc-digitalkabel","status":"publish","type":"product","link":"https:\/\/studiokoncept.se\/fr\/shop\/kablar\/digitala-kablar\/bnc-digitalkablar\/final-touch-audio-themisto-bnc-digitalkabel\/","title":{"rendered":"Final Touch Audio Themisto C\u00e2ble num\u00e9rique BNC"},"content":{"rendered":"<h3><\/h3>","protected":false},"excerpt":{"rendered":"<h3>C\u00e2ble num\u00e9rique BNC de Final Touch Audio<\/h3>\n<p>Final Touch Audio fabrique ses c\u00e2bles num\u00e9riques dans une s\u00e9rie qu'ils appellent themisto. Ici avec des connecteurs BNC.<\/p>\n<p>Il a l'\u00e9trange capacit\u00e9 de donner vie aux enregistrements num\u00e9riques d'une mani\u00e8re qui me rappelle la qualit\u00e9 d'un magn\u00e9tophone \u00e0 bobines.<\/p>\n<p>Le c\u00e2ble a besoin d'au moins 100 heures d'enregistrement. Au cours de ces 100 heures, il se d\u00e9t\u00e9riorera parfois avant d'\u00eatre termin\u00e9. Il faut donc \u00eatre patient.<\/p>","protected":false},"featured_media":21262,"template":"","meta":[],"product_brand":[],"product_cat":[633],"product_tag":[847],"class_list":{"0":"post-15542","1":"product","2":"type-product","3":"status-publish","4":"has-post-thumbnail","6":"product_cat-bnc-digitalkablar","7":"product_tag-final-touch-audio-themisto-bnc","8":"product_shipping_class-standard","10":"first","11":"instock","12":"taxable","13":"shipping-taxable","14":"purchasable","15":"product-type-variable","16":"has-default-attributes"},"bundled_by":[],"bundle_stock_status":"instock","bundle_stock_quantity":null,"bundle_virtual":false,"bundle_layout":"","bundle_add_to_cart_form_location":"","bundle_editable_in_cart":false,"bundle_sold_individually_context":"","bundle_item_grouping":"","bundle_min_size":"","bundle_max_size":"","bundle_price":[],"bundled_items":[],"bundle_sell_ids":[],"_links":{"self":[{"href":"https:\/\/studiokoncept.se\/fr\/wp-json\/wp\/v2\/product\/15542","targetHints":{"allow":["GET"]}}],"collection":[{"href":"https:\/\/studiokoncept.se\/fr\/wp-json\/wp\/v2\/product"}],"about":[{"href":"https:\/\/studiokoncept.se\/fr\/wp-json\/wp\/v2\/types\/product"}],"version-history":[{"count":0,"href":"https:\/\/studiokoncept.se\/fr\/wp-json\/wp\/v2\/product\/15542\/revisions"}],"wp:featuredmedia":[{"embeddable":true,"href":"https:\/\/studiokoncept.se\/fr\/wp-json\/wp\/v2\/media\/21262"}],"wp:attachment":[{"href":"https:\/\/studiokoncept.se\/fr\/wp-json\/wp\/v2\/media?parent=15542"}],"wp:term":[{"taxonomy":"product_brand","embeddable":true,"href":"https:\/\/studiokoncept.se\/fr\/wp-json\/wp\/v2\/product_brand?post=15542"},{"taxonomy":"product_cat","embeddable":true,"href":"https:\/\/studiokoncept.se\/fr\/wp-json\/wp\/v2\/product_cat?post=15542"},{"taxonomy":"product_tag","embeddable":true,"href":"https:\/\/studiokoncept.se\/fr\/wp-json\/wp\/v2\/product_tag?post=15542"}],"curies":[{"name":"wp","href":"https:\/\/api.w.org\/{rel}","templated":true}]}}