{"id":15530,"date":"2023-03-07T12:48:19","date_gmt":"2023-03-07T11:48:19","guid":{"rendered":"https:\/\/studiokoncept.se\/?post_type=product&#038;p=15530"},"modified":"2026-04-28T21:03:45","modified_gmt":"2026-04-28T19:03:45","slug":"final-touch-audio-sinope-usb","status":"publish","type":"product","link":"https:\/\/studiokoncept.se\/fr\/produkt\/final-touch-audio-sinope-usb\/","title":{"rendered":"Final Touch Audio Sinope USB"},"content":{"rendered":"<p>Le Final Touch Audio Callisto ne ressemble \u00e0 aucun autre c\u00e2ble USB que j'ai entendu jusqu'\u00e0 pr\u00e9sent. Non seulement il combine des aspects qui ne vont g\u00e9n\u00e9ralement pas ensemble, tels qu'une tr\u00e8s grande pr\u00e9cision et une \u00e9norme transparence avec une performance fluide et naturelle et un \u00e9norme paysage sonore qui vous enveloppe compl\u00e8tement, mais il a \u00e9galement une performance extr\u00eamement engageante et lyrique qui donne vraiment vie \u00e0 la musique.<\/p>\n<p>La plus grande solidit\u00e9 fait que le paysage sonore semble plus profond qu'avec le Callisto. En outre, j'ai la nette impression que les informations de phase sont transmises avec plus de pr\u00e9cision, en raison de la localisation plus claire des sons spatiaux et des effets de phase qui apparaissent derri\u00e8re l'auditeur. Cela renforce le rythme de la musique, et donc la sensation d'\u00e9couter de la musique en direct.<\/p>\n<p>Un domaine o\u00f9 l'on peut se sentir divis\u00e9 entre le Callisto et le Sinope est celui de la fluidit\u00e9 et de l'\u00e9coulement. Alors que le Callisto a une performance extr\u00eamement a\u00e9r\u00e9e, raffin\u00e9e et douce qui rappelle le c\u00e2ble XLR Ganymede de la soci\u00e9t\u00e9, le Sinope, beaucoup plus pr\u00e9sent et vibrant, s'\u00e9carte clairement de cette pr\u00e9sentation. Parce qu'il est beaucoup plus \u00e9nergique et direct que le Callisto, on pourrait \u00e9galement dire qu'il est moins doux et moins d\u00e9tendu. Mais honn\u00eatement, je suis convaincu que Sinope est le meilleur c\u00e2ble, non seulement sur le plan technique, mais aussi sur le plan musical. Comme le Callisto, il me donne envie de monter le volume, mais plus encore que le Callisto, il me fait taper du pied.<\/p>\n<p>R\u00e9sum\u00e9 :<\/p>\n<p>Final Touch Audio Callisto et Sinope sont deux c\u00e2bles USB aux caract\u00e9ristiques distinctes. Callisto se distingue par sa grande pr\u00e9cision, sa transparence et ses performances fluides et naturelles. Il cr\u00e9e un vaste paysage sonore et offre une pr\u00e9sentation attrayante et lyrique. Sinope, quant \u00e0 lui, offre un paysage sonore plus profond et des informations de phase plus pr\u00e9cises, ce qui renforce le rythme de la musique et la sensation d'\u00e9couter de la musique en direct. Mais Sinope se distingue \u00e9galement par sa nature plus \u00e9nergique et directe, qui peut \u00eatre per\u00e7ue comme moins douce et d\u00e9tendue que Callisto. Malgr\u00e9 cela, l'impression g\u00e9n\u00e9rale est que Sinope est le c\u00e2ble sup\u00e9rieur, \u00e0 la fois techniquement et musicalement, car il favorise le dynamisme et l'engagement de l'auditeur.<\/p>","protected":false},"excerpt":{"rendered":"<h3>Le meilleur mod\u00e8le de c\u00e2bles USB de Final Touch Audio<\/h3>\n<p>Sinope est le mod\u00e8le haut de gamme des c\u00e2bles USB de Final Touch Audio et certainement l'un des meilleurs disponibles sur le march\u00e9 aujourd'hui. Ici, toute la musique, tous les registres et toutes les expressions se d\u00e9roulent dans un flux merveilleux avec une r\u00e9solution \u00e0 la fois dans le temps et dans l'espace.<br \/>\nVeuillez nous contacter si vous souhaitez un c\u00e2ble sans alimentation 5V.<\/p>\n<p><strong>\t\t\t<link rel=\"stylesheet\" id=\"elementor-post-17876-css\" href=\"https:\/\/studiokoncept.se\/wp-content\/uploads\/elementor\/css\/post-17876.css?ver=1778514652\" type=\"text\/css\" media=\"all\">\n<div data-elementor-type=\"wp-post\" data-elementor-id=\"17876\" class=\"elementor elementor-17876\" data-elementor-post-type=\"cms_block\">\n<section class=\"wd-negative-gap elementor-section elementor-top-section elementor-element elementor-element-a3c1ea9 elementor-section-boxed elementor-section-height-default elementor-section-height-default\" data-id=\"a3c1ea9\" data-element_type=\"section\" data-e-type=\"section\">\n<div class=\"elementor-container elementor-column-gap-default\">\n<div class=\"elementor-column elementor-col-100 elementor-top-column elementor-element elementor-element-3453722\" data-id=\"3453722\" data-element_type=\"column\" data-e-type=\"column\">\n<div class=\"elementor-widget-wrap elementor-element-populated\">\n<div class=\"elementor-element elementor-element-e3aa083 elementor-widget elementor-widget-wd_popup\" data-id=\"e3aa083\" data-element_type=\"widget\" data-e-type=\"widget\" data-widget_type=\"wd_popup.default\">\n<div class=\"elementor-widget-container\">\n<div class=\"wd-button-wrapper text-center\" >\n\t\t\t<a class=\"btn btn-style-3d btn-shape-semi-round btn-size-default wd-open-popup btn-color-custom btn-icon-pos-right\"  href=\"#popup-648aa778c66a6\"><br \/>\n\t\t\t\t<span class=\"wd-btn-text\" data-elementor-setting-key=\"text\"><br \/>\n\t\t\t\t\tCallisto - Sinope\t\t\t\t<\/span><\/p>\n<p>\t\t\t\t\t\t\t<\/a>\n\t\t<\/div>\n<div id=\"popup-648aa778c66a6\" class=\"mfp-hide wd-popup wd-popup-element wd-scroll-content wd-entry-content\" style=\"--wd-popup-width:500px;\">\n<h4 style=\"text-align: center;\"><span style=\"color: #9b8100;\">Comparaison entre Callisto et Sinope.\u00a0<\/span><\/h4>\n<p>Final Touch Audio Callisto et Sinope sont deux c\u00e2bles USB aux caract\u00e9ristiques distinctes.<\/p>\n<p><strong style=\" color:rgb(155,129,67);\">Callisto<\/strong> se caract\u00e9rise par sa grande pr\u00e9cision, sa transparence et ses performances fluides et naturelles. Il cr\u00e9e un vaste paysage sonore et offre une pr\u00e9sentation attrayante et lyrique.<\/p>\n<p><strong style=\" color:rgb(155,129,67);\">Sinope<\/strong>Sinope, en revanche, offre un paysage sonore plus profond et des informations de phase plus pr\u00e9cises, ce qui am\u00e9liore le rythme de la musique et la sensation d'\u00e9couter de la musique en direct. Mais Sinope se distingue \u00e9galement par sa nature plus \u00e9nergique et directe, qui peut \u00eatre per\u00e7ue comme moins douce et d\u00e9tendue que Callisto.<\/p>\n<p>Malgr\u00e9 cela, l'impression g\u00e9n\u00e9rale est que Sinope est le c\u00e2ble sup\u00e9rieur, \u00e0 la fois techniquement et musicalement, car il favorise une plus grande dynamique et un plus grand engagement de la part de l'auditeur.<\/p>\n<\/p><\/div>\n<\/p><\/div>\n<\/p><\/div>\n<\/p><\/div>\n<\/p><\/div>\n<\/p><\/div>\n<\/section><\/div>\n<p>\t\t<\/strong><\/p>\n<p><strong>Prix par pi\u00e8ce<\/strong><\/p>","protected":false},"featured_media":15536,"template":"","meta":[],"product_brand":[],"product_cat":[172],"product_tag":[848],"class_list":{"0":"post-15530","1":"product","2":"type-product","3":"status-publish","4":"has-post-thumbnail","6":"product_cat-usb-kablar","7":"product_tag-final-touch-audio-sinope-usb","8":"product_shipping_class-standard","10":"first","11":"instock","12":"taxable","13":"shipping-taxable","14":"purchasable","15":"product-type-variable","16":"has-default-attributes"},"bundled_by":[],"bundle_stock_status":"instock","bundle_stock_quantity":null,"bundle_virtual":false,"bundle_layout":"","bundle_add_to_cart_form_location":"","bundle_editable_in_cart":false,"bundle_sold_individually_context":"","bundle_item_grouping":"","bundle_min_size":"","bundle_max_size":"","bundle_price":[],"bundled_items":[],"bundle_sell_ids":[],"_links":{"self":[{"href":"https:\/\/studiokoncept.se\/fr\/wp-json\/wp\/v2\/product\/15530","targetHints":{"allow":["GET"]}}],"collection":[{"href":"https:\/\/studiokoncept.se\/fr\/wp-json\/wp\/v2\/product"}],"about":[{"href":"https:\/\/studiokoncept.se\/fr\/wp-json\/wp\/v2\/types\/product"}],"version-history":[{"count":0,"href":"https:\/\/studiokoncept.se\/fr\/wp-json\/wp\/v2\/product\/15530\/revisions"}],"wp:featuredmedia":[{"embeddable":true,"href":"https:\/\/studiokoncept.se\/fr\/wp-json\/wp\/v2\/media\/15536"}],"wp:attachment":[{"href":"https:\/\/studiokoncept.se\/fr\/wp-json\/wp\/v2\/media?parent=15530"}],"wp:term":[{"taxonomy":"product_brand","embeddable":true,"href":"https:\/\/studiokoncept.se\/fr\/wp-json\/wp\/v2\/product_brand?post=15530"},{"taxonomy":"product_cat","embeddable":true,"href":"https:\/\/studiokoncept.se\/fr\/wp-json\/wp\/v2\/product_cat?post=15530"},{"taxonomy":"product_tag","embeddable":true,"href":"https:\/\/studiokoncept.se\/fr\/wp-json\/wp\/v2\/product_tag?post=15530"}],"curies":[{"name":"wp","href":"https:\/\/api.w.org\/{rel}","templated":true}]}}